{"id":964,"date":"2022-09-30T12:54:51","date_gmt":"2022-09-30T12:54:51","guid":{"rendered":"https:\/\/mestarkozmetika.com\/?post_type=product&#038;p=964"},"modified":"2025-12-02T11:49:11","modified_gmt":"2025-12-02T10:49:11","slug":"rucno-raden-sapun-s-karite-maslacem","status":"publish","type":"product","link":"https:\/\/mestarkozmetika.com\/en\/product\/rucno-raden-sapun-s-karite-maslacem\/","title":{"rendered":"PRIRODNI RU\u010cNO RA\u0110ENI SAPUN S KARITE MASLACEM DI\u0160PET 110G"},"content":{"rendered":"<p>Prirodni ru\u010dno izra\u0111en sapun s karite maslacem Di\u0161pet sastoji se od visoko kvalitetnih hladno pre\u0161anih ulja maslinovog, kokosovog, odr\u017eivog palminog ulja, ricinusovog te shea maslac. Sapun je izra\u0111en hladnim postupkom, vrlo je nje\u017ean za ko\u017eu, daje bogatu kremastu pjenu. Ostavlja ko\u017eu vrlo hidratiziranom i glatkom. Zbog rashla\u0111uju\u0107eg efekt eteri\u010dnog ulja paprene mente, ovaj sapun je savr\u0161en izbor u ljetnim vru\u0107inama.<\/p>","protected":false},"excerpt":{"rendered":"<p>Prirodni ru\u010dno izra\u0111en sapun s karite maslacem Di\u0161pet sastoji se od visoko kvalitetnih hladno pre\u0161anih ulja maslinovog, kokosovog, odr\u017eivog palminog ulja, ricinusovog te shea maslac.<\/p>","protected":false},"featured_media":2879,"template":"","meta":[],"product_brand":[],"product_cat":[36],"product_tag":[39,37,32],"class_list":{"0":"post-964","1":"product","2":"type-product","3":"status-publish","4":"has-post-thumbnail","6":"product_cat-sapun-za-tijelo","7":"product_tag-dispet","8":"product_tag-njega-tijela","9":"product_tag-sapun","11":"first","12":"instock","13":"shipping-taxable","14":"purchasable","15":"product-type-simple"},"yoast_head":"<!-- This site is optimized with the Yoast SEO plugin v25.3 - https:\/\/yoast.com\/wordpress\/plugins\/seo\/ -->\n<title>PRIRODNI RU\u010cNO RA\u0110ENI SAPUN S KARITE MASLACEM DI\u0160PET 110G -<\/title>\n<meta name=\"description\" content=\"Prirodni ru\u010dno izra\u0111en sapun s karite maslacem. Savrsena mjesavina maslinovog, kokosovog, odr\u017eivog palminog i ricinusovog ulja te shea maslaca.\" \/>\n<meta name=\"robots\" content=\"index, follow, max-snippet:-1, max-image-preview:large, max-video-preview:-1\" \/>\n<link rel=\"canonical\" href=\"https:\/\/mestarkozmetika.com\/en\/product\/rucno-raden-sapun-s-karite-maslacem\/\" \/>\n<meta property=\"og:locale\" content=\"en_US\" \/>\n<meta property=\"og:type\" content=\"article\" \/>\n<meta property=\"og:title\" content=\"PRIRODNI RU\u010cNO RA\u0110ENI SAPUN S KARITE MASLACEM DI\u0160PET 110G -\" \/>\n<meta property=\"og:description\" content=\"Prirodni ru\u010dno izra\u0111en sapun s karite maslacem. Savrsena mjesavina maslinovog, kokosovog, odr\u017eivog palminog i ricinusovog ulja te shea maslaca.\" \/>\n<meta property=\"og:url\" content=\"https:\/\/mestarkozmetika.com\/en\/product\/rucno-raden-sapun-s-karite-maslacem\/\" \/>\n<meta property=\"og:site_name\" content=\"Me\u0161tar prirodna kozmetika\" \/>\n<meta property=\"article:modified_time\" content=\"2025-12-02T10:49:11+00:00\" \/>\n<meta property=\"og:image\" content=\"https:\/\/mestarkozmetika.com\/wp-content\/uploads\/2022\/09\/MESTAR-Sapun-DISPET.png\" \/>\n\t<meta property=\"og:image:width\" content=\"600\" \/>\n\t<meta property=\"og:image:height\" content=\"600\" \/>\n\t<meta property=\"og:image:type\" content=\"image\/png\" \/>\n<meta name=\"twitter:card\" content=\"summary_large_image\" \/>\n<meta name=\"twitter:label1\" content=\"Est. reading time\" \/>\n\t<meta name=\"twitter:data1\" content=\"1 minute\" \/>\n<script type=\"application\/ld+json\" class=\"yoast-schema-graph\">{\"@context\":\"https:\/\/schema.org\",\"@graph\":[{\"@type\":\"WebPage\",\"@id\":\"https:\/\/mestarkozmetika.com\/product\/rucno-raden-sapun-s-karite-maslacem\/\",\"url\":\"https:\/\/mestarkozmetika.com\/product\/rucno-raden-sapun-s-karite-maslacem\/\",\"name\":\"PRIRODNI RU\u010cNO RA\u0110ENI SAPUN S KARITE MASLACEM DI\u0160PET 110G -\",\"isPartOf\":{\"@id\":\"https:\/\/mestarkozmetika.com\/#website\"},\"primaryImageOfPage\":{\"@id\":\"https:\/\/mestarkozmetika.com\/product\/rucno-raden-sapun-s-karite-maslacem\/#primaryimage\"},\"image\":{\"@id\":\"https:\/\/mestarkozmetika.com\/product\/rucno-raden-sapun-s-karite-maslacem\/#primaryimage\"},\"thumbnailUrl\":\"https:\/\/mestarkozmetika.com\/wp-content\/uploads\/2022\/09\/MESTAR-Sapun-DISPET.png\",\"datePublished\":\"2022-09-30T12:54:51+00:00\",\"dateModified\":\"2025-12-02T10:49:11+00:00\",\"description\":\"Prirodni ru\u010dno izra\u0111en sapun s karite maslacem. Savrsena mjesavina maslinovog, kokosovog, odr\u017eivog palminog i ricinusovog ulja te shea maslaca.\",\"breadcrumb\":{\"@id\":\"https:\/\/mestarkozmetika.com\/product\/rucno-raden-sapun-s-karite-maslacem\/#breadcrumb\"},\"inLanguage\":\"en-US\",\"potentialAction\":[{\"@type\":\"ReadAction\",\"target\":[\"https:\/\/mestarkozmetika.com\/product\/rucno-raden-sapun-s-karite-maslacem\/\"]}]},{\"@type\":\"ImageObject\",\"inLanguage\":\"en-US\",\"@id\":\"https:\/\/mestarkozmetika.com\/product\/rucno-raden-sapun-s-karite-maslacem\/#primaryimage\",\"url\":\"https:\/\/mestarkozmetika.com\/wp-content\/uploads\/2022\/09\/MESTAR-Sapun-DISPET.png\",\"contentUrl\":\"https:\/\/mestarkozmetika.com\/wp-content\/uploads\/2022\/09\/MESTAR-Sapun-DISPET.png\",\"width\":600,\"height\":600},{\"@type\":\"BreadcrumbList\",\"@id\":\"https:\/\/mestarkozmetika.com\/product\/rucno-raden-sapun-s-karite-maslacem\/#breadcrumb\",\"itemListElement\":[{\"@type\":\"ListItem\",\"position\":1,\"name\":\"Po\u010detna stranica\",\"item\":\"https:\/\/mestarkozmetika.com\/\"},{\"@type\":\"ListItem\",\"position\":2,\"name\":\"Proizvodi\",\"item\":\"https:\/\/mestarkozmetika.com\/shop\/\"},{\"@type\":\"ListItem\",\"position\":3,\"name\":\"PRIRODNI RU\u010cNO RA\u0110ENI SAPUN S KARITE MASLACEM DI\u0160PET 110G\"}]},{\"@type\":\"WebSite\",\"@id\":\"https:\/\/mestarkozmetika.com\/#website\",\"url\":\"https:\/\/mestarkozmetika.com\/\",\"name\":\"Me\u0161tar prirodna kozmetika\",\"description\":\"Linija proizvoda za mu\u0161karce koji \u017eele kvalitetnu njegu ko\u017ee i brade. Me\u0161tar prirodna kozmetika.\",\"publisher\":{\"@id\":\"https:\/\/mestarkozmetika.com\/#organization\"},\"alternateName\":\"priodna kozmetika me\u0161tar\",\"potentialAction\":[{\"@type\":\"SearchAction\",\"target\":{\"@type\":\"EntryPoint\",\"urlTemplate\":\"https:\/\/mestarkozmetika.com\/?s={search_term_string}\"},\"query-input\":{\"@type\":\"PropertyValueSpecification\",\"valueRequired\":true,\"valueName\":\"search_term_string\"}}],\"inLanguage\":\"en-US\"},{\"@type\":\"Organization\",\"@id\":\"https:\/\/mestarkozmetika.com\/#organization\",\"name\":\"Me\u0161tar prirodna kozmetika\",\"alternateName\":\"priodna kozmetika me\u0161tar\",\"url\":\"https:\/\/mestarkozmetika.com\/\",\"logo\":{\"@type\":\"ImageObject\",\"inLanguage\":\"en-US\",\"@id\":\"https:\/\/mestarkozmetika.com\/#\/schema\/logo\/image\/\",\"url\":\"https:\/\/mestarkozmetika.com\/wp-content\/uploads\/2022\/09\/mestar-logo-kompletan.png\",\"contentUrl\":\"https:\/\/mestarkozmetika.com\/wp-content\/uploads\/2022\/09\/mestar-logo-kompletan.png\",\"width\":1000,\"height\":546,\"caption\":\"Me\u0161tar prirodna kozmetika\"},\"image\":{\"@id\":\"https:\/\/mestarkozmetika.com\/#\/schema\/logo\/image\/\"}}]}<\/script>\n<!-- \/ Yoast SEO plugin. -->","yoast_head_json":{"title":"PRIRODNI RU\u010cNO RA\u0110ENI SAPUN S KARITE MASLACEM DI\u0160PET 110G -","description":"Prirodni ru\u010dno izra\u0111en sapun s karite maslacem. Savrsena mjesavina maslinovog, kokosovog, odr\u017eivog palminog i ricinusovog ulja te shea maslaca.","robots":{"index":"index","follow":"follow","max-snippet":"max-snippet:-1","max-image-preview":"max-image-preview:large","max-video-preview":"max-video-preview:-1"},"canonical":"https:\/\/mestarkozmetika.com\/en\/product\/rucno-raden-sapun-s-karite-maslacem\/","og_locale":"en_US","og_type":"article","og_title":"PRIRODNI RU\u010cNO RA\u0110ENI SAPUN S KARITE MASLACEM DI\u0160PET 110G -","og_description":"Prirodni ru\u010dno izra\u0111en sapun s karite maslacem. Savrsena mjesavina maslinovog, kokosovog, odr\u017eivog palminog i ricinusovog ulja te shea maslaca.","og_url":"https:\/\/mestarkozmetika.com\/en\/product\/rucno-raden-sapun-s-karite-maslacem\/","og_site_name":"Me\u0161tar prirodna kozmetika","article_modified_time":"2025-12-02T10:49:11+00:00","og_image":[{"width":600,"height":600,"url":"https:\/\/mestarkozmetika.com\/wp-content\/uploads\/2022\/09\/MESTAR-Sapun-DISPET.png","type":"image\/png"}],"twitter_card":"summary_large_image","twitter_misc":{"Est. reading time":"1 minute"},"schema":{"@context":"https:\/\/schema.org","@graph":[{"@type":"WebPage","@id":"https:\/\/mestarkozmetika.com\/product\/rucno-raden-sapun-s-karite-maslacem\/","url":"https:\/\/mestarkozmetika.com\/product\/rucno-raden-sapun-s-karite-maslacem\/","name":"PRIRODNI RU\u010cNO RA\u0110ENI SAPUN S KARITE MASLACEM DI\u0160PET 110G -","isPartOf":{"@id":"https:\/\/mestarkozmetika.com\/#website"},"primaryImageOfPage":{"@id":"https:\/\/mestarkozmetika.com\/product\/rucno-raden-sapun-s-karite-maslacem\/#primaryimage"},"image":{"@id":"https:\/\/mestarkozmetika.com\/product\/rucno-raden-sapun-s-karite-maslacem\/#primaryimage"},"thumbnailUrl":"https:\/\/mestarkozmetika.com\/wp-content\/uploads\/2022\/09\/MESTAR-Sapun-DISPET.png","datePublished":"2022-09-30T12:54:51+00:00","dateModified":"2025-12-02T10:49:11+00:00","description":"Prirodni ru\u010dno izra\u0111en sapun s karite maslacem. Savrsena mjesavina maslinovog, kokosovog, odr\u017eivog palminog i ricinusovog ulja te shea maslaca.","breadcrumb":{"@id":"https:\/\/mestarkozmetika.com\/product\/rucno-raden-sapun-s-karite-maslacem\/#breadcrumb"},"inLanguage":"en-US","potentialAction":[{"@type":"ReadAction","target":["https:\/\/mestarkozmetika.com\/product\/rucno-raden-sapun-s-karite-maslacem\/"]}]},{"@type":"ImageObject","inLanguage":"en-US","@id":"https:\/\/mestarkozmetika.com\/product\/rucno-raden-sapun-s-karite-maslacem\/#primaryimage","url":"https:\/\/mestarkozmetika.com\/wp-content\/uploads\/2022\/09\/MESTAR-Sapun-DISPET.png","contentUrl":"https:\/\/mestarkozmetika.com\/wp-content\/uploads\/2022\/09\/MESTAR-Sapun-DISPET.png","width":600,"height":600},{"@type":"BreadcrumbList","@id":"https:\/\/mestarkozmetika.com\/product\/rucno-raden-sapun-s-karite-maslacem\/#breadcrumb","itemListElement":[{"@type":"ListItem","position":1,"name":"Po\u010detna stranica","item":"https:\/\/mestarkozmetika.com\/"},{"@type":"ListItem","position":2,"name":"Proizvodi","item":"https:\/\/mestarkozmetika.com\/shop\/"},{"@type":"ListItem","position":3,"name":"PRIRODNI RU\u010cNO RA\u0110ENI SAPUN S KARITE MASLACEM DI\u0160PET 110G"}]},{"@type":"WebSite","@id":"https:\/\/mestarkozmetika.com\/#website","url":"https:\/\/mestarkozmetika.com\/","name":"Me\u0161tar prirodna kozmetika","description":"Linija proizvoda za mu\u0161karce koji \u017eele kvalitetnu njegu ko\u017ee i brade. Me\u0161tar prirodna kozmetika.","publisher":{"@id":"https:\/\/mestarkozmetika.com\/#organization"},"alternateName":"priodna kozmetika me\u0161tar","potentialAction":[{"@type":"SearchAction","target":{"@type":"EntryPoint","urlTemplate":"https:\/\/mestarkozmetika.com\/?s={search_term_string}"},"query-input":{"@type":"PropertyValueSpecification","valueRequired":true,"valueName":"search_term_string"}}],"inLanguage":"en-US"},{"@type":"Organization","@id":"https:\/\/mestarkozmetika.com\/#organization","name":"Me\u0161tar prirodna kozmetika","alternateName":"priodna kozmetika me\u0161tar","url":"https:\/\/mestarkozmetika.com\/","logo":{"@type":"ImageObject","inLanguage":"en-US","@id":"https:\/\/mestarkozmetika.com\/#\/schema\/logo\/image\/","url":"https:\/\/mestarkozmetika.com\/wp-content\/uploads\/2022\/09\/mestar-logo-kompletan.png","contentUrl":"https:\/\/mestarkozmetika.com\/wp-content\/uploads\/2022\/09\/mestar-logo-kompletan.png","width":1000,"height":546,"caption":"Me\u0161tar prirodna kozmetika"},"image":{"@id":"https:\/\/mestarkozmetika.com\/#\/schema\/logo\/image\/"}}]}},"_links":{"self":[{"href":"https:\/\/mestarkozmetika.com\/en\/wp-json\/wp\/v2\/product\/964","targetHints":{"allow":["GET"]}}],"collection":[{"href":"https:\/\/mestarkozmetika.com\/en\/wp-json\/wp\/v2\/product"}],"about":[{"href":"https:\/\/mestarkozmetika.com\/en\/wp-json\/wp\/v2\/types\/product"}],"wp:featuredmedia":[{"embeddable":true,"href":"https:\/\/mestarkozmetika.com\/en\/wp-json\/wp\/v2\/media\/2879"}],"wp:attachment":[{"href":"https:\/\/mestarkozmetika.com\/en\/wp-json\/wp\/v2\/media?parent=964"}],"wp:term":[{"taxonomy":"product_brand","embeddable":true,"href":"https:\/\/mestarkozmetika.com\/en\/wp-json\/wp\/v2\/product_brand?post=964"},{"taxonomy":"product_cat","embeddable":true,"href":"https:\/\/mestarkozmetika.com\/en\/wp-json\/wp\/v2\/product_cat?post=964"},{"taxonomy":"product_tag","embeddable":true,"href":"https:\/\/mestarkozmetika.com\/en\/wp-json\/wp\/v2\/product_tag?post=964"}],"curies":[{"name":"wp","href":"https:\/\/api.w.org\/{rel}","templated":true}]}}