{"id":3341,"date":"2024-11-08T15:21:44","date_gmt":"2024-11-08T14:21:44","guid":{"rendered":"https:\/\/mestarkozmetika.com\/?post_type=product&#038;p=3341"},"modified":"2025-12-02T11:47:34","modified_gmt":"2025-12-02T10:47:34","slug":"poklon-paket-balun","status":"publish","type":"product","link":"https:\/\/mestarkozmetika.com\/en\/product\/poklon-paket-balun\/","title":{"rendered":"POKLON PAKET BALUN"},"content":{"rendered":"<p>Poklon paket <strong>Balun<\/strong> je savr\u0161en izbor za svakog mu\u0161karca koji se \u017eeli osje\u0107ati svje\u017ee i njegovano tokom cijelog dana. Ovaj ekskluzivni set sadr\u017ei dva klju\u010dna proizvoda u svakodnevnoj rutini njege: <a href=\"https:\/\/mestarkozmetika.com\/en\/product\/deo-roll-on-za-muskarce-balun\/\">deo roll on<\/a> i <a href=\"https:\/\/mestarkozmetika.com\/en\/product\/gel-za-tusiranje-balun-250ml\/\">gel za tu\u0161iranje<\/a> s osvje\u017eavaju\u0107im mirisom. Oba proizvoda su pa\u017eljivo formulirana kako bi pru\u017eila optimalnu hidrataciju, dugotrajnu svje\u017einu i za\u0161titu od neugodnih mirisa. Sofisticiranog je mirisa inspiriranog dalmatinskim hrastovim \u0161umama i raslinjem. Pravi mu\u017eevan miris u kojem se ispreple\u0107u note citrusa, listova ljubi\u010dice, cvijeta magnolije i jasmina te drvenasto- zemljane note hrastove mahovine.<\/p>\n<p>Deo roll on u Balun poklon paketu pru\u017ea efikasnu za\u0161titu od znojenja tokom cijelog dana. Formuliran je sa posebno blagim, ali sna\u017enim aktivnim sastojcima koji sprje\u010davaju neugodne mirise. Tako\u0111er, ko\u017ei omogu\u0107uju da di\u0161e. Osim \u0161to pru\u017ea dugotrajan osje\u0107aj svje\u017eine, <a href=\"https:\/\/mestarkozmetika.com\/en\/product\/deo-roll-on-za-muskarce-balun\/\">deo roll Balun<\/a> ne ostavlja tragove na odje\u0107i. <a href=\"https:\/\/mestarkozmetika.com\/en\/njega-tijela\/\">Dezodoransi za mu\u0161karce<\/a> s umiruju\u0107im sastojcima poput aloe vere ili hidrolatima mogu pomo\u0107i u sprje\u010davanju iritacije ili crvenila. Osim toga, proizvodi bez alkohola ili agresivnih kemikalija mogu dodatno za\u0161tititi osjetljivu ko\u017eu. Na\u0161 deo roll on posebno je pogodan za osjetljivu ko\u017eu. Sadr\u017ei potpuno prirodne sastojke, dugotrajnog je mirisa i ne sadr\u017ei aluminijeve soli i alkohol.<\/p>\n<p><a href=\"https:\/\/mestarkozmetika.com\/en\/product\/gel-za-tusiranje-balun-250ml\/\">Gel za tu\u0161iranje<\/a> u Balun poklon paketu formuliran je s tenzidima prirodnog podrijetla (kokos) te oboga\u0107en\u00a0 pantenolom, alantoinom i biljnim glicerinom. Blagodatno djeluje na suhu ko\u017eu koju omek\u0161ava i \u0161titi od isu\u0161ivanja. Pridonosi hidraciji ko\u017ee, osvje\u017eenju i relaksaciji pa je idealan nakon sportskih aktivnosti. Gel je bogate i kremaste pjene. Ko\u017eu ostavlja \u010distom, mekom i svilenkastom na dodir.<\/p>\n<p>Balun poklon paket je vi\u0161e od poklona \u2013 to je iskustvo osvje\u017eenja, njege i luksuza. Savr\u0161en je za sve mu\u0161karce koji \u017eele da brinu o svom izgledu i u\u017eivaju u vrhunskom kvalitetu proizvoda.<\/p>\n<p>Savr\u0161en je i za sve mu\u0161karce koji vole nogomet, jer znamo da balun u Dalmaciji zna\u010di lopta \ud83d\ude09<\/p>","protected":false},"excerpt":{"rendered":"<p>ME\u0160TAR poklon paket BALUN sadr\u017ei gel za tu\u0161iranje od 250ml i deo roll on 50ml.<\/p>","protected":false},"featured_media":3357,"template":"","meta":[],"product_brand":[],"product_cat":[52],"product_tag":[],"class_list":{"0":"post-3341","1":"product","2":"type-product","3":"status-publish","4":"has-post-thumbnail","6":"product_cat-poklon-paket","8":"first","9":"instock","10":"shipping-taxable","11":"purchasable","12":"product-type-simple"},"yoast_head":"<!-- This site is optimized with the Yoast SEO plugin v25.3 - https:\/\/yoast.com\/wordpress\/plugins\/seo\/ -->\n<title>POKLON PAKET BALUN - Me\u0161tar prirodna kozmetika<\/title>\n<meta name=\"description\" content=\"Poklon paket Balun je savr\u0161en izbor za svakog mu\u0161karca koji se \u017eeli osje\u0107ati svje\u017ee, sigurno i njegovano tokom cijelog dana.\" \/>\n<meta name=\"robots\" content=\"index, follow, max-snippet:-1, max-image-preview:large, max-video-preview:-1\" \/>\n<link rel=\"canonical\" href=\"https:\/\/mestarkozmetika.com\/en\/product\/poklon-paket-balun\/\" \/>\n<meta property=\"og:locale\" content=\"en_US\" \/>\n<meta property=\"og:type\" content=\"article\" \/>\n<meta property=\"og:title\" content=\"POKLON PAKET BALUN - Me\u0161tar prirodna kozmetika\" \/>\n<meta property=\"og:description\" content=\"Poklon paket Balun je savr\u0161en izbor za svakog mu\u0161karca koji se \u017eeli osje\u0107ati svje\u017ee, sigurno i njegovano tokom cijelog dana.\" \/>\n<meta property=\"og:url\" content=\"https:\/\/mestarkozmetika.com\/en\/product\/poklon-paket-balun\/\" \/>\n<meta property=\"og:site_name\" content=\"Me\u0161tar prirodna kozmetika\" \/>\n<meta property=\"article:modified_time\" content=\"2025-12-02T10:47:34+00:00\" \/>\n<meta property=\"og:image\" content=\"https:\/\/mestarkozmetika.com\/wp-content\/uploads\/2024\/11\/mestar-poklon-paket-balun.png\" \/>\n\t<meta property=\"og:image:width\" content=\"800\" \/>\n\t<meta property=\"og:image:height\" content=\"686\" \/>\n\t<meta property=\"og:image:type\" content=\"image\/png\" \/>\n<meta name=\"twitter:card\" content=\"summary_large_image\" \/>\n<meta name=\"twitter:label1\" content=\"Est. reading time\" \/>\n\t<meta name=\"twitter:data1\" content=\"2 minutes\" \/>\n<script type=\"application\/ld+json\" class=\"yoast-schema-graph\">{\"@context\":\"https:\/\/schema.org\",\"@graph\":[{\"@type\":\"WebPage\",\"@id\":\"https:\/\/mestarkozmetika.com\/product\/poklon-paket-balun\/\",\"url\":\"https:\/\/mestarkozmetika.com\/product\/poklon-paket-balun\/\",\"name\":\"POKLON PAKET BALUN - Me\u0161tar prirodna kozmetika\",\"isPartOf\":{\"@id\":\"https:\/\/mestarkozmetika.com\/#website\"},\"primaryImageOfPage\":{\"@id\":\"https:\/\/mestarkozmetika.com\/product\/poklon-paket-balun\/#primaryimage\"},\"image\":{\"@id\":\"https:\/\/mestarkozmetika.com\/product\/poklon-paket-balun\/#primaryimage\"},\"thumbnailUrl\":\"https:\/\/mestarkozmetika.com\/wp-content\/uploads\/2024\/11\/mestar-poklon-paket-balun.png\",\"datePublished\":\"2024-11-08T14:21:44+00:00\",\"dateModified\":\"2025-12-02T10:47:34+00:00\",\"description\":\"Poklon paket Balun je savr\u0161en izbor za svakog mu\u0161karca koji se \u017eeli osje\u0107ati svje\u017ee, sigurno i njegovano tokom cijelog dana.\",\"breadcrumb\":{\"@id\":\"https:\/\/mestarkozmetika.com\/product\/poklon-paket-balun\/#breadcrumb\"},\"inLanguage\":\"en-US\",\"potentialAction\":[{\"@type\":\"ReadAction\",\"target\":[\"https:\/\/mestarkozmetika.com\/product\/poklon-paket-balun\/\"]}]},{\"@type\":\"ImageObject\",\"inLanguage\":\"en-US\",\"@id\":\"https:\/\/mestarkozmetika.com\/product\/poklon-paket-balun\/#primaryimage\",\"url\":\"https:\/\/mestarkozmetika.com\/wp-content\/uploads\/2024\/11\/mestar-poklon-paket-balun.png\",\"contentUrl\":\"https:\/\/mestarkozmetika.com\/wp-content\/uploads\/2024\/11\/mestar-poklon-paket-balun.png\",\"width\":800,\"height\":686,\"caption\":\"poklon paket\"},{\"@type\":\"BreadcrumbList\",\"@id\":\"https:\/\/mestarkozmetika.com\/product\/poklon-paket-balun\/#breadcrumb\",\"itemListElement\":[{\"@type\":\"ListItem\",\"position\":1,\"name\":\"Po\u010detna stranica\",\"item\":\"https:\/\/mestarkozmetika.com\/\"},{\"@type\":\"ListItem\",\"position\":2,\"name\":\"Proizvodi\",\"item\":\"https:\/\/mestarkozmetika.com\/shop\/\"},{\"@type\":\"ListItem\",\"position\":3,\"name\":\"POKLON PAKET BALUN\"}]},{\"@type\":\"WebSite\",\"@id\":\"https:\/\/mestarkozmetika.com\/#website\",\"url\":\"https:\/\/mestarkozmetika.com\/\",\"name\":\"Me\u0161tar prirodna kozmetika\",\"description\":\"Linija proizvoda za mu\u0161karce koji \u017eele kvalitetnu njegu ko\u017ee i brade. Me\u0161tar prirodna kozmetika.\",\"publisher\":{\"@id\":\"https:\/\/mestarkozmetika.com\/#organization\"},\"alternateName\":\"priodna kozmetika me\u0161tar\",\"potentialAction\":[{\"@type\":\"SearchAction\",\"target\":{\"@type\":\"EntryPoint\",\"urlTemplate\":\"https:\/\/mestarkozmetika.com\/?s={search_term_string}\"},\"query-input\":{\"@type\":\"PropertyValueSpecification\",\"valueRequired\":true,\"valueName\":\"search_term_string\"}}],\"inLanguage\":\"en-US\"},{\"@type\":\"Organization\",\"@id\":\"https:\/\/mestarkozmetika.com\/#organization\",\"name\":\"Me\u0161tar prirodna kozmetika\",\"alternateName\":\"priodna kozmetika me\u0161tar\",\"url\":\"https:\/\/mestarkozmetika.com\/\",\"logo\":{\"@type\":\"ImageObject\",\"inLanguage\":\"en-US\",\"@id\":\"https:\/\/mestarkozmetika.com\/#\/schema\/logo\/image\/\",\"url\":\"https:\/\/mestarkozmetika.com\/wp-content\/uploads\/2022\/09\/mestar-logo-kompletan.png\",\"contentUrl\":\"https:\/\/mestarkozmetika.com\/wp-content\/uploads\/2022\/09\/mestar-logo-kompletan.png\",\"width\":1000,\"height\":546,\"caption\":\"Me\u0161tar prirodna kozmetika\"},\"image\":{\"@id\":\"https:\/\/mestarkozmetika.com\/#\/schema\/logo\/image\/\"}}]}<\/script>\n<!-- \/ Yoast SEO plugin. -->","yoast_head_json":{"title":"POKLON PAKET BALUN - Me\u0161tar prirodna kozmetika","description":"Poklon paket Balun je savr\u0161en izbor za svakog mu\u0161karca koji se \u017eeli osje\u0107ati svje\u017ee, sigurno i njegovano tokom cijelog dana.","robots":{"index":"index","follow":"follow","max-snippet":"max-snippet:-1","max-image-preview":"max-image-preview:large","max-video-preview":"max-video-preview:-1"},"canonical":"https:\/\/mestarkozmetika.com\/en\/product\/poklon-paket-balun\/","og_locale":"en_US","og_type":"article","og_title":"POKLON PAKET BALUN - Me\u0161tar prirodna kozmetika","og_description":"Poklon paket Balun je savr\u0161en izbor za svakog mu\u0161karca koji se \u017eeli osje\u0107ati svje\u017ee, sigurno i njegovano tokom cijelog dana.","og_url":"https:\/\/mestarkozmetika.com\/en\/product\/poklon-paket-balun\/","og_site_name":"Me\u0161tar prirodna kozmetika","article_modified_time":"2025-12-02T10:47:34+00:00","og_image":[{"width":800,"height":686,"url":"https:\/\/mestarkozmetika.com\/wp-content\/uploads\/2024\/11\/mestar-poklon-paket-balun.png","type":"image\/png"}],"twitter_card":"summary_large_image","twitter_misc":{"Est. reading time":"2 minutes"},"schema":{"@context":"https:\/\/schema.org","@graph":[{"@type":"WebPage","@id":"https:\/\/mestarkozmetika.com\/product\/poklon-paket-balun\/","url":"https:\/\/mestarkozmetika.com\/product\/poklon-paket-balun\/","name":"POKLON PAKET BALUN - Me\u0161tar prirodna kozmetika","isPartOf":{"@id":"https:\/\/mestarkozmetika.com\/#website"},"primaryImageOfPage":{"@id":"https:\/\/mestarkozmetika.com\/product\/poklon-paket-balun\/#primaryimage"},"image":{"@id":"https:\/\/mestarkozmetika.com\/product\/poklon-paket-balun\/#primaryimage"},"thumbnailUrl":"https:\/\/mestarkozmetika.com\/wp-content\/uploads\/2024\/11\/mestar-poklon-paket-balun.png","datePublished":"2024-11-08T14:21:44+00:00","dateModified":"2025-12-02T10:47:34+00:00","description":"Poklon paket Balun je savr\u0161en izbor za svakog mu\u0161karca koji se \u017eeli osje\u0107ati svje\u017ee, sigurno i njegovano tokom cijelog dana.","breadcrumb":{"@id":"https:\/\/mestarkozmetika.com\/product\/poklon-paket-balun\/#breadcrumb"},"inLanguage":"en-US","potentialAction":[{"@type":"ReadAction","target":["https:\/\/mestarkozmetika.com\/product\/poklon-paket-balun\/"]}]},{"@type":"ImageObject","inLanguage":"en-US","@id":"https:\/\/mestarkozmetika.com\/product\/poklon-paket-balun\/#primaryimage","url":"https:\/\/mestarkozmetika.com\/wp-content\/uploads\/2024\/11\/mestar-poklon-paket-balun.png","contentUrl":"https:\/\/mestarkozmetika.com\/wp-content\/uploads\/2024\/11\/mestar-poklon-paket-balun.png","width":800,"height":686,"caption":"poklon paket"},{"@type":"BreadcrumbList","@id":"https:\/\/mestarkozmetika.com\/product\/poklon-paket-balun\/#breadcrumb","itemListElement":[{"@type":"ListItem","position":1,"name":"Po\u010detna stranica","item":"https:\/\/mestarkozmetika.com\/"},{"@type":"ListItem","position":2,"name":"Proizvodi","item":"https:\/\/mestarkozmetika.com\/shop\/"},{"@type":"ListItem","position":3,"name":"POKLON PAKET BALUN"}]},{"@type":"WebSite","@id":"https:\/\/mestarkozmetika.com\/#website","url":"https:\/\/mestarkozmetika.com\/","name":"Me\u0161tar prirodna kozmetika","description":"Linija proizvoda za mu\u0161karce koji \u017eele kvalitetnu njegu ko\u017ee i brade. Me\u0161tar prirodna kozmetika.","publisher":{"@id":"https:\/\/mestarkozmetika.com\/#organization"},"alternateName":"priodna kozmetika me\u0161tar","potentialAction":[{"@type":"SearchAction","target":{"@type":"EntryPoint","urlTemplate":"https:\/\/mestarkozmetika.com\/?s={search_term_string}"},"query-input":{"@type":"PropertyValueSpecification","valueRequired":true,"valueName":"search_term_string"}}],"inLanguage":"en-US"},{"@type":"Organization","@id":"https:\/\/mestarkozmetika.com\/#organization","name":"Me\u0161tar prirodna kozmetika","alternateName":"priodna kozmetika me\u0161tar","url":"https:\/\/mestarkozmetika.com\/","logo":{"@type":"ImageObject","inLanguage":"en-US","@id":"https:\/\/mestarkozmetika.com\/#\/schema\/logo\/image\/","url":"https:\/\/mestarkozmetika.com\/wp-content\/uploads\/2022\/09\/mestar-logo-kompletan.png","contentUrl":"https:\/\/mestarkozmetika.com\/wp-content\/uploads\/2022\/09\/mestar-logo-kompletan.png","width":1000,"height":546,"caption":"Me\u0161tar prirodna kozmetika"},"image":{"@id":"https:\/\/mestarkozmetika.com\/#\/schema\/logo\/image\/"}}]}},"_links":{"self":[{"href":"https:\/\/mestarkozmetika.com\/en\/wp-json\/wp\/v2\/product\/3341","targetHints":{"allow":["GET"]}}],"collection":[{"href":"https:\/\/mestarkozmetika.com\/en\/wp-json\/wp\/v2\/product"}],"about":[{"href":"https:\/\/mestarkozmetika.com\/en\/wp-json\/wp\/v2\/types\/product"}],"wp:featuredmedia":[{"embeddable":true,"href":"https:\/\/mestarkozmetika.com\/en\/wp-json\/wp\/v2\/media\/3357"}],"wp:attachment":[{"href":"https:\/\/mestarkozmetika.com\/en\/wp-json\/wp\/v2\/media?parent=3341"}],"wp:term":[{"taxonomy":"product_brand","embeddable":true,"href":"https:\/\/mestarkozmetika.com\/en\/wp-json\/wp\/v2\/product_brand?post=3341"},{"taxonomy":"product_cat","embeddable":true,"href":"https:\/\/mestarkozmetika.com\/en\/wp-json\/wp\/v2\/product_cat?post=3341"},{"taxonomy":"product_tag","embeddable":true,"href":"https:\/\/mestarkozmetika.com\/en\/wp-json\/wp\/v2\/product_tag?post=3341"}],"curies":[{"name":"wp","href":"https:\/\/api.w.org\/{rel}","templated":true}]}}