{"id":2081,"date":"2023-10-26T14:55:58","date_gmt":"2023-10-26T12:55:58","guid":{"rendered":"https:\/\/mestarkozmetika.com\/?post_type=product&#038;p=2081"},"modified":"2025-12-02T11:48:03","modified_gmt":"2025-12-02T10:48:03","slug":"sampon-za-bradu-balatura","status":"publish","type":"product","link":"https:\/\/mestarkozmetika.com\/en\/product\/sampon-za-bradu-balatura\/","title":{"rendered":"\u0160AMPON ZA BRADU BALATURA"},"content":{"rendered":"<p>\u0160ampon za bradu BALATURA 250ml formuliran s tenzidima prirodnog podrijetla (kokos) te oboga\u0107en pantenolom, alantoinom i biljnim glicerinom. Blagodatno djeluje na dlaku brade i ko\u017eu koju omek\u0161ava te \u0161titi od isu\u0161ivanja. Pridonosi hidraciji brade i osvje\u017eenju. \u0160ampon za bradu je bogate i kremaste pjene, osvje\u017eavaju\u0107eg mirisa s gornjom notom limete i bergamota. Bradu ostavlja \u010distom, mekom i svilenkastom na dodir.<\/p>\n<p>Njega brade je klju\u010dna kako biste dobili mekanu i nje\u017enu bradu, bez svrbe\u017ea i perutanja!<\/p>\n<p>Mu\u0161ka brada je vi\u0161e od samo rasta dlaka na licu \u2013 to je izraz stila i osobnosti. Naravno, kao i svaki dio tijela, brada zahtijeva odgovaraju\u0107u njegu kako bi ostala uredna i privla\u010dna. Redovito pranje i \u010di\u0161\u0107enje brade klju\u010dno je u njezi brade i uklanjanju ne\u010disto\u0107a. Koristite blagi \u0161ampon kako biste je odr\u017eali \u010distom i svje\u017eom.<\/p>\n<p><strong>Koraci u pranju brade:<\/strong><\/p>\n<ol>\n<li><strong>Priprema brade:<\/strong>\n<ul>\n<li>Prije nego \u0161to po\u010dnete, po\u010de\u0161ljajte bradu kako biste uklonili sve zapetljane dlake.<\/li>\n<\/ul>\n<\/li>\n<li><strong>Smo\u010dite bradu:<\/strong>\n<ul>\n<li>Navla\u017eite bradu toplom vodom. Topla voda \u0107e otvoriti pore i omek\u0161ati dlake, \u0161to \u0107e omogu\u0107iti \u0161amponu da bolje djeluje.<\/li>\n<\/ul>\n<\/li>\n<li><strong>Nano\u0161enje \u0161ampona:<\/strong>\n<ul>\n<li>Stavite malu koli\u010dinu teku\u0107eg \u0161ampona za bradu na dlan.<\/li>\n<li>Utrljajte \u0161ampon izme\u0111u dlanova kako biste ga ravnomjerno rasporedili.<\/li>\n<\/ul>\n<\/li>\n<li><strong>Pranje brade:<\/strong>\n<ul>\n<li>Umasirajte \u0161ampon u bradu, paze\u0107i da dosegnete ko\u017eu ispod. Koristite kru\u017ene pokrete prstima kako biste temeljito o\u010distili dlaku brade.<\/li>\n<li>Posvetite posebnu pa\u017enju podru\u010djima gdje se brada susre\u0107e sa ko\u017eom lica, jer se tu naj\u010de\u0161\u0107e skuplja prljav\u0161tina i ulja.<\/li>\n<\/ul>\n<\/li>\n<li><strong>Isperite bradu:<\/strong>\n<ul>\n<li>Temeljito isperite bradu toplom vodom dok se sav \u0161ampon ne ukloni.<\/li>\n<li>Nje\u017eno obri\u0161ite bradu ru\u010dnikom. Izbjegavajte grubo trljanje, jer mo\u017ee o\u0161tetiti dlake brade.<\/li>\n<\/ul>\n<\/li>\n<\/ol>\n<p>&nbsp;<\/p>\n<p>Za dodatnu njegu brade, nakon pranja brade nanesite <a href=\"https:\/\/mestarkozmetika.com\/en\/njega-brade\/\">ulje za bradu<\/a> kako biste joj dali zdravi sjaj. Redovito kori\u0161tenje ulja za bradu poma\u017ee u sprje\u010davanju iritacija, svrbe\u017ea i perutanja.<\/p>\n<p>Ukoliko vi\u0161e volite koristiti kruti sapun za pranje brade, umjesto teku\u0107eg, pogledajte na\u0161 <a href=\"https:\/\/mestarkozmetika.com\/en\/product\/pivski-sapun-za-bradu-bagulina-85g\/\">pivski sapun<\/a> za bradu.<\/p>","protected":false},"excerpt":{"rendered":"<p>\u0160ampon za bradu BALATURA 250ml formuliran s tenzidima prirodnog podrijetla (kokos) te oboga\u0107en pantenolom, alantoinom i biljnim glicerinom. Bradu ostavlja \u010distom, mekom i svilenkastom na dodir.<\/p>","protected":false},"featured_media":2854,"template":"","meta":[],"product_brand":[],"product_cat":[55],"product_tag":[],"class_list":{"0":"post-2081","1":"product","2":"type-product","3":"status-publish","4":"has-post-thumbnail","6":"product_cat-sampon-za-bradu","8":"first","9":"instock","10":"shipping-taxable","11":"purchasable","12":"product-type-simple"},"yoast_head":"<!-- This site is optimized with the Yoast SEO plugin v25.3 - https:\/\/yoast.com\/wordpress\/plugins\/seo\/ -->\n<title>\u0160AMPON ZA BRADU BALATURA - Me\u0161tar prirodna kozmetika<\/title>\n<meta name=\"description\" content=\"\u0160ampon za bradu Balatura blagodatno djeluje na dlaku brade i ko\u017eu koju omek\u0161ava te \u0161titi od isu\u0161ivanja. Pridonosi hidraciji brade i osvje\u017eenju.\" \/>\n<meta name=\"robots\" content=\"index, follow, max-snippet:-1, max-image-preview:large, max-video-preview:-1\" \/>\n<link rel=\"canonical\" href=\"https:\/\/mestarkozmetika.com\/en\/product\/sampon-za-bradu-balatura\/\" \/>\n<meta property=\"og:locale\" content=\"en_US\" \/>\n<meta property=\"og:type\" content=\"article\" \/>\n<meta property=\"og:title\" content=\"\u0160AMPON ZA BRADU BALATURA - Me\u0161tar prirodna kozmetika\" \/>\n<meta property=\"og:description\" content=\"\u0160ampon za bradu Balatura blagodatno djeluje na dlaku brade i ko\u017eu koju omek\u0161ava te \u0161titi od isu\u0161ivanja. Pridonosi hidraciji brade i osvje\u017eenju.\" \/>\n<meta property=\"og:url\" content=\"https:\/\/mestarkozmetika.com\/en\/product\/sampon-za-bradu-balatura\/\" \/>\n<meta property=\"og:site_name\" content=\"Me\u0161tar prirodna kozmetika\" \/>\n<meta property=\"article:modified_time\" content=\"2025-12-02T10:48:03+00:00\" \/>\n<meta property=\"og:image\" content=\"https:\/\/mestarkozmetika.com\/wp-content\/uploads\/2023\/10\/MESTAR-sampon-za-bradu-BALATURA.webp\" \/>\n\t<meta property=\"og:image:width\" content=\"600\" \/>\n\t<meta property=\"og:image:height\" content=\"741\" \/>\n\t<meta property=\"og:image:type\" content=\"image\/webp\" \/>\n<meta name=\"twitter:card\" content=\"summary_large_image\" \/>\n<meta name=\"twitter:label1\" content=\"Est. reading time\" \/>\n\t<meta name=\"twitter:data1\" content=\"2 minutes\" \/>\n<script type=\"application\/ld+json\" class=\"yoast-schema-graph\">{\"@context\":\"https:\/\/schema.org\",\"@graph\":[{\"@type\":\"WebPage\",\"@id\":\"https:\/\/mestarkozmetika.com\/product\/sampon-za-bradu-balatura\/\",\"url\":\"https:\/\/mestarkozmetika.com\/product\/sampon-za-bradu-balatura\/\",\"name\":\"\u0160AMPON ZA BRADU BALATURA - Me\u0161tar prirodna kozmetika\",\"isPartOf\":{\"@id\":\"https:\/\/mestarkozmetika.com\/#website\"},\"primaryImageOfPage\":{\"@id\":\"https:\/\/mestarkozmetika.com\/product\/sampon-za-bradu-balatura\/#primaryimage\"},\"image\":{\"@id\":\"https:\/\/mestarkozmetika.com\/product\/sampon-za-bradu-balatura\/#primaryimage\"},\"thumbnailUrl\":\"https:\/\/mestarkozmetika.com\/wp-content\/uploads\/2023\/10\/MESTAR-sampon-za-bradu-BALATURA.webp\",\"datePublished\":\"2023-10-26T12:55:58+00:00\",\"dateModified\":\"2025-12-02T10:48:03+00:00\",\"description\":\"\u0160ampon za bradu Balatura blagodatno djeluje na dlaku brade i ko\u017eu koju omek\u0161ava te \u0161titi od isu\u0161ivanja. Pridonosi hidraciji brade i osvje\u017eenju.\",\"breadcrumb\":{\"@id\":\"https:\/\/mestarkozmetika.com\/product\/sampon-za-bradu-balatura\/#breadcrumb\"},\"inLanguage\":\"en-US\",\"potentialAction\":[{\"@type\":\"ReadAction\",\"target\":[\"https:\/\/mestarkozmetika.com\/product\/sampon-za-bradu-balatura\/\"]}]},{\"@type\":\"ImageObject\",\"inLanguage\":\"en-US\",\"@id\":\"https:\/\/mestarkozmetika.com\/product\/sampon-za-bradu-balatura\/#primaryimage\",\"url\":\"https:\/\/mestarkozmetika.com\/wp-content\/uploads\/2023\/10\/MESTAR-sampon-za-bradu-BALATURA.webp\",\"contentUrl\":\"https:\/\/mestarkozmetika.com\/wp-content\/uploads\/2023\/10\/MESTAR-sampon-za-bradu-BALATURA.webp\",\"width\":600,\"height\":741,\"caption\":\"\u0161ampon za bradu Balatura\"},{\"@type\":\"BreadcrumbList\",\"@id\":\"https:\/\/mestarkozmetika.com\/product\/sampon-za-bradu-balatura\/#breadcrumb\",\"itemListElement\":[{\"@type\":\"ListItem\",\"position\":1,\"name\":\"Po\u010detna stranica\",\"item\":\"https:\/\/mestarkozmetika.com\/\"},{\"@type\":\"ListItem\",\"position\":2,\"name\":\"Proizvodi\",\"item\":\"https:\/\/mestarkozmetika.com\/shop\/\"},{\"@type\":\"ListItem\",\"position\":3,\"name\":\"\u0160AMPON ZA BRADU BALATURA\"}]},{\"@type\":\"WebSite\",\"@id\":\"https:\/\/mestarkozmetika.com\/#website\",\"url\":\"https:\/\/mestarkozmetika.com\/\",\"name\":\"Me\u0161tar prirodna kozmetika\",\"description\":\"Linija proizvoda za mu\u0161karce koji \u017eele kvalitetnu njegu ko\u017ee i brade. Me\u0161tar prirodna kozmetika.\",\"publisher\":{\"@id\":\"https:\/\/mestarkozmetika.com\/#organization\"},\"alternateName\":\"priodna kozmetika me\u0161tar\",\"potentialAction\":[{\"@type\":\"SearchAction\",\"target\":{\"@type\":\"EntryPoint\",\"urlTemplate\":\"https:\/\/mestarkozmetika.com\/?s={search_term_string}\"},\"query-input\":{\"@type\":\"PropertyValueSpecification\",\"valueRequired\":true,\"valueName\":\"search_term_string\"}}],\"inLanguage\":\"en-US\"},{\"@type\":\"Organization\",\"@id\":\"https:\/\/mestarkozmetika.com\/#organization\",\"name\":\"Me\u0161tar prirodna kozmetika\",\"alternateName\":\"priodna kozmetika me\u0161tar\",\"url\":\"https:\/\/mestarkozmetika.com\/\",\"logo\":{\"@type\":\"ImageObject\",\"inLanguage\":\"en-US\",\"@id\":\"https:\/\/mestarkozmetika.com\/#\/schema\/logo\/image\/\",\"url\":\"https:\/\/mestarkozmetika.com\/wp-content\/uploads\/2022\/09\/mestar-logo-kompletan.png\",\"contentUrl\":\"https:\/\/mestarkozmetika.com\/wp-content\/uploads\/2022\/09\/mestar-logo-kompletan.png\",\"width\":1000,\"height\":546,\"caption\":\"Me\u0161tar prirodna kozmetika\"},\"image\":{\"@id\":\"https:\/\/mestarkozmetika.com\/#\/schema\/logo\/image\/\"}}]}<\/script>\n<!-- \/ Yoast SEO plugin. -->","yoast_head_json":{"title":"\u0160AMPON ZA BRADU BALATURA - Me\u0161tar prirodna kozmetika","description":"\u0160ampon za bradu Balatura blagodatno djeluje na dlaku brade i ko\u017eu koju omek\u0161ava te \u0161titi od isu\u0161ivanja. Pridonosi hidraciji brade i osvje\u017eenju.","robots":{"index":"index","follow":"follow","max-snippet":"max-snippet:-1","max-image-preview":"max-image-preview:large","max-video-preview":"max-video-preview:-1"},"canonical":"https:\/\/mestarkozmetika.com\/en\/product\/sampon-za-bradu-balatura\/","og_locale":"en_US","og_type":"article","og_title":"\u0160AMPON ZA BRADU BALATURA - Me\u0161tar prirodna kozmetika","og_description":"\u0160ampon za bradu Balatura blagodatno djeluje na dlaku brade i ko\u017eu koju omek\u0161ava te \u0161titi od isu\u0161ivanja. Pridonosi hidraciji brade i osvje\u017eenju.","og_url":"https:\/\/mestarkozmetika.com\/en\/product\/sampon-za-bradu-balatura\/","og_site_name":"Me\u0161tar prirodna kozmetika","article_modified_time":"2025-12-02T10:48:03+00:00","og_image":[{"width":600,"height":741,"url":"https:\/\/mestarkozmetika.com\/wp-content\/uploads\/2023\/10\/MESTAR-sampon-za-bradu-BALATURA.webp","type":"image\/webp"}],"twitter_card":"summary_large_image","twitter_misc":{"Est. reading time":"2 minutes"},"schema":{"@context":"https:\/\/schema.org","@graph":[{"@type":"WebPage","@id":"https:\/\/mestarkozmetika.com\/product\/sampon-za-bradu-balatura\/","url":"https:\/\/mestarkozmetika.com\/product\/sampon-za-bradu-balatura\/","name":"\u0160AMPON ZA BRADU BALATURA - Me\u0161tar prirodna kozmetika","isPartOf":{"@id":"https:\/\/mestarkozmetika.com\/#website"},"primaryImageOfPage":{"@id":"https:\/\/mestarkozmetika.com\/product\/sampon-za-bradu-balatura\/#primaryimage"},"image":{"@id":"https:\/\/mestarkozmetika.com\/product\/sampon-za-bradu-balatura\/#primaryimage"},"thumbnailUrl":"https:\/\/mestarkozmetika.com\/wp-content\/uploads\/2023\/10\/MESTAR-sampon-za-bradu-BALATURA.webp","datePublished":"2023-10-26T12:55:58+00:00","dateModified":"2025-12-02T10:48:03+00:00","description":"\u0160ampon za bradu Balatura blagodatno djeluje na dlaku brade i ko\u017eu koju omek\u0161ava te \u0161titi od isu\u0161ivanja. Pridonosi hidraciji brade i osvje\u017eenju.","breadcrumb":{"@id":"https:\/\/mestarkozmetika.com\/product\/sampon-za-bradu-balatura\/#breadcrumb"},"inLanguage":"en-US","potentialAction":[{"@type":"ReadAction","target":["https:\/\/mestarkozmetika.com\/product\/sampon-za-bradu-balatura\/"]}]},{"@type":"ImageObject","inLanguage":"en-US","@id":"https:\/\/mestarkozmetika.com\/product\/sampon-za-bradu-balatura\/#primaryimage","url":"https:\/\/mestarkozmetika.com\/wp-content\/uploads\/2023\/10\/MESTAR-sampon-za-bradu-BALATURA.webp","contentUrl":"https:\/\/mestarkozmetika.com\/wp-content\/uploads\/2023\/10\/MESTAR-sampon-za-bradu-BALATURA.webp","width":600,"height":741,"caption":"\u0161ampon za bradu Balatura"},{"@type":"BreadcrumbList","@id":"https:\/\/mestarkozmetika.com\/product\/sampon-za-bradu-balatura\/#breadcrumb","itemListElement":[{"@type":"ListItem","position":1,"name":"Po\u010detna stranica","item":"https:\/\/mestarkozmetika.com\/"},{"@type":"ListItem","position":2,"name":"Proizvodi","item":"https:\/\/mestarkozmetika.com\/shop\/"},{"@type":"ListItem","position":3,"name":"\u0160AMPON ZA BRADU BALATURA"}]},{"@type":"WebSite","@id":"https:\/\/mestarkozmetika.com\/#website","url":"https:\/\/mestarkozmetika.com\/","name":"Me\u0161tar prirodna kozmetika","description":"Linija proizvoda za mu\u0161karce koji \u017eele kvalitetnu njegu ko\u017ee i brade. Me\u0161tar prirodna kozmetika.","publisher":{"@id":"https:\/\/mestarkozmetika.com\/#organization"},"alternateName":"priodna kozmetika me\u0161tar","potentialAction":[{"@type":"SearchAction","target":{"@type":"EntryPoint","urlTemplate":"https:\/\/mestarkozmetika.com\/?s={search_term_string}"},"query-input":{"@type":"PropertyValueSpecification","valueRequired":true,"valueName":"search_term_string"}}],"inLanguage":"en-US"},{"@type":"Organization","@id":"https:\/\/mestarkozmetika.com\/#organization","name":"Me\u0161tar prirodna kozmetika","alternateName":"priodna kozmetika me\u0161tar","url":"https:\/\/mestarkozmetika.com\/","logo":{"@type":"ImageObject","inLanguage":"en-US","@id":"https:\/\/mestarkozmetika.com\/#\/schema\/logo\/image\/","url":"https:\/\/mestarkozmetika.com\/wp-content\/uploads\/2022\/09\/mestar-logo-kompletan.png","contentUrl":"https:\/\/mestarkozmetika.com\/wp-content\/uploads\/2022\/09\/mestar-logo-kompletan.png","width":1000,"height":546,"caption":"Me\u0161tar prirodna kozmetika"},"image":{"@id":"https:\/\/mestarkozmetika.com\/#\/schema\/logo\/image\/"}}]}},"_links":{"self":[{"href":"https:\/\/mestarkozmetika.com\/en\/wp-json\/wp\/v2\/product\/2081","targetHints":{"allow":["GET"]}}],"collection":[{"href":"https:\/\/mestarkozmetika.com\/en\/wp-json\/wp\/v2\/product"}],"about":[{"href":"https:\/\/mestarkozmetika.com\/en\/wp-json\/wp\/v2\/types\/product"}],"wp:featuredmedia":[{"embeddable":true,"href":"https:\/\/mestarkozmetika.com\/en\/wp-json\/wp\/v2\/media\/2854"}],"wp:attachment":[{"href":"https:\/\/mestarkozmetika.com\/en\/wp-json\/wp\/v2\/media?parent=2081"}],"wp:term":[{"taxonomy":"product_brand","embeddable":true,"href":"https:\/\/mestarkozmetika.com\/en\/wp-json\/wp\/v2\/product_brand?post=2081"},{"taxonomy":"product_cat","embeddable":true,"href":"https:\/\/mestarkozmetika.com\/en\/wp-json\/wp\/v2\/product_cat?post=2081"},{"taxonomy":"product_tag","embeddable":true,"href":"https:\/\/mestarkozmetika.com\/en\/wp-json\/wp\/v2\/product_tag?post=2081"}],"curies":[{"name":"wp","href":"https:\/\/api.w.org\/{rel}","templated":true}]}}