{"id":2057,"date":"2023-10-23T13:30:28","date_gmt":"2023-10-23T11:30:28","guid":{"rendered":"https:\/\/mestarkozmetika.com\/?post_type=product&#038;p=2057"},"modified":"2025-12-02T11:48:26","modified_gmt":"2025-12-02T10:48:26","slug":"poklon-paket-za-muskarce","status":"publish","type":"product","link":"https:\/\/mestarkozmetika.com\/en\/product\/poklon-paket-za-muskarce\/","title":{"rendered":"POKLON PAKET BALATURA"},"content":{"rendered":"<p>Poklon paket za mu\u0161karce Balatura donosi proizvode za njegu brade. Bilo da tra\u017eite poklon za tatu, mu\u017ea, brata ili de\u010dka, Me\u0161tar je idealan odabir.<\/p>\n<p>Svatko mo\u017ee biti ME\u0160TAR svoje brade uz POKLON PAKET BALATURA!<\/p>\n<p>Mu\u0161ka brada je vi\u0161e od samo rasta dlaka na licu \u2013 to je izraz stila i osobnosti. Naravno, kao i svaki dio tijela, brada zahtijeva odgovaraju\u0107u njegu kako bi ostala uredna i privla\u010dna.<\/p>\n<p>Poklon paket za mu\u0161karce Balatura sadr\u017ei ulje za bradu i \u0161ampon za bradu.<\/p>\n<p><a href=\"https:\/\/mestarkozmetika.com\/en\/product\/ulje-za-bradu-balatura-30ml\/\">Ulje za bradu Balatura<\/a> sadr\u017ei hladno pre\u0161ana ulja marelice, makadamije, lje\u0161njaka, badema, frakcioniranog kokosa, argana i ploda divlje ru\u017ee. Bogato je antioksidansima vitaminom E i ekstraktom ru\u017emarina. Brzo se upija u ko\u017eu i dlaku. Ulje ne ostavlja masni trag, a rezultira hidratantnom i mekom bradom. Smiruje iritacije, svrbe\u017e i perutanje. Ulje za bradu Balatura donosi miris dalmatinskog za\u010dinskog bilja s blagom notom lavande i svje\u017eim mirisom limete i bergamota.<\/p>\n<p>Kako koristiti ulje?<\/p>\n<p>Nanesite ga na \u010distu i suhu bradu nakon pranja brade\u00a0\u0161amponom.<\/p>\n<p>Dovoljno je nanijeti malu koli\u010dinu ulja na dlanove. Kapnite nekoliko kapi na dlanove te potom blagom masa\u017eom utrljajte u bradu i ko\u017eu ispod brade. Na taj na\u010din \u0107ete hidratizirati i ko\u017eu lica \u0161to mo\u017ee pomo\u0107i u sprje\u010davanju iritacija, svrbe\u017ea i peruti.<\/p>\n<p><a href=\"https:\/\/mestarkozmetika.com\/en\/product\/sampon-za-bradu-balatura\/\">\u0160ampon za bradu Balatura<\/a> blagodatno djeluje na dlaku brade i ko\u017eu koju omek\u0161ava te \u0161titi od isu\u0161ivanja. Suho ulje i \u0161ampon za bradu pridonose hidraciji brade i osvje\u017eenju. Ostavljaju je mekanom, svilenkastom na dodir i \u010distom. \u0160ampon za bradu BALATURA donosi miris dalmatinskog za\u010dinskog bilja s blagom notom lavande i svje\u017eim mirisom limete i bergamota.<\/p>\n<p><strong>Koraci u pranju brade:<\/strong><\/p>\n<ol>\n<li>Smo\u010dite bradu toplom vodom.<\/li>\n<li>Stavite malu koli\u010dinu teku\u0107eg \u0161ampona za bradu na dlan i utrljajte \u0161ampon izme\u0111u dlanova kako biste ga ravnomjerno rasporedili.<\/li>\n<li>Umasirajte \u0161ampon u bradu<\/li>\n<li>Temeljito isperite bradu toplom vodom te nje\u017eno obri\u0161ite bradu ru\u010dnikom.<\/li>\n<\/ol>","protected":false},"excerpt":{"rendered":"<p>Poklon paket sadr\u017ei ulje za bradu Balatura 30ml i \u0161ampon za bradu Balatura<br \/>\n250ml<\/p>","protected":false},"featured_media":2860,"template":"","meta":[],"product_brand":[],"product_cat":[52],"product_tag":[],"class_list":{"0":"post-2057","1":"product","2":"type-product","3":"status-publish","4":"has-post-thumbnail","6":"product_cat-poklon-paket","8":"first","9":"instock","10":"shipping-taxable","11":"purchasable","12":"product-type-simple"},"yoast_head":"<!-- This site is optimized with the Yoast SEO plugin v25.3 - https:\/\/yoast.com\/wordpress\/plugins\/seo\/ -->\n<title>POKLON PAKET BALATURA - Me\u0161tar prirodna kozmetika<\/title>\n<meta name=\"description\" content=\"Poklon paket za mu\u0161karce Balatura donosi proizvode za njegu brade. Bilo da tra\u017eite poklon za tatu, mu\u017ea, brata ili de\u010dka, Me\u0161tar je idealan odabir.\" \/>\n<meta name=\"robots\" content=\"index, follow, max-snippet:-1, max-image-preview:large, max-video-preview:-1\" \/>\n<link rel=\"canonical\" href=\"https:\/\/mestarkozmetika.com\/en\/product\/poklon-paket-za-muskarce\/\" \/>\n<meta property=\"og:locale\" content=\"en_US\" \/>\n<meta property=\"og:type\" content=\"article\" \/>\n<meta property=\"og:title\" content=\"POKLON PAKET BALATURA - Me\u0161tar prirodna kozmetika\" \/>\n<meta property=\"og:description\" content=\"Poklon paket za mu\u0161karce Balatura donosi proizvode za njegu brade. Bilo da tra\u017eite poklon za tatu, mu\u017ea, brata ili de\u010dka, Me\u0161tar je idealan odabir.\" \/>\n<meta property=\"og:url\" content=\"https:\/\/mestarkozmetika.com\/en\/product\/poklon-paket-za-muskarce\/\" \/>\n<meta property=\"og:site_name\" content=\"Me\u0161tar prirodna kozmetika\" \/>\n<meta property=\"article:modified_time\" content=\"2025-12-02T10:48:26+00:00\" \/>\n<meta property=\"og:image\" content=\"https:\/\/mestarkozmetika.com\/wp-content\/uploads\/2023\/10\/MESTAR-poklon-set-BALATURA.webp\" \/>\n\t<meta property=\"og:image:width\" content=\"1024\" \/>\n\t<meta property=\"og:image:height\" content=\"1024\" \/>\n\t<meta property=\"og:image:type\" content=\"image\/webp\" \/>\n<meta name=\"twitter:card\" content=\"summary_large_image\" \/>\n<meta name=\"twitter:label1\" content=\"Est. reading time\" \/>\n\t<meta name=\"twitter:data1\" content=\"2 minutes\" \/>\n<script type=\"application\/ld+json\" class=\"yoast-schema-graph\">{\"@context\":\"https:\/\/schema.org\",\"@graph\":[{\"@type\":\"WebPage\",\"@id\":\"https:\/\/mestarkozmetika.com\/product\/poklon-paket-za-muskarce\/\",\"url\":\"https:\/\/mestarkozmetika.com\/product\/poklon-paket-za-muskarce\/\",\"name\":\"POKLON PAKET BALATURA - Me\u0161tar prirodna kozmetika\",\"isPartOf\":{\"@id\":\"https:\/\/mestarkozmetika.com\/#website\"},\"primaryImageOfPage\":{\"@id\":\"https:\/\/mestarkozmetika.com\/product\/poklon-paket-za-muskarce\/#primaryimage\"},\"image\":{\"@id\":\"https:\/\/mestarkozmetika.com\/product\/poklon-paket-za-muskarce\/#primaryimage\"},\"thumbnailUrl\":\"https:\/\/mestarkozmetika.com\/wp-content\/uploads\/2023\/10\/MESTAR-poklon-set-BALATURA.webp\",\"datePublished\":\"2023-10-23T11:30:28+00:00\",\"dateModified\":\"2025-12-02T10:48:26+00:00\",\"description\":\"Poklon paket za mu\u0161karce Balatura donosi proizvode za njegu brade. Bilo da tra\u017eite poklon za tatu, mu\u017ea, brata ili de\u010dka, Me\u0161tar je idealan odabir.\",\"breadcrumb\":{\"@id\":\"https:\/\/mestarkozmetika.com\/product\/poklon-paket-za-muskarce\/#breadcrumb\"},\"inLanguage\":\"en-US\",\"potentialAction\":[{\"@type\":\"ReadAction\",\"target\":[\"https:\/\/mestarkozmetika.com\/product\/poklon-paket-za-muskarce\/\"]}]},{\"@type\":\"ImageObject\",\"inLanguage\":\"en-US\",\"@id\":\"https:\/\/mestarkozmetika.com\/product\/poklon-paket-za-muskarce\/#primaryimage\",\"url\":\"https:\/\/mestarkozmetika.com\/wp-content\/uploads\/2023\/10\/MESTAR-poklon-set-BALATURA.webp\",\"contentUrl\":\"https:\/\/mestarkozmetika.com\/wp-content\/uploads\/2023\/10\/MESTAR-poklon-set-BALATURA.webp\",\"width\":1024,\"height\":1024,\"caption\":\"poklon paket za mu\u0161karce\"},{\"@type\":\"BreadcrumbList\",\"@id\":\"https:\/\/mestarkozmetika.com\/product\/poklon-paket-za-muskarce\/#breadcrumb\",\"itemListElement\":[{\"@type\":\"ListItem\",\"position\":1,\"name\":\"Po\u010detna stranica\",\"item\":\"https:\/\/mestarkozmetika.com\/\"},{\"@type\":\"ListItem\",\"position\":2,\"name\":\"Proizvodi\",\"item\":\"https:\/\/mestarkozmetika.com\/shop\/\"},{\"@type\":\"ListItem\",\"position\":3,\"name\":\"POKLON PAKET BALATURA\"}]},{\"@type\":\"WebSite\",\"@id\":\"https:\/\/mestarkozmetika.com\/#website\",\"url\":\"https:\/\/mestarkozmetika.com\/\",\"name\":\"Me\u0161tar prirodna kozmetika\",\"description\":\"Linija proizvoda za mu\u0161karce koji \u017eele kvalitetnu njegu ko\u017ee i brade. Me\u0161tar prirodna kozmetika.\",\"publisher\":{\"@id\":\"https:\/\/mestarkozmetika.com\/#organization\"},\"alternateName\":\"priodna kozmetika me\u0161tar\",\"potentialAction\":[{\"@type\":\"SearchAction\",\"target\":{\"@type\":\"EntryPoint\",\"urlTemplate\":\"https:\/\/mestarkozmetika.com\/?s={search_term_string}\"},\"query-input\":{\"@type\":\"PropertyValueSpecification\",\"valueRequired\":true,\"valueName\":\"search_term_string\"}}],\"inLanguage\":\"en-US\"},{\"@type\":\"Organization\",\"@id\":\"https:\/\/mestarkozmetika.com\/#organization\",\"name\":\"Me\u0161tar prirodna kozmetika\",\"alternateName\":\"priodna kozmetika me\u0161tar\",\"url\":\"https:\/\/mestarkozmetika.com\/\",\"logo\":{\"@type\":\"ImageObject\",\"inLanguage\":\"en-US\",\"@id\":\"https:\/\/mestarkozmetika.com\/#\/schema\/logo\/image\/\",\"url\":\"https:\/\/mestarkozmetika.com\/wp-content\/uploads\/2022\/09\/mestar-logo-kompletan.png\",\"contentUrl\":\"https:\/\/mestarkozmetika.com\/wp-content\/uploads\/2022\/09\/mestar-logo-kompletan.png\",\"width\":1000,\"height\":546,\"caption\":\"Me\u0161tar prirodna kozmetika\"},\"image\":{\"@id\":\"https:\/\/mestarkozmetika.com\/#\/schema\/logo\/image\/\"}}]}<\/script>\n<!-- \/ Yoast SEO plugin. -->","yoast_head_json":{"title":"POKLON PAKET BALATURA - Me\u0161tar prirodna kozmetika","description":"Poklon paket za mu\u0161karce Balatura donosi proizvode za njegu brade. Bilo da tra\u017eite poklon za tatu, mu\u017ea, brata ili de\u010dka, Me\u0161tar je idealan odabir.","robots":{"index":"index","follow":"follow","max-snippet":"max-snippet:-1","max-image-preview":"max-image-preview:large","max-video-preview":"max-video-preview:-1"},"canonical":"https:\/\/mestarkozmetika.com\/en\/product\/poklon-paket-za-muskarce\/","og_locale":"en_US","og_type":"article","og_title":"POKLON PAKET BALATURA - Me\u0161tar prirodna kozmetika","og_description":"Poklon paket za mu\u0161karce Balatura donosi proizvode za njegu brade. Bilo da tra\u017eite poklon za tatu, mu\u017ea, brata ili de\u010dka, Me\u0161tar je idealan odabir.","og_url":"https:\/\/mestarkozmetika.com\/en\/product\/poklon-paket-za-muskarce\/","og_site_name":"Me\u0161tar prirodna kozmetika","article_modified_time":"2025-12-02T10:48:26+00:00","og_image":[{"width":1024,"height":1024,"url":"https:\/\/mestarkozmetika.com\/wp-content\/uploads\/2023\/10\/MESTAR-poklon-set-BALATURA.webp","type":"image\/webp"}],"twitter_card":"summary_large_image","twitter_misc":{"Est. reading time":"2 minutes"},"schema":{"@context":"https:\/\/schema.org","@graph":[{"@type":"WebPage","@id":"https:\/\/mestarkozmetika.com\/product\/poklon-paket-za-muskarce\/","url":"https:\/\/mestarkozmetika.com\/product\/poklon-paket-za-muskarce\/","name":"POKLON PAKET BALATURA - Me\u0161tar prirodna kozmetika","isPartOf":{"@id":"https:\/\/mestarkozmetika.com\/#website"},"primaryImageOfPage":{"@id":"https:\/\/mestarkozmetika.com\/product\/poklon-paket-za-muskarce\/#primaryimage"},"image":{"@id":"https:\/\/mestarkozmetika.com\/product\/poklon-paket-za-muskarce\/#primaryimage"},"thumbnailUrl":"https:\/\/mestarkozmetika.com\/wp-content\/uploads\/2023\/10\/MESTAR-poklon-set-BALATURA.webp","datePublished":"2023-10-23T11:30:28+00:00","dateModified":"2025-12-02T10:48:26+00:00","description":"Poklon paket za mu\u0161karce Balatura donosi proizvode za njegu brade. Bilo da tra\u017eite poklon za tatu, mu\u017ea, brata ili de\u010dka, Me\u0161tar je idealan odabir.","breadcrumb":{"@id":"https:\/\/mestarkozmetika.com\/product\/poklon-paket-za-muskarce\/#breadcrumb"},"inLanguage":"en-US","potentialAction":[{"@type":"ReadAction","target":["https:\/\/mestarkozmetika.com\/product\/poklon-paket-za-muskarce\/"]}]},{"@type":"ImageObject","inLanguage":"en-US","@id":"https:\/\/mestarkozmetika.com\/product\/poklon-paket-za-muskarce\/#primaryimage","url":"https:\/\/mestarkozmetika.com\/wp-content\/uploads\/2023\/10\/MESTAR-poklon-set-BALATURA.webp","contentUrl":"https:\/\/mestarkozmetika.com\/wp-content\/uploads\/2023\/10\/MESTAR-poklon-set-BALATURA.webp","width":1024,"height":1024,"caption":"poklon paket za mu\u0161karce"},{"@type":"BreadcrumbList","@id":"https:\/\/mestarkozmetika.com\/product\/poklon-paket-za-muskarce\/#breadcrumb","itemListElement":[{"@type":"ListItem","position":1,"name":"Po\u010detna stranica","item":"https:\/\/mestarkozmetika.com\/"},{"@type":"ListItem","position":2,"name":"Proizvodi","item":"https:\/\/mestarkozmetika.com\/shop\/"},{"@type":"ListItem","position":3,"name":"POKLON PAKET BALATURA"}]},{"@type":"WebSite","@id":"https:\/\/mestarkozmetika.com\/#website","url":"https:\/\/mestarkozmetika.com\/","name":"Me\u0161tar prirodna kozmetika","description":"Linija proizvoda za mu\u0161karce koji \u017eele kvalitetnu njegu ko\u017ee i brade. Me\u0161tar prirodna kozmetika.","publisher":{"@id":"https:\/\/mestarkozmetika.com\/#organization"},"alternateName":"priodna kozmetika me\u0161tar","potentialAction":[{"@type":"SearchAction","target":{"@type":"EntryPoint","urlTemplate":"https:\/\/mestarkozmetika.com\/?s={search_term_string}"},"query-input":{"@type":"PropertyValueSpecification","valueRequired":true,"valueName":"search_term_string"}}],"inLanguage":"en-US"},{"@type":"Organization","@id":"https:\/\/mestarkozmetika.com\/#organization","name":"Me\u0161tar prirodna kozmetika","alternateName":"priodna kozmetika me\u0161tar","url":"https:\/\/mestarkozmetika.com\/","logo":{"@type":"ImageObject","inLanguage":"en-US","@id":"https:\/\/mestarkozmetika.com\/#\/schema\/logo\/image\/","url":"https:\/\/mestarkozmetika.com\/wp-content\/uploads\/2022\/09\/mestar-logo-kompletan.png","contentUrl":"https:\/\/mestarkozmetika.com\/wp-content\/uploads\/2022\/09\/mestar-logo-kompletan.png","width":1000,"height":546,"caption":"Me\u0161tar prirodna kozmetika"},"image":{"@id":"https:\/\/mestarkozmetika.com\/#\/schema\/logo\/image\/"}}]}},"_links":{"self":[{"href":"https:\/\/mestarkozmetika.com\/en\/wp-json\/wp\/v2\/product\/2057","targetHints":{"allow":["GET"]}}],"collection":[{"href":"https:\/\/mestarkozmetika.com\/en\/wp-json\/wp\/v2\/product"}],"about":[{"href":"https:\/\/mestarkozmetika.com\/en\/wp-json\/wp\/v2\/types\/product"}],"wp:featuredmedia":[{"embeddable":true,"href":"https:\/\/mestarkozmetika.com\/en\/wp-json\/wp\/v2\/media\/2860"}],"wp:attachment":[{"href":"https:\/\/mestarkozmetika.com\/en\/wp-json\/wp\/v2\/media?parent=2057"}],"wp:term":[{"taxonomy":"product_brand","embeddable":true,"href":"https:\/\/mestarkozmetika.com\/en\/wp-json\/wp\/v2\/product_brand?post=2057"},{"taxonomy":"product_cat","embeddable":true,"href":"https:\/\/mestarkozmetika.com\/en\/wp-json\/wp\/v2\/product_cat?post=2057"},{"taxonomy":"product_tag","embeddable":true,"href":"https:\/\/mestarkozmetika.com\/en\/wp-json\/wp\/v2\/product_tag?post=2057"}],"curies":[{"name":"wp","href":"https:\/\/api.w.org\/{rel}","templated":true}]}}