{"id":2055,"date":"2023-10-23T13:27:10","date_gmt":"2023-10-23T11:27:10","guid":{"rendered":"https:\/\/mestarkozmetika.com\/?post_type=product&#038;p=2055"},"modified":"2025-12-02T11:48:32","modified_gmt":"2025-12-02T10:48:32","slug":"poklon-paket-picigin","status":"publish","type":"product","link":"https:\/\/mestarkozmetika.com\/en\/product\/poklon-paket-picigin\/","title":{"rendered":"POKLON PAKET PICIGIN"},"content":{"rendered":"<p>Poklon paket Picigin je idealan set za svakog mu\u0161karca koji u\u017eiva u vrhunskoj <a href=\"https:\/\/mestarkozmetika.com\/en\/pravilno-brijanje-i-njega-lica\/\">njezi ko\u017ee lica nakon brijanja<\/a>. Ovaj poklon paket uklju\u010duje dva proizvoda: <a href=\"https:\/\/mestarkozmetika.com\/en\/product\/krema-za-lice-picigin\/\">kremu za lice Picigin<\/a> i <a href=\"https:\/\/mestarkozmetika.com\/en\/product\/losion-poslije-brijanja\/\">losion poslije brijanja Picigin<\/a>, koji zajedno pru\u017eaju sveobuhvatnu za\u0161titu i osvje\u017eenje ko\u017ee.<\/p>\n<p>Njega lica mo\u017ee biti izazovna, posebno za mu\u0161karce koji se suo\u010davaju s dodatnim problemima kao \u0161to su iritacije nakon brijanja. Suha ko\u017ea lica \u010desto je rezultat nedostatka vlage i lipidne barijere ko\u017ee. Simptomi uklju\u010duju osje\u0107aj zatezanja, perutanje, crvenilo i svrbe\u017e. \u010cimbenici kao \u0161to su genetika, vanjski utjecaji poput hladnog vremena i vjetra te agresivno \u010di\u0161\u0107enje ko\u017ee mogu doprinijeti suho\u0107i.<\/p>\n<p>Hidratacija je klju\u010dna za odr\u017eavanje zdrave ko\u017ee lica. Koristite hidratantne proizvode bogate sastojcima poput proteina svile i prirodnih ulja kako biste pomogli u zadr\u017eavanju vlage u ko\u017ei. Redovita hidratacija odr\u017eava zdravu barijeru ko\u017ee i sprje\u010dava isu\u0161ivanje.<\/p>\n<p><a href=\"https:\/\/mestarkozmetika.com\/en\/product\/krema-za-lice-picigin\/\">Revitaliziraju\u0107a krema za lice Picigin<\/a> parfemskog je mirisa s gornjom notom slatke naran\u010de. Namijenjena je svakodnevnoj njezi suhe i osjetljive ko\u017ee lica. Sadr\u017ei visokovrijedna hladnopre\u0161ana biljna ulja, proteine svile, ureu, ekstrakte cvijeta crnog sljeza i ploda krastavca. Revitalizira ko\u017eu i pridonosi dubinskoj hidrataciji i njezi te poma\u017ee u o\u010duvanju svje\u017eeg i blistavog tena. Zbog lagane teksture brzo se upija, a ko\u017eu ostavlja ugodno hidratiziranom, njegovanom i bar\u0161unasto mekom.<\/p>\n<p>Losion poslije brijanja Picigin parfemskog je mirisa s gornjom notom slatke naran\u010de. Pogodan je za njegu svih tipova ko\u017ee nakon brijanja. Sadr\u017ei visoko vrijedna hladno pre\u0161ana ulja i karite maslac koji hrane i \u0161tite ko\u017eu. Hidrolati poma\u017eu umiriti ko\u017eu nadra\u017eenu brijanjem i ubla\u017eiti crvenilo bez osje\u0107aja peckanja. Ekstrakti ploda krastavca i korijena sladi\u0107a, Aloe vera, proteini ri\u017ee i vitamin B5 podarit \u0107e ko\u017ei potrebnu vlagu. Losion je lagane teksture, brzo se upija te ostavlja ko\u017eu ugodno hidratiziranom, njegovanom i bar\u0161unasto mekom.<\/p>\n<p>Lako je bit Prirodno Zgodan \ud83d\ude09<\/p>","protected":false},"excerpt":{"rendered":"<p>Namijenjen je njezi lica poslije brijanja.<br \/>\nPoklon paket Picigin sadr\u017ei revitaliziraju\u0107a hidratantna krema za lice Picigin<br \/>\n50ml i losion poslije brijanja Picigin 50ml.<\/p>","protected":false},"featured_media":2871,"template":"","meta":[],"product_brand":[],"product_cat":[52],"product_tag":[],"class_list":{"0":"post-2055","1":"product","2":"type-product","3":"status-publish","4":"has-post-thumbnail","6":"product_cat-poklon-paket","8":"first","9":"instock","10":"shipping-taxable","11":"purchasable","12":"product-type-simple"},"yoast_head":"<!-- This site is optimized with the Yoast SEO plugin v25.3 - https:\/\/yoast.com\/wordpress\/plugins\/seo\/ -->\n<title>POKLON PAKET PICIGIN - Me\u0161tar prirodna kozmetika<\/title>\n<meta name=\"description\" content=\"Poklon paket Picigin je idealan za svakog mu\u0161karca koji u\u017eiva u vrhunskoj njezi lica nakon brijanja. Set sadr\u017ei kremu za lice i losion poslije brijanja.\" \/>\n<meta name=\"robots\" content=\"index, follow, max-snippet:-1, max-image-preview:large, max-video-preview:-1\" \/>\n<link rel=\"canonical\" href=\"https:\/\/mestarkozmetika.com\/en\/product\/poklon-paket-picigin\/\" \/>\n<meta property=\"og:locale\" content=\"en_US\" \/>\n<meta property=\"og:type\" content=\"article\" \/>\n<meta property=\"og:title\" content=\"POKLON PAKET PICIGIN - Me\u0161tar prirodna kozmetika\" \/>\n<meta property=\"og:description\" content=\"Poklon paket Picigin je idealan za svakog mu\u0161karca koji u\u017eiva u vrhunskoj njezi lica nakon brijanja. Set sadr\u017ei kremu za lice i losion poslije brijanja.\" \/>\n<meta property=\"og:url\" content=\"https:\/\/mestarkozmetika.com\/en\/product\/poklon-paket-picigin\/\" \/>\n<meta property=\"og:site_name\" content=\"Me\u0161tar prirodna kozmetika\" \/>\n<meta property=\"article:modified_time\" content=\"2025-12-02T10:48:32+00:00\" \/>\n<meta property=\"og:image\" content=\"https:\/\/mestarkozmetika.com\/wp-content\/uploads\/2023\/10\/MESTAR-set-PICIGIN-1024.webp\" \/>\n\t<meta property=\"og:image:width\" content=\"1024\" \/>\n\t<meta property=\"og:image:height\" content=\"1024\" \/>\n\t<meta property=\"og:image:type\" content=\"image\/webp\" \/>\n<meta name=\"twitter:card\" content=\"summary_large_image\" \/>\n<meta name=\"twitter:label1\" content=\"Est. reading time\" \/>\n\t<meta name=\"twitter:data1\" content=\"2 minutes\" \/>\n<script type=\"application\/ld+json\" class=\"yoast-schema-graph\">{\"@context\":\"https:\/\/schema.org\",\"@graph\":[{\"@type\":\"WebPage\",\"@id\":\"https:\/\/mestarkozmetika.com\/product\/poklon-paket-picigin\/\",\"url\":\"https:\/\/mestarkozmetika.com\/product\/poklon-paket-picigin\/\",\"name\":\"POKLON PAKET PICIGIN - Me\u0161tar prirodna kozmetika\",\"isPartOf\":{\"@id\":\"https:\/\/mestarkozmetika.com\/#website\"},\"primaryImageOfPage\":{\"@id\":\"https:\/\/mestarkozmetika.com\/product\/poklon-paket-picigin\/#primaryimage\"},\"image\":{\"@id\":\"https:\/\/mestarkozmetika.com\/product\/poklon-paket-picigin\/#primaryimage\"},\"thumbnailUrl\":\"https:\/\/mestarkozmetika.com\/wp-content\/uploads\/2023\/10\/MESTAR-set-PICIGIN-1024.webp\",\"datePublished\":\"2023-10-23T11:27:10+00:00\",\"dateModified\":\"2025-12-02T10:48:32+00:00\",\"description\":\"Poklon paket Picigin je idealan za svakog mu\u0161karca koji u\u017eiva u vrhunskoj njezi lica nakon brijanja. Set sadr\u017ei kremu za lice i losion poslije brijanja.\",\"breadcrumb\":{\"@id\":\"https:\/\/mestarkozmetika.com\/product\/poklon-paket-picigin\/#breadcrumb\"},\"inLanguage\":\"en-US\",\"potentialAction\":[{\"@type\":\"ReadAction\",\"target\":[\"https:\/\/mestarkozmetika.com\/product\/poklon-paket-picigin\/\"]}]},{\"@type\":\"ImageObject\",\"inLanguage\":\"en-US\",\"@id\":\"https:\/\/mestarkozmetika.com\/product\/poklon-paket-picigin\/#primaryimage\",\"url\":\"https:\/\/mestarkozmetika.com\/wp-content\/uploads\/2023\/10\/MESTAR-set-PICIGIN-1024.webp\",\"contentUrl\":\"https:\/\/mestarkozmetika.com\/wp-content\/uploads\/2023\/10\/MESTAR-set-PICIGIN-1024.webp\",\"width\":1024,\"height\":1024,\"caption\":\"poklon paket\"},{\"@type\":\"BreadcrumbList\",\"@id\":\"https:\/\/mestarkozmetika.com\/product\/poklon-paket-picigin\/#breadcrumb\",\"itemListElement\":[{\"@type\":\"ListItem\",\"position\":1,\"name\":\"Po\u010detna stranica\",\"item\":\"https:\/\/mestarkozmetika.com\/\"},{\"@type\":\"ListItem\",\"position\":2,\"name\":\"Proizvodi\",\"item\":\"https:\/\/mestarkozmetika.com\/shop\/\"},{\"@type\":\"ListItem\",\"position\":3,\"name\":\"POKLON PAKET PICIGIN\"}]},{\"@type\":\"WebSite\",\"@id\":\"https:\/\/mestarkozmetika.com\/#website\",\"url\":\"https:\/\/mestarkozmetika.com\/\",\"name\":\"Me\u0161tar prirodna kozmetika\",\"description\":\"Linija proizvoda za mu\u0161karce koji \u017eele kvalitetnu njegu ko\u017ee i brade. Me\u0161tar prirodna kozmetika.\",\"publisher\":{\"@id\":\"https:\/\/mestarkozmetika.com\/#organization\"},\"alternateName\":\"priodna kozmetika me\u0161tar\",\"potentialAction\":[{\"@type\":\"SearchAction\",\"target\":{\"@type\":\"EntryPoint\",\"urlTemplate\":\"https:\/\/mestarkozmetika.com\/?s={search_term_string}\"},\"query-input\":{\"@type\":\"PropertyValueSpecification\",\"valueRequired\":true,\"valueName\":\"search_term_string\"}}],\"inLanguage\":\"en-US\"},{\"@type\":\"Organization\",\"@id\":\"https:\/\/mestarkozmetika.com\/#organization\",\"name\":\"Me\u0161tar prirodna kozmetika\",\"alternateName\":\"priodna kozmetika me\u0161tar\",\"url\":\"https:\/\/mestarkozmetika.com\/\",\"logo\":{\"@type\":\"ImageObject\",\"inLanguage\":\"en-US\",\"@id\":\"https:\/\/mestarkozmetika.com\/#\/schema\/logo\/image\/\",\"url\":\"https:\/\/mestarkozmetika.com\/wp-content\/uploads\/2022\/09\/mestar-logo-kompletan.png\",\"contentUrl\":\"https:\/\/mestarkozmetika.com\/wp-content\/uploads\/2022\/09\/mestar-logo-kompletan.png\",\"width\":1000,\"height\":546,\"caption\":\"Me\u0161tar prirodna kozmetika\"},\"image\":{\"@id\":\"https:\/\/mestarkozmetika.com\/#\/schema\/logo\/image\/\"}}]}<\/script>\n<!-- \/ Yoast SEO plugin. -->","yoast_head_json":{"title":"POKLON PAKET PICIGIN - Me\u0161tar prirodna kozmetika","description":"Poklon paket Picigin je idealan za svakog mu\u0161karca koji u\u017eiva u vrhunskoj njezi lica nakon brijanja. Set sadr\u017ei kremu za lice i losion poslije brijanja.","robots":{"index":"index","follow":"follow","max-snippet":"max-snippet:-1","max-image-preview":"max-image-preview:large","max-video-preview":"max-video-preview:-1"},"canonical":"https:\/\/mestarkozmetika.com\/en\/product\/poklon-paket-picigin\/","og_locale":"en_US","og_type":"article","og_title":"POKLON PAKET PICIGIN - Me\u0161tar prirodna kozmetika","og_description":"Poklon paket Picigin je idealan za svakog mu\u0161karca koji u\u017eiva u vrhunskoj njezi lica nakon brijanja. Set sadr\u017ei kremu za lice i losion poslije brijanja.","og_url":"https:\/\/mestarkozmetika.com\/en\/product\/poklon-paket-picigin\/","og_site_name":"Me\u0161tar prirodna kozmetika","article_modified_time":"2025-12-02T10:48:32+00:00","og_image":[{"width":1024,"height":1024,"url":"https:\/\/mestarkozmetika.com\/wp-content\/uploads\/2023\/10\/MESTAR-set-PICIGIN-1024.webp","type":"image\/webp"}],"twitter_card":"summary_large_image","twitter_misc":{"Est. reading time":"2 minutes"},"schema":{"@context":"https:\/\/schema.org","@graph":[{"@type":"WebPage","@id":"https:\/\/mestarkozmetika.com\/product\/poklon-paket-picigin\/","url":"https:\/\/mestarkozmetika.com\/product\/poklon-paket-picigin\/","name":"POKLON PAKET PICIGIN - Me\u0161tar prirodna kozmetika","isPartOf":{"@id":"https:\/\/mestarkozmetika.com\/#website"},"primaryImageOfPage":{"@id":"https:\/\/mestarkozmetika.com\/product\/poklon-paket-picigin\/#primaryimage"},"image":{"@id":"https:\/\/mestarkozmetika.com\/product\/poklon-paket-picigin\/#primaryimage"},"thumbnailUrl":"https:\/\/mestarkozmetika.com\/wp-content\/uploads\/2023\/10\/MESTAR-set-PICIGIN-1024.webp","datePublished":"2023-10-23T11:27:10+00:00","dateModified":"2025-12-02T10:48:32+00:00","description":"Poklon paket Picigin je idealan za svakog mu\u0161karca koji u\u017eiva u vrhunskoj njezi lica nakon brijanja. Set sadr\u017ei kremu za lice i losion poslije brijanja.","breadcrumb":{"@id":"https:\/\/mestarkozmetika.com\/product\/poklon-paket-picigin\/#breadcrumb"},"inLanguage":"en-US","potentialAction":[{"@type":"ReadAction","target":["https:\/\/mestarkozmetika.com\/product\/poklon-paket-picigin\/"]}]},{"@type":"ImageObject","inLanguage":"en-US","@id":"https:\/\/mestarkozmetika.com\/product\/poklon-paket-picigin\/#primaryimage","url":"https:\/\/mestarkozmetika.com\/wp-content\/uploads\/2023\/10\/MESTAR-set-PICIGIN-1024.webp","contentUrl":"https:\/\/mestarkozmetika.com\/wp-content\/uploads\/2023\/10\/MESTAR-set-PICIGIN-1024.webp","width":1024,"height":1024,"caption":"poklon paket"},{"@type":"BreadcrumbList","@id":"https:\/\/mestarkozmetika.com\/product\/poklon-paket-picigin\/#breadcrumb","itemListElement":[{"@type":"ListItem","position":1,"name":"Po\u010detna stranica","item":"https:\/\/mestarkozmetika.com\/"},{"@type":"ListItem","position":2,"name":"Proizvodi","item":"https:\/\/mestarkozmetika.com\/shop\/"},{"@type":"ListItem","position":3,"name":"POKLON PAKET PICIGIN"}]},{"@type":"WebSite","@id":"https:\/\/mestarkozmetika.com\/#website","url":"https:\/\/mestarkozmetika.com\/","name":"Me\u0161tar prirodna kozmetika","description":"Linija proizvoda za mu\u0161karce koji \u017eele kvalitetnu njegu ko\u017ee i brade. Me\u0161tar prirodna kozmetika.","publisher":{"@id":"https:\/\/mestarkozmetika.com\/#organization"},"alternateName":"priodna kozmetika me\u0161tar","potentialAction":[{"@type":"SearchAction","target":{"@type":"EntryPoint","urlTemplate":"https:\/\/mestarkozmetika.com\/?s={search_term_string}"},"query-input":{"@type":"PropertyValueSpecification","valueRequired":true,"valueName":"search_term_string"}}],"inLanguage":"en-US"},{"@type":"Organization","@id":"https:\/\/mestarkozmetika.com\/#organization","name":"Me\u0161tar prirodna kozmetika","alternateName":"priodna kozmetika me\u0161tar","url":"https:\/\/mestarkozmetika.com\/","logo":{"@type":"ImageObject","inLanguage":"en-US","@id":"https:\/\/mestarkozmetika.com\/#\/schema\/logo\/image\/","url":"https:\/\/mestarkozmetika.com\/wp-content\/uploads\/2022\/09\/mestar-logo-kompletan.png","contentUrl":"https:\/\/mestarkozmetika.com\/wp-content\/uploads\/2022\/09\/mestar-logo-kompletan.png","width":1000,"height":546,"caption":"Me\u0161tar prirodna kozmetika"},"image":{"@id":"https:\/\/mestarkozmetika.com\/#\/schema\/logo\/image\/"}}]}},"_links":{"self":[{"href":"https:\/\/mestarkozmetika.com\/en\/wp-json\/wp\/v2\/product\/2055","targetHints":{"allow":["GET"]}}],"collection":[{"href":"https:\/\/mestarkozmetika.com\/en\/wp-json\/wp\/v2\/product"}],"about":[{"href":"https:\/\/mestarkozmetika.com\/en\/wp-json\/wp\/v2\/types\/product"}],"wp:featuredmedia":[{"embeddable":true,"href":"https:\/\/mestarkozmetika.com\/en\/wp-json\/wp\/v2\/media\/2871"}],"wp:attachment":[{"href":"https:\/\/mestarkozmetika.com\/en\/wp-json\/wp\/v2\/media?parent=2055"}],"wp:term":[{"taxonomy":"product_brand","embeddable":true,"href":"https:\/\/mestarkozmetika.com\/en\/wp-json\/wp\/v2\/product_brand?post=2055"},{"taxonomy":"product_cat","embeddable":true,"href":"https:\/\/mestarkozmetika.com\/en\/wp-json\/wp\/v2\/product_cat?post=2055"},{"taxonomy":"product_tag","embeddable":true,"href":"https:\/\/mestarkozmetika.com\/en\/wp-json\/wp\/v2\/product_tag?post=2055"}],"curies":[{"name":"wp","href":"https:\/\/api.w.org\/{rel}","templated":true}]}}