{"id":2020,"date":"2023-07-28T17:55:38","date_gmt":"2023-07-28T15:55:38","guid":{"rendered":"https:\/\/mestarkozmetika.com\/?post_type=product&#038;p=2020"},"modified":"2025-12-02T11:48:42","modified_gmt":"2025-12-02T10:48:42","slug":"gel-za-tusiranje-bagulina-250ml","status":"publish","type":"product","link":"https:\/\/mestarkozmetika.com\/en\/product\/gel-za-tusiranje-bagulina-250ml\/","title":{"rendered":"GEL ZA TU\u0160IRANJE BAGULINA 250ml"},"content":{"rendered":"<p>Gel za tu\u0161iranje BAGULINA formuliran s tenzidima prirodnog podrijetla (kokos) te oboga\u0107en\u00a0 pantenolom, alantoinom i biljnim glicerinom. Blagodatno djeluje na suhu ko\u017eu koju omek\u0161ava i \u0161titi od isu\u0161ivanja. Pridonosi hidraciji ko\u017ee, osvje\u017eenju i relaksaciji. Gel je bogate i kremaste pjene, a ko\u017eu ostavlja \u010distom, mekom i svilenkastom na dodir. Ovaj osvje\u017eavaju\u0107i gel za tu\u0161iranje za mu\u0161karce ne samo da \u010disti ko\u017eu, ve\u0107 je i dubinski hidratizira, ostavljaju\u0107i je mekom, glatkom i blistavom. <a href=\"https:\/\/mestarkozmetika.com\/en\/njega-tijela\/\">U\u017eivajte u osvje\u017eavaju\u0107em iskustvu tu\u0161iranja<\/a> s na\u0161im gelom za tu\u0161iranje i osje\u0107ajte se spremni za novi dan pun energije.<\/p>\n<p>Ukoliko volite duboke i mu\u017eevne mirise, Bagulina je pravi izbor za vas. Donosi drvenaste note cedra i borovice, stvaraju\u0107i zavodljiv miris koji \u0107e vas opustiti.<\/p>","protected":false},"excerpt":{"rendered":"<p>ME\u0160TAR gel za tu\u0161iranje BAGULINA formuliran s tenzidima prirodnog podrijetla (kokos) te oboga\u0107en\u00a0 pantenolom, alantoinom i biljnim glicerinom.<\/p>","protected":false},"featured_media":2876,"template":"","meta":[],"product_brand":[],"product_cat":[53],"product_tag":[61],"class_list":{"0":"post-2020","1":"product","2":"type-product","3":"status-publish","4":"has-post-thumbnail","6":"product_cat-gel-za-tusiranje","7":"product_tag-gel-za-tusiranje","9":"first","10":"instock","11":"shipping-taxable","12":"purchasable","13":"product-type-simple"},"yoast_head":"<!-- This site is optimized with the Yoast SEO plugin v25.3 - https:\/\/yoast.com\/wordpress\/plugins\/seo\/ -->\n<title>GEL ZA TU\u0160IRANJE BAGULINA 250ml - Me\u0161tar prirodna kozmetika<\/title>\n<meta name=\"description\" content=\"ME\u0160TAR gel za tu\u0161iranje BAGULINA formuliran s tenzidima prirodnog podrijetla (kokos) te oboga\u0107en\u00a0 pantenolom, alantoinom i biljnim glicerinom.\" \/>\n<meta name=\"robots\" content=\"index, follow, max-snippet:-1, max-image-preview:large, max-video-preview:-1\" \/>\n<link rel=\"canonical\" href=\"https:\/\/mestarkozmetika.com\/en\/product\/gel-za-tusiranje-bagulina-250ml\/\" \/>\n<meta property=\"og:locale\" content=\"en_US\" \/>\n<meta property=\"og:type\" content=\"article\" \/>\n<meta property=\"og:title\" content=\"GEL ZA TU\u0160IRANJE BAGULINA 250ml - Me\u0161tar prirodna kozmetika\" \/>\n<meta property=\"og:description\" content=\"ME\u0160TAR gel za tu\u0161iranje BAGULINA formuliran s tenzidima prirodnog podrijetla (kokos) te oboga\u0107en\u00a0 pantenolom, alantoinom i biljnim glicerinom.\" \/>\n<meta property=\"og:url\" content=\"https:\/\/mestarkozmetika.com\/en\/product\/gel-za-tusiranje-bagulina-250ml\/\" \/>\n<meta property=\"og:site_name\" content=\"Me\u0161tar prirodna kozmetika\" \/>\n<meta property=\"article:modified_time\" content=\"2025-12-02T10:48:42+00:00\" \/>\n<meta property=\"og:image\" content=\"https:\/\/mestarkozmetika.com\/wp-content\/uploads\/2023\/07\/MESTAR-gel-za-tusiranje-BAGULINA.png\" \/>\n\t<meta property=\"og:image:width\" content=\"600\" \/>\n\t<meta property=\"og:image:height\" content=\"600\" \/>\n\t<meta property=\"og:image:type\" content=\"image\/png\" \/>\n<meta name=\"twitter:card\" content=\"summary_large_image\" \/>\n<meta name=\"twitter:label1\" content=\"Est. reading time\" \/>\n\t<meta name=\"twitter:data1\" content=\"1 minute\" \/>\n<script type=\"application\/ld+json\" class=\"yoast-schema-graph\">{\"@context\":\"https:\/\/schema.org\",\"@graph\":[{\"@type\":\"WebPage\",\"@id\":\"https:\/\/mestarkozmetika.com\/product\/gel-za-tusiranje-bagulina-250ml\/\",\"url\":\"https:\/\/mestarkozmetika.com\/product\/gel-za-tusiranje-bagulina-250ml\/\",\"name\":\"GEL ZA TU\u0160IRANJE BAGULINA 250ml - Me\u0161tar prirodna kozmetika\",\"isPartOf\":{\"@id\":\"https:\/\/mestarkozmetika.com\/#website\"},\"primaryImageOfPage\":{\"@id\":\"https:\/\/mestarkozmetika.com\/product\/gel-za-tusiranje-bagulina-250ml\/#primaryimage\"},\"image\":{\"@id\":\"https:\/\/mestarkozmetika.com\/product\/gel-za-tusiranje-bagulina-250ml\/#primaryimage\"},\"thumbnailUrl\":\"https:\/\/mestarkozmetika.com\/wp-content\/uploads\/2023\/07\/MESTAR-gel-za-tusiranje-BAGULINA.png\",\"datePublished\":\"2023-07-28T15:55:38+00:00\",\"dateModified\":\"2025-12-02T10:48:42+00:00\",\"description\":\"ME\u0160TAR gel za tu\u0161iranje BAGULINA formuliran s tenzidima prirodnog podrijetla (kokos) te oboga\u0107en\u00a0 pantenolom, alantoinom i biljnim glicerinom.\",\"breadcrumb\":{\"@id\":\"https:\/\/mestarkozmetika.com\/product\/gel-za-tusiranje-bagulina-250ml\/#breadcrumb\"},\"inLanguage\":\"en-US\",\"potentialAction\":[{\"@type\":\"ReadAction\",\"target\":[\"https:\/\/mestarkozmetika.com\/product\/gel-za-tusiranje-bagulina-250ml\/\"]}]},{\"@type\":\"ImageObject\",\"inLanguage\":\"en-US\",\"@id\":\"https:\/\/mestarkozmetika.com\/product\/gel-za-tusiranje-bagulina-250ml\/#primaryimage\",\"url\":\"https:\/\/mestarkozmetika.com\/wp-content\/uploads\/2023\/07\/MESTAR-gel-za-tusiranje-BAGULINA.png\",\"contentUrl\":\"https:\/\/mestarkozmetika.com\/wp-content\/uploads\/2023\/07\/MESTAR-gel-za-tusiranje-BAGULINA.png\",\"width\":600,\"height\":600,\"caption\":\"gel za tu\u0161iranje Bagulina\"},{\"@type\":\"BreadcrumbList\",\"@id\":\"https:\/\/mestarkozmetika.com\/product\/gel-za-tusiranje-bagulina-250ml\/#breadcrumb\",\"itemListElement\":[{\"@type\":\"ListItem\",\"position\":1,\"name\":\"Po\u010detna stranica\",\"item\":\"https:\/\/mestarkozmetika.com\/\"},{\"@type\":\"ListItem\",\"position\":2,\"name\":\"Proizvodi\",\"item\":\"https:\/\/mestarkozmetika.com\/shop\/\"},{\"@type\":\"ListItem\",\"position\":3,\"name\":\"GEL ZA TU\u0160IRANJE BAGULINA 250ml\"}]},{\"@type\":\"WebSite\",\"@id\":\"https:\/\/mestarkozmetika.com\/#website\",\"url\":\"https:\/\/mestarkozmetika.com\/\",\"name\":\"Me\u0161tar prirodna kozmetika\",\"description\":\"Linija proizvoda za mu\u0161karce koji \u017eele kvalitetnu njegu ko\u017ee i brade. Me\u0161tar prirodna kozmetika.\",\"publisher\":{\"@id\":\"https:\/\/mestarkozmetika.com\/#organization\"},\"alternateName\":\"priodna kozmetika me\u0161tar\",\"potentialAction\":[{\"@type\":\"SearchAction\",\"target\":{\"@type\":\"EntryPoint\",\"urlTemplate\":\"https:\/\/mestarkozmetika.com\/?s={search_term_string}\"},\"query-input\":{\"@type\":\"PropertyValueSpecification\",\"valueRequired\":true,\"valueName\":\"search_term_string\"}}],\"inLanguage\":\"en-US\"},{\"@type\":\"Organization\",\"@id\":\"https:\/\/mestarkozmetika.com\/#organization\",\"name\":\"Me\u0161tar prirodna kozmetika\",\"alternateName\":\"priodna kozmetika me\u0161tar\",\"url\":\"https:\/\/mestarkozmetika.com\/\",\"logo\":{\"@type\":\"ImageObject\",\"inLanguage\":\"en-US\",\"@id\":\"https:\/\/mestarkozmetika.com\/#\/schema\/logo\/image\/\",\"url\":\"https:\/\/mestarkozmetika.com\/wp-content\/uploads\/2022\/09\/mestar-logo-kompletan.png\",\"contentUrl\":\"https:\/\/mestarkozmetika.com\/wp-content\/uploads\/2022\/09\/mestar-logo-kompletan.png\",\"width\":1000,\"height\":546,\"caption\":\"Me\u0161tar prirodna kozmetika\"},\"image\":{\"@id\":\"https:\/\/mestarkozmetika.com\/#\/schema\/logo\/image\/\"}}]}<\/script>\n<!-- \/ Yoast SEO plugin. -->","yoast_head_json":{"title":"GEL ZA TU\u0160IRANJE BAGULINA 250ml - Me\u0161tar prirodna kozmetika","description":"ME\u0160TAR gel za tu\u0161iranje BAGULINA formuliran s tenzidima prirodnog podrijetla (kokos) te oboga\u0107en\u00a0 pantenolom, alantoinom i biljnim glicerinom.","robots":{"index":"index","follow":"follow","max-snippet":"max-snippet:-1","max-image-preview":"max-image-preview:large","max-video-preview":"max-video-preview:-1"},"canonical":"https:\/\/mestarkozmetika.com\/en\/product\/gel-za-tusiranje-bagulina-250ml\/","og_locale":"en_US","og_type":"article","og_title":"GEL ZA TU\u0160IRANJE BAGULINA 250ml - Me\u0161tar prirodna kozmetika","og_description":"ME\u0160TAR gel za tu\u0161iranje BAGULINA formuliran s tenzidima prirodnog podrijetla (kokos) te oboga\u0107en\u00a0 pantenolom, alantoinom i biljnim glicerinom.","og_url":"https:\/\/mestarkozmetika.com\/en\/product\/gel-za-tusiranje-bagulina-250ml\/","og_site_name":"Me\u0161tar prirodna kozmetika","article_modified_time":"2025-12-02T10:48:42+00:00","og_image":[{"width":600,"height":600,"url":"https:\/\/mestarkozmetika.com\/wp-content\/uploads\/2023\/07\/MESTAR-gel-za-tusiranje-BAGULINA.png","type":"image\/png"}],"twitter_card":"summary_large_image","twitter_misc":{"Est. reading time":"1 minute"},"schema":{"@context":"https:\/\/schema.org","@graph":[{"@type":"WebPage","@id":"https:\/\/mestarkozmetika.com\/product\/gel-za-tusiranje-bagulina-250ml\/","url":"https:\/\/mestarkozmetika.com\/product\/gel-za-tusiranje-bagulina-250ml\/","name":"GEL ZA TU\u0160IRANJE BAGULINA 250ml - Me\u0161tar prirodna kozmetika","isPartOf":{"@id":"https:\/\/mestarkozmetika.com\/#website"},"primaryImageOfPage":{"@id":"https:\/\/mestarkozmetika.com\/product\/gel-za-tusiranje-bagulina-250ml\/#primaryimage"},"image":{"@id":"https:\/\/mestarkozmetika.com\/product\/gel-za-tusiranje-bagulina-250ml\/#primaryimage"},"thumbnailUrl":"https:\/\/mestarkozmetika.com\/wp-content\/uploads\/2023\/07\/MESTAR-gel-za-tusiranje-BAGULINA.png","datePublished":"2023-07-28T15:55:38+00:00","dateModified":"2025-12-02T10:48:42+00:00","description":"ME\u0160TAR gel za tu\u0161iranje BAGULINA formuliran s tenzidima prirodnog podrijetla (kokos) te oboga\u0107en\u00a0 pantenolom, alantoinom i biljnim glicerinom.","breadcrumb":{"@id":"https:\/\/mestarkozmetika.com\/product\/gel-za-tusiranje-bagulina-250ml\/#breadcrumb"},"inLanguage":"en-US","potentialAction":[{"@type":"ReadAction","target":["https:\/\/mestarkozmetika.com\/product\/gel-za-tusiranje-bagulina-250ml\/"]}]},{"@type":"ImageObject","inLanguage":"en-US","@id":"https:\/\/mestarkozmetika.com\/product\/gel-za-tusiranje-bagulina-250ml\/#primaryimage","url":"https:\/\/mestarkozmetika.com\/wp-content\/uploads\/2023\/07\/MESTAR-gel-za-tusiranje-BAGULINA.png","contentUrl":"https:\/\/mestarkozmetika.com\/wp-content\/uploads\/2023\/07\/MESTAR-gel-za-tusiranje-BAGULINA.png","width":600,"height":600,"caption":"gel za tu\u0161iranje Bagulina"},{"@type":"BreadcrumbList","@id":"https:\/\/mestarkozmetika.com\/product\/gel-za-tusiranje-bagulina-250ml\/#breadcrumb","itemListElement":[{"@type":"ListItem","position":1,"name":"Po\u010detna stranica","item":"https:\/\/mestarkozmetika.com\/"},{"@type":"ListItem","position":2,"name":"Proizvodi","item":"https:\/\/mestarkozmetika.com\/shop\/"},{"@type":"ListItem","position":3,"name":"GEL ZA TU\u0160IRANJE BAGULINA 250ml"}]},{"@type":"WebSite","@id":"https:\/\/mestarkozmetika.com\/#website","url":"https:\/\/mestarkozmetika.com\/","name":"Me\u0161tar prirodna kozmetika","description":"Linija proizvoda za mu\u0161karce koji \u017eele kvalitetnu njegu ko\u017ee i brade. Me\u0161tar prirodna kozmetika.","publisher":{"@id":"https:\/\/mestarkozmetika.com\/#organization"},"alternateName":"priodna kozmetika me\u0161tar","potentialAction":[{"@type":"SearchAction","target":{"@type":"EntryPoint","urlTemplate":"https:\/\/mestarkozmetika.com\/?s={search_term_string}"},"query-input":{"@type":"PropertyValueSpecification","valueRequired":true,"valueName":"search_term_string"}}],"inLanguage":"en-US"},{"@type":"Organization","@id":"https:\/\/mestarkozmetika.com\/#organization","name":"Me\u0161tar prirodna kozmetika","alternateName":"priodna kozmetika me\u0161tar","url":"https:\/\/mestarkozmetika.com\/","logo":{"@type":"ImageObject","inLanguage":"en-US","@id":"https:\/\/mestarkozmetika.com\/#\/schema\/logo\/image\/","url":"https:\/\/mestarkozmetika.com\/wp-content\/uploads\/2022\/09\/mestar-logo-kompletan.png","contentUrl":"https:\/\/mestarkozmetika.com\/wp-content\/uploads\/2022\/09\/mestar-logo-kompletan.png","width":1000,"height":546,"caption":"Me\u0161tar prirodna kozmetika"},"image":{"@id":"https:\/\/mestarkozmetika.com\/#\/schema\/logo\/image\/"}}]}},"_links":{"self":[{"href":"https:\/\/mestarkozmetika.com\/en\/wp-json\/wp\/v2\/product\/2020","targetHints":{"allow":["GET"]}}],"collection":[{"href":"https:\/\/mestarkozmetika.com\/en\/wp-json\/wp\/v2\/product"}],"about":[{"href":"https:\/\/mestarkozmetika.com\/en\/wp-json\/wp\/v2\/types\/product"}],"wp:featuredmedia":[{"embeddable":true,"href":"https:\/\/mestarkozmetika.com\/en\/wp-json\/wp\/v2\/media\/2876"}],"wp:attachment":[{"href":"https:\/\/mestarkozmetika.com\/en\/wp-json\/wp\/v2\/media?parent=2020"}],"wp:term":[{"taxonomy":"product_brand","embeddable":true,"href":"https:\/\/mestarkozmetika.com\/en\/wp-json\/wp\/v2\/product_brand?post=2020"},{"taxonomy":"product_cat","embeddable":true,"href":"https:\/\/mestarkozmetika.com\/en\/wp-json\/wp\/v2\/product_cat?post=2020"},{"taxonomy":"product_tag","embeddable":true,"href":"https:\/\/mestarkozmetika.com\/en\/wp-json\/wp\/v2\/product_tag?post=2020"}],"curies":[{"name":"wp","href":"https:\/\/api.w.org\/{rel}","templated":true}]}}