{"id":176,"date":"2022-09-20T13:45:25","date_gmt":"2022-09-20T13:45:25","guid":{"rendered":"https:\/\/mestarkozmetika.com\/?post_type=product&#038;p=176"},"modified":"2025-12-02T11:49:23","modified_gmt":"2025-12-02T10:49:23","slug":"krema-za-lice-picigin","status":"publish","type":"product","link":"https:\/\/mestarkozmetika.com\/en\/product\/krema-za-lice-picigin\/","title":{"rendered":"KREMA ZA LICE PICIGIN 50ML"},"content":{"rendered":"<p class=\"Normal tm5\"><span class=\"tm6\">Revitaliziraju\u0107a krema za lice Picigin parfemskog je mirisa s gornjom notom slatke naran\u010de. Namijenjena je svakodnevnoj njezi suhe i osjetljive ko\u017ee lica. Sadr\u017ei visokovrijedna hladnopre\u0161ana biljna ulja, proteine svile, ureu, ekstrakte cvijeta crnog sljeza i ploda krastavca. Revitalizira ko\u017eu i pridonosi dubinskoj hidrataciji i njezi te poma\u017ee u o\u010duvanju svje\u017eeg i blistavog tena. Zbog lagane teksture brzo se upija, a ko\u017eu ostavlja ugodno hidratiziranom, njegovanom i bar\u0161unasto mekom.<\/span><\/p>\n<p>Njega lica mo\u017ee biti izazovna, posebno za mu\u0161karce koji se suo\u010davaju s dodatnim problemima kao \u0161to su iritacije nakon brijanja. Suha ko\u017ea lica \u010desto je rezultat nedostatka vlage i lipidne barijere ko\u017ee. Simptomi uklju\u010duju osje\u0107aj zatezanja, perutanje, crvenilo i svrbe\u017e. \u010cimbenici kao \u0161to su genetika, vanjski utjecaji poput hladnog vremena i vjetra te agresivno \u010di\u0161\u0107enje ko\u017ee mogu doprinijeti suho\u0107i.<\/p>\n<p>Hidratacija je klju\u010dna za odr\u017eavanje zdrave ko\u017ee lica. Koristite hidratantne proizvode bogate sastojcima poput proteina svile i prirodnih ulja kako biste pomogli u zadr\u017eavanju vlage u ko\u017ei. Redovita hidratacija odr\u017eava zdravu barijeru ko\u017ee i sprje\u010dava isu\u0161ivanje.\u00a0Revitaliziraju\u0107a krema za lice Picigin\u00a0savr\u0161en je izbor za mu\u0161karce koji \u017eele intenzivno <a href=\"https:\/\/mestarkozmetika.com\/en\/kako-njegovati-suhu-kozu-lica-i-sprijeciti-iritacije-nakon-brijanja\/\">njegovati svoju ko\u017eu lica<\/a>. Sadr\u017ei ureu, korijen sladi\u0107a, proteine svile te hladno pre\u0161ana ulja i hidrolate koji dubinski hidratiziraju ko\u017eu i vra\u0107aju joj prirodnu elasti\u010dnost i sjaj. Redovitom upotrebom ove kreme va\u0161a \u0107e ko\u017ea ostati hidratizirana, meka i podatna tijekom cijelog dana.<\/p>","protected":false},"excerpt":{"rendered":"<p><span class=\"tm6\">Krema za lice Picigin parfemskog je mirisa s gornjom notom slatke naran\u010de. Namijenjena je svakodnevnoj njezi suhe ko\u017ee lica.<\/span><\/p>","protected":false},"featured_media":2884,"template":"","meta":[],"product_brand":[],"product_cat":[43],"product_tag":[28,59,42,25],"class_list":{"0":"post-176","1":"product","2":"type-product","3":"status-publish","4":"has-post-thumbnail","6":"product_cat-krema-za-muskarce","7":"product_tag-krema","8":"product_tag-krema-za-lice","9":"product_tag-njega-lica","10":"product_tag-picigin","12":"first","13":"instock","14":"shipping-taxable","15":"purchasable","16":"product-type-simple"},"yoast_head":"<!-- This site is optimized with the Yoast SEO plugin v25.3 - https:\/\/yoast.com\/wordpress\/plugins\/seo\/ -->\n<title>KREMA ZA LICE PICIGIN 50ML<\/title>\n<meta name=\"description\" content=\"Krema za lice PICIGIN parfemskog je mirisa s gornjom notom slatke naran\u010de. Namijenjena njezi suhe i osjetljive ko\u017ee lica.\" \/>\n<meta name=\"robots\" content=\"index, follow, max-snippet:-1, max-image-preview:large, max-video-preview:-1\" \/>\n<link rel=\"canonical\" href=\"https:\/\/mestarkozmetika.com\/en\/product\/krema-za-lice-picigin\/\" \/>\n<meta property=\"og:locale\" content=\"en_US\" \/>\n<meta property=\"og:type\" content=\"article\" \/>\n<meta property=\"og:title\" content=\"KREMA ZA LICE PICIGIN 50ML\" \/>\n<meta property=\"og:description\" content=\"Krema za lice PICIGIN parfemskog je mirisa s gornjom notom slatke naran\u010de. Namijenjena njezi suhe i osjetljive ko\u017ee lica.\" \/>\n<meta property=\"og:url\" content=\"https:\/\/mestarkozmetika.com\/en\/product\/krema-za-lice-picigin\/\" \/>\n<meta property=\"og:site_name\" content=\"Me\u0161tar prirodna kozmetika\" \/>\n<meta property=\"article:modified_time\" content=\"2025-12-02T10:49:23+00:00\" \/>\n<meta property=\"og:image\" content=\"https:\/\/mestarkozmetika.com\/wp-content\/uploads\/2022\/09\/MESTAR-krema-za-muskarce-PICIGIN.png\" \/>\n\t<meta property=\"og:image:width\" content=\"600\" \/>\n\t<meta property=\"og:image:height\" content=\"600\" \/>\n\t<meta property=\"og:image:type\" content=\"image\/png\" \/>\n<meta name=\"twitter:card\" content=\"summary_large_image\" \/>\n<meta name=\"twitter:label1\" content=\"Est. reading time\" \/>\n\t<meta name=\"twitter:data1\" content=\"2 minutes\" \/>\n<script type=\"application\/ld+json\" class=\"yoast-schema-graph\">{\"@context\":\"https:\/\/schema.org\",\"@graph\":[{\"@type\":\"WebPage\",\"@id\":\"https:\/\/mestarkozmetika.com\/product\/krema-za-lice-picigin\/\",\"url\":\"https:\/\/mestarkozmetika.com\/product\/krema-za-lice-picigin\/\",\"name\":\"KREMA ZA LICE PICIGIN 50ML\",\"isPartOf\":{\"@id\":\"https:\/\/mestarkozmetika.com\/#website\"},\"primaryImageOfPage\":{\"@id\":\"https:\/\/mestarkozmetika.com\/product\/krema-za-lice-picigin\/#primaryimage\"},\"image\":{\"@id\":\"https:\/\/mestarkozmetika.com\/product\/krema-za-lice-picigin\/#primaryimage\"},\"thumbnailUrl\":\"https:\/\/mestarkozmetika.com\/wp-content\/uploads\/2022\/09\/MESTAR-krema-za-muskarce-PICIGIN.png\",\"datePublished\":\"2022-09-20T13:45:25+00:00\",\"dateModified\":\"2025-12-02T10:49:23+00:00\",\"description\":\"Krema za lice PICIGIN parfemskog je mirisa s gornjom notom slatke naran\u010de. Namijenjena njezi suhe i osjetljive ko\u017ee lica.\",\"breadcrumb\":{\"@id\":\"https:\/\/mestarkozmetika.com\/product\/krema-za-lice-picigin\/#breadcrumb\"},\"inLanguage\":\"en-US\",\"potentialAction\":[{\"@type\":\"ReadAction\",\"target\":[\"https:\/\/mestarkozmetika.com\/product\/krema-za-lice-picigin\/\"]}]},{\"@type\":\"ImageObject\",\"inLanguage\":\"en-US\",\"@id\":\"https:\/\/mestarkozmetika.com\/product\/krema-za-lice-picigin\/#primaryimage\",\"url\":\"https:\/\/mestarkozmetika.com\/wp-content\/uploads\/2022\/09\/MESTAR-krema-za-muskarce-PICIGIN.png\",\"contentUrl\":\"https:\/\/mestarkozmetika.com\/wp-content\/uploads\/2022\/09\/MESTAR-krema-za-muskarce-PICIGIN.png\",\"width\":600,\"height\":600},{\"@type\":\"BreadcrumbList\",\"@id\":\"https:\/\/mestarkozmetika.com\/product\/krema-za-lice-picigin\/#breadcrumb\",\"itemListElement\":[{\"@type\":\"ListItem\",\"position\":1,\"name\":\"Po\u010detna stranica\",\"item\":\"https:\/\/mestarkozmetika.com\/\"},{\"@type\":\"ListItem\",\"position\":2,\"name\":\"Proizvodi\",\"item\":\"https:\/\/mestarkozmetika.com\/shop\/\"},{\"@type\":\"ListItem\",\"position\":3,\"name\":\"KREMA ZA LICE PICIGIN 50ML\"}]},{\"@type\":\"WebSite\",\"@id\":\"https:\/\/mestarkozmetika.com\/#website\",\"url\":\"https:\/\/mestarkozmetika.com\/\",\"name\":\"Me\u0161tar prirodna kozmetika\",\"description\":\"Linija proizvoda za mu\u0161karce koji \u017eele kvalitetnu njegu ko\u017ee i brade. Me\u0161tar prirodna kozmetika.\",\"publisher\":{\"@id\":\"https:\/\/mestarkozmetika.com\/#organization\"},\"alternateName\":\"priodna kozmetika me\u0161tar\",\"potentialAction\":[{\"@type\":\"SearchAction\",\"target\":{\"@type\":\"EntryPoint\",\"urlTemplate\":\"https:\/\/mestarkozmetika.com\/?s={search_term_string}\"},\"query-input\":{\"@type\":\"PropertyValueSpecification\",\"valueRequired\":true,\"valueName\":\"search_term_string\"}}],\"inLanguage\":\"en-US\"},{\"@type\":\"Organization\",\"@id\":\"https:\/\/mestarkozmetika.com\/#organization\",\"name\":\"Me\u0161tar prirodna kozmetika\",\"alternateName\":\"priodna kozmetika me\u0161tar\",\"url\":\"https:\/\/mestarkozmetika.com\/\",\"logo\":{\"@type\":\"ImageObject\",\"inLanguage\":\"en-US\",\"@id\":\"https:\/\/mestarkozmetika.com\/#\/schema\/logo\/image\/\",\"url\":\"https:\/\/mestarkozmetika.com\/wp-content\/uploads\/2022\/09\/mestar-logo-kompletan.png\",\"contentUrl\":\"https:\/\/mestarkozmetika.com\/wp-content\/uploads\/2022\/09\/mestar-logo-kompletan.png\",\"width\":1000,\"height\":546,\"caption\":\"Me\u0161tar prirodna kozmetika\"},\"image\":{\"@id\":\"https:\/\/mestarkozmetika.com\/#\/schema\/logo\/image\/\"}}]}<\/script>\n<!-- \/ Yoast SEO plugin. -->","yoast_head_json":{"title":"KREMA ZA LICE PICIGIN 50ML","description":"Krema za lice PICIGIN parfemskog je mirisa s gornjom notom slatke naran\u010de. Namijenjena njezi suhe i osjetljive ko\u017ee lica.","robots":{"index":"index","follow":"follow","max-snippet":"max-snippet:-1","max-image-preview":"max-image-preview:large","max-video-preview":"max-video-preview:-1"},"canonical":"https:\/\/mestarkozmetika.com\/en\/product\/krema-za-lice-picigin\/","og_locale":"en_US","og_type":"article","og_title":"KREMA ZA LICE PICIGIN 50ML","og_description":"Krema za lice PICIGIN parfemskog je mirisa s gornjom notom slatke naran\u010de. Namijenjena njezi suhe i osjetljive ko\u017ee lica.","og_url":"https:\/\/mestarkozmetika.com\/en\/product\/krema-za-lice-picigin\/","og_site_name":"Me\u0161tar prirodna kozmetika","article_modified_time":"2025-12-02T10:49:23+00:00","og_image":[{"width":600,"height":600,"url":"https:\/\/mestarkozmetika.com\/wp-content\/uploads\/2022\/09\/MESTAR-krema-za-muskarce-PICIGIN.png","type":"image\/png"}],"twitter_card":"summary_large_image","twitter_misc":{"Est. reading time":"2 minutes"},"schema":{"@context":"https:\/\/schema.org","@graph":[{"@type":"WebPage","@id":"https:\/\/mestarkozmetika.com\/product\/krema-za-lice-picigin\/","url":"https:\/\/mestarkozmetika.com\/product\/krema-za-lice-picigin\/","name":"KREMA ZA LICE PICIGIN 50ML","isPartOf":{"@id":"https:\/\/mestarkozmetika.com\/#website"},"primaryImageOfPage":{"@id":"https:\/\/mestarkozmetika.com\/product\/krema-za-lice-picigin\/#primaryimage"},"image":{"@id":"https:\/\/mestarkozmetika.com\/product\/krema-za-lice-picigin\/#primaryimage"},"thumbnailUrl":"https:\/\/mestarkozmetika.com\/wp-content\/uploads\/2022\/09\/MESTAR-krema-za-muskarce-PICIGIN.png","datePublished":"2022-09-20T13:45:25+00:00","dateModified":"2025-12-02T10:49:23+00:00","description":"Krema za lice PICIGIN parfemskog je mirisa s gornjom notom slatke naran\u010de. Namijenjena njezi suhe i osjetljive ko\u017ee lica.","breadcrumb":{"@id":"https:\/\/mestarkozmetika.com\/product\/krema-za-lice-picigin\/#breadcrumb"},"inLanguage":"en-US","potentialAction":[{"@type":"ReadAction","target":["https:\/\/mestarkozmetika.com\/product\/krema-za-lice-picigin\/"]}]},{"@type":"ImageObject","inLanguage":"en-US","@id":"https:\/\/mestarkozmetika.com\/product\/krema-za-lice-picigin\/#primaryimage","url":"https:\/\/mestarkozmetika.com\/wp-content\/uploads\/2022\/09\/MESTAR-krema-za-muskarce-PICIGIN.png","contentUrl":"https:\/\/mestarkozmetika.com\/wp-content\/uploads\/2022\/09\/MESTAR-krema-za-muskarce-PICIGIN.png","width":600,"height":600},{"@type":"BreadcrumbList","@id":"https:\/\/mestarkozmetika.com\/product\/krema-za-lice-picigin\/#breadcrumb","itemListElement":[{"@type":"ListItem","position":1,"name":"Po\u010detna stranica","item":"https:\/\/mestarkozmetika.com\/"},{"@type":"ListItem","position":2,"name":"Proizvodi","item":"https:\/\/mestarkozmetika.com\/shop\/"},{"@type":"ListItem","position":3,"name":"KREMA ZA LICE PICIGIN 50ML"}]},{"@type":"WebSite","@id":"https:\/\/mestarkozmetika.com\/#website","url":"https:\/\/mestarkozmetika.com\/","name":"Me\u0161tar prirodna kozmetika","description":"Linija proizvoda za mu\u0161karce koji \u017eele kvalitetnu njegu ko\u017ee i brade. Me\u0161tar prirodna kozmetika.","publisher":{"@id":"https:\/\/mestarkozmetika.com\/#organization"},"alternateName":"priodna kozmetika me\u0161tar","potentialAction":[{"@type":"SearchAction","target":{"@type":"EntryPoint","urlTemplate":"https:\/\/mestarkozmetika.com\/?s={search_term_string}"},"query-input":{"@type":"PropertyValueSpecification","valueRequired":true,"valueName":"search_term_string"}}],"inLanguage":"en-US"},{"@type":"Organization","@id":"https:\/\/mestarkozmetika.com\/#organization","name":"Me\u0161tar prirodna kozmetika","alternateName":"priodna kozmetika me\u0161tar","url":"https:\/\/mestarkozmetika.com\/","logo":{"@type":"ImageObject","inLanguage":"en-US","@id":"https:\/\/mestarkozmetika.com\/#\/schema\/logo\/image\/","url":"https:\/\/mestarkozmetika.com\/wp-content\/uploads\/2022\/09\/mestar-logo-kompletan.png","contentUrl":"https:\/\/mestarkozmetika.com\/wp-content\/uploads\/2022\/09\/mestar-logo-kompletan.png","width":1000,"height":546,"caption":"Me\u0161tar prirodna kozmetika"},"image":{"@id":"https:\/\/mestarkozmetika.com\/#\/schema\/logo\/image\/"}}]}},"_links":{"self":[{"href":"https:\/\/mestarkozmetika.com\/en\/wp-json\/wp\/v2\/product\/176","targetHints":{"allow":["GET"]}}],"collection":[{"href":"https:\/\/mestarkozmetika.com\/en\/wp-json\/wp\/v2\/product"}],"about":[{"href":"https:\/\/mestarkozmetika.com\/en\/wp-json\/wp\/v2\/types\/product"}],"wp:featuredmedia":[{"embeddable":true,"href":"https:\/\/mestarkozmetika.com\/en\/wp-json\/wp\/v2\/media\/2884"}],"wp:attachment":[{"href":"https:\/\/mestarkozmetika.com\/en\/wp-json\/wp\/v2\/media?parent=176"}],"wp:term":[{"taxonomy":"product_brand","embeddable":true,"href":"https:\/\/mestarkozmetika.com\/en\/wp-json\/wp\/v2\/product_brand?post=176"},{"taxonomy":"product_cat","embeddable":true,"href":"https:\/\/mestarkozmetika.com\/en\/wp-json\/wp\/v2\/product_cat?post=176"},{"taxonomy":"product_tag","embeddable":true,"href":"https:\/\/mestarkozmetika.com\/en\/wp-json\/wp\/v2\/product_tag?post=176"}],"curies":[{"name":"wp","href":"https:\/\/api.w.org\/{rel}","templated":true}]}}