{"id":175,"date":"2022-09-20T13:40:34","date_gmt":"2022-09-20T13:40:34","guid":{"rendered":"https:\/\/mestarkozmetika.com\/?post_type=product&#038;p=175"},"modified":"2025-12-02T11:49:30","modified_gmt":"2025-12-02T10:49:30","slug":"losion-poslije-brijanja-bagulina-50ml","status":"publish","type":"product","link":"https:\/\/mestarkozmetika.com\/en\/product\/losion-poslije-brijanja-bagulina-50ml\/","title":{"rendered":"LOSION POSLIJE BRIJANJA BAGULINA 50ML"},"content":{"rendered":"<p class=\"Normal tm5\"><span class=\"tm6\">Losion poslije brijanja Bagulina s mirisom koji podsje\u0107a na morsku svje\u017einu s drvenastom notom cedra i borovice. Pogodan je za njegu svih tipova ko\u017ee nakon brijanja. Sadr\u017ei visoko vrijedna hladno pre\u0161ana ulja i karite maslac koji hrane i \u0161tite ko\u017eu. Hidrolati poma\u017eu umiriti ko\u017eu nadra\u017eenu brijanjem i ubla\u017eiti crvenilo bez osje\u0107aja peckanja. Ekstrakti ploda krastavca i korijena sladi\u0107a, Aloe vera, proteini ri\u017ee i vitamin B5 podarit \u0107e ko\u017ei potrebnu vlagu. Losion je lagane teksture, brzo se upija te ostavlja ko\u017eu ugodno hidratiziranom, njegovanom i bar\u0161unasto mekom.<\/span><\/p>\n<p>Ako spadate me\u0111u one mu\u0161karce koji se briju, tada znate da to \u010desto zna biti dosadno, ponekad bolno i osje\u0107ate to kao jo\u0161 jedno nepotrebno gubljenje vremena. Naj\u010de\u0161\u0107e to radite nepravilno \u0161to mo\u017ee ostaviti neke ne\u017eeljene posljedice na njegu lica. Stoga je pa\u017eljivo i pravilno brijanje jako va\u017eno, posebice za osobe s osjetljivom ko\u017eom ili ko\u017enim problemima.<\/p>\n<p><a href=\"https:\/\/mestarkozmetika.com\/en\/kako-njegovati-suhu-kozu-lica-i-sprijeciti-iritacije-nakon-brijanja\/\">Iritacije nakon brijanja<\/a> \u010deste su kod mu\u0161karaca i mogu biti izazvane nepravilnom pripremom ko\u017ee te nedostatkom hidratacije nakon brijanja. Me\u0161tar losion poslije brijanja nje\u017eno \u0107e umiriti ko\u017eu i pomo\u0107i u sprje\u010davanju iritacija zahvaljuju\u0107i svojoj bogatoj formulaciji koja pru\u017ea optimalnu hidrataciju i za\u0161titu.<\/p>\n<p>Kombinacija pravilne njege lica, redovite hidratacije i pa\u017eljive pripreme ko\u017ee prije brijanja klju\u010dna je za odr\u017eavanje zdravog i njegovanog izgleda ko\u017ee lica te sprje\u010davanje suho\u0107e i iritacija nakon brijanja. Odaberite proizvode Me\u0161tar kako biste osigurali optimalnu hidrataciju, za\u0161titu i njegu za va\u0161u ko\u017eu.<\/p>","protected":false},"excerpt":{"rendered":"<p><span class=\"tm6\">Losion poslije brijanja Bagulina s mirisom koji podsje\u0107a na morsku svje\u017einu s drvenastom notom cedra i borovice. Pogodan je za njegu svih tipova ko\u017ee nakon brijanja.<\/span><\/p>","protected":false},"featured_media":2886,"template":"","meta":[],"product_brand":[],"product_cat":[40],"product_tag":[23,27,41,60,33,42],"class_list":{"0":"post-175","1":"product","2":"type-product","3":"status-publish","4":"has-post-thumbnail","6":"product_cat-losion-poslije-brijanja","7":"product_tag-bagulina","8":"product_tag-brijanje","9":"product_tag-losion","10":"product_tag-losion-poslije-brijanja","11":"product_tag-njega-brade","12":"product_tag-njega-lica","14":"first","15":"instock","16":"shipping-taxable","17":"purchasable","18":"product-type-simple"},"yoast_head":"<!-- This site is optimized with the Yoast SEO plugin v25.3 - https:\/\/yoast.com\/wordpress\/plugins\/seo\/ -->\n<title>LOSION POSLIJE BRIJANJA BAGULINA 50ML - Me\u0161tar prirodna kozmetika<\/title>\n<meta name=\"description\" content=\"Losion poslije brijanja s mirisom koji podsje\u0107a na morsku svje\u017einu s drvenastom notom cedra i borovice. Pogodan je za njegu svih tipova ko\u017ee nakon brijanja.\" \/>\n<meta name=\"robots\" content=\"index, follow, max-snippet:-1, max-image-preview:large, max-video-preview:-1\" \/>\n<link rel=\"canonical\" href=\"https:\/\/mestarkozmetika.com\/en\/product\/losion-poslije-brijanja-bagulina-50ml\/\" \/>\n<meta property=\"og:locale\" content=\"en_US\" \/>\n<meta property=\"og:type\" content=\"article\" \/>\n<meta property=\"og:title\" content=\"LOSION POSLIJE BRIJANJA BAGULINA 50ML - Me\u0161tar prirodna kozmetika\" \/>\n<meta property=\"og:description\" content=\"Losion poslije brijanja s mirisom koji podsje\u0107a na morsku svje\u017einu s drvenastom notom cedra i borovice. Pogodan je za njegu svih tipova ko\u017ee nakon brijanja.\" \/>\n<meta property=\"og:url\" content=\"https:\/\/mestarkozmetika.com\/en\/product\/losion-poslije-brijanja-bagulina-50ml\/\" \/>\n<meta property=\"og:site_name\" content=\"Me\u0161tar prirodna kozmetika\" \/>\n<meta property=\"article:modified_time\" content=\"2025-12-02T10:49:30+00:00\" \/>\n<meta property=\"og:image\" content=\"https:\/\/mestarkozmetika.com\/wp-content\/uploads\/2022\/09\/MESTAR-losion-poslije-brijanja-BAGULINA.png\" \/>\n\t<meta property=\"og:image:width\" content=\"600\" \/>\n\t<meta property=\"og:image:height\" content=\"600\" \/>\n\t<meta property=\"og:image:type\" content=\"image\/png\" \/>\n<meta name=\"twitter:card\" content=\"summary_large_image\" \/>\n<meta name=\"twitter:label1\" content=\"Est. reading time\" \/>\n\t<meta name=\"twitter:data1\" content=\"2 minutes\" \/>\n<script type=\"application\/ld+json\" class=\"yoast-schema-graph\">{\"@context\":\"https:\/\/schema.org\",\"@graph\":[{\"@type\":\"WebPage\",\"@id\":\"https:\/\/mestarkozmetika.com\/product\/losion-poslije-brijanja-bagulina-50ml\/\",\"url\":\"https:\/\/mestarkozmetika.com\/product\/losion-poslije-brijanja-bagulina-50ml\/\",\"name\":\"LOSION POSLIJE BRIJANJA BAGULINA 50ML - Me\u0161tar prirodna kozmetika\",\"isPartOf\":{\"@id\":\"https:\/\/mestarkozmetika.com\/#website\"},\"primaryImageOfPage\":{\"@id\":\"https:\/\/mestarkozmetika.com\/product\/losion-poslije-brijanja-bagulina-50ml\/#primaryimage\"},\"image\":{\"@id\":\"https:\/\/mestarkozmetika.com\/product\/losion-poslije-brijanja-bagulina-50ml\/#primaryimage\"},\"thumbnailUrl\":\"https:\/\/mestarkozmetika.com\/wp-content\/uploads\/2022\/09\/MESTAR-losion-poslije-brijanja-BAGULINA.png\",\"datePublished\":\"2022-09-20T13:40:34+00:00\",\"dateModified\":\"2025-12-02T10:49:30+00:00\",\"description\":\"Losion poslije brijanja s mirisom koji podsje\u0107a na morsku svje\u017einu s drvenastom notom cedra i borovice. Pogodan je za njegu svih tipova ko\u017ee nakon brijanja.\",\"breadcrumb\":{\"@id\":\"https:\/\/mestarkozmetika.com\/product\/losion-poslije-brijanja-bagulina-50ml\/#breadcrumb\"},\"inLanguage\":\"en-US\",\"potentialAction\":[{\"@type\":\"ReadAction\",\"target\":[\"https:\/\/mestarkozmetika.com\/product\/losion-poslije-brijanja-bagulina-50ml\/\"]}]},{\"@type\":\"ImageObject\",\"inLanguage\":\"en-US\",\"@id\":\"https:\/\/mestarkozmetika.com\/product\/losion-poslije-brijanja-bagulina-50ml\/#primaryimage\",\"url\":\"https:\/\/mestarkozmetika.com\/wp-content\/uploads\/2022\/09\/MESTAR-losion-poslije-brijanja-BAGULINA.png\",\"contentUrl\":\"https:\/\/mestarkozmetika.com\/wp-content\/uploads\/2022\/09\/MESTAR-losion-poslije-brijanja-BAGULINA.png\",\"width\":600,\"height\":600},{\"@type\":\"BreadcrumbList\",\"@id\":\"https:\/\/mestarkozmetika.com\/product\/losion-poslije-brijanja-bagulina-50ml\/#breadcrumb\",\"itemListElement\":[{\"@type\":\"ListItem\",\"position\":1,\"name\":\"Po\u010detna stranica\",\"item\":\"https:\/\/mestarkozmetika.com\/\"},{\"@type\":\"ListItem\",\"position\":2,\"name\":\"Proizvodi\",\"item\":\"https:\/\/mestarkozmetika.com\/shop\/\"},{\"@type\":\"ListItem\",\"position\":3,\"name\":\"LOSION POSLIJE BRIJANJA BAGULINA 50ML\"}]},{\"@type\":\"WebSite\",\"@id\":\"https:\/\/mestarkozmetika.com\/#website\",\"url\":\"https:\/\/mestarkozmetika.com\/\",\"name\":\"Me\u0161tar prirodna kozmetika\",\"description\":\"Linija proizvoda za mu\u0161karce koji \u017eele kvalitetnu njegu ko\u017ee i brade. Me\u0161tar prirodna kozmetika.\",\"publisher\":{\"@id\":\"https:\/\/mestarkozmetika.com\/#organization\"},\"alternateName\":\"priodna kozmetika me\u0161tar\",\"potentialAction\":[{\"@type\":\"SearchAction\",\"target\":{\"@type\":\"EntryPoint\",\"urlTemplate\":\"https:\/\/mestarkozmetika.com\/?s={search_term_string}\"},\"query-input\":{\"@type\":\"PropertyValueSpecification\",\"valueRequired\":true,\"valueName\":\"search_term_string\"}}],\"inLanguage\":\"en-US\"},{\"@type\":\"Organization\",\"@id\":\"https:\/\/mestarkozmetika.com\/#organization\",\"name\":\"Me\u0161tar prirodna kozmetika\",\"alternateName\":\"priodna kozmetika me\u0161tar\",\"url\":\"https:\/\/mestarkozmetika.com\/\",\"logo\":{\"@type\":\"ImageObject\",\"inLanguage\":\"en-US\",\"@id\":\"https:\/\/mestarkozmetika.com\/#\/schema\/logo\/image\/\",\"url\":\"https:\/\/mestarkozmetika.com\/wp-content\/uploads\/2022\/09\/mestar-logo-kompletan.png\",\"contentUrl\":\"https:\/\/mestarkozmetika.com\/wp-content\/uploads\/2022\/09\/mestar-logo-kompletan.png\",\"width\":1000,\"height\":546,\"caption\":\"Me\u0161tar prirodna kozmetika\"},\"image\":{\"@id\":\"https:\/\/mestarkozmetika.com\/#\/schema\/logo\/image\/\"}}]}<\/script>\n<!-- \/ Yoast SEO plugin. -->","yoast_head_json":{"title":"LOSION POSLIJE BRIJANJA BAGULINA 50ML - Me\u0161tar prirodna kozmetika","description":"Losion poslije brijanja s mirisom koji podsje\u0107a na morsku svje\u017einu s drvenastom notom cedra i borovice. Pogodan je za njegu svih tipova ko\u017ee nakon brijanja.","robots":{"index":"index","follow":"follow","max-snippet":"max-snippet:-1","max-image-preview":"max-image-preview:large","max-video-preview":"max-video-preview:-1"},"canonical":"https:\/\/mestarkozmetika.com\/en\/product\/losion-poslije-brijanja-bagulina-50ml\/","og_locale":"en_US","og_type":"article","og_title":"LOSION POSLIJE BRIJANJA BAGULINA 50ML - Me\u0161tar prirodna kozmetika","og_description":"Losion poslije brijanja s mirisom koji podsje\u0107a na morsku svje\u017einu s drvenastom notom cedra i borovice. Pogodan je za njegu svih tipova ko\u017ee nakon brijanja.","og_url":"https:\/\/mestarkozmetika.com\/en\/product\/losion-poslije-brijanja-bagulina-50ml\/","og_site_name":"Me\u0161tar prirodna kozmetika","article_modified_time":"2025-12-02T10:49:30+00:00","og_image":[{"width":600,"height":600,"url":"https:\/\/mestarkozmetika.com\/wp-content\/uploads\/2022\/09\/MESTAR-losion-poslije-brijanja-BAGULINA.png","type":"image\/png"}],"twitter_card":"summary_large_image","twitter_misc":{"Est. reading time":"2 minutes"},"schema":{"@context":"https:\/\/schema.org","@graph":[{"@type":"WebPage","@id":"https:\/\/mestarkozmetika.com\/product\/losion-poslije-brijanja-bagulina-50ml\/","url":"https:\/\/mestarkozmetika.com\/product\/losion-poslije-brijanja-bagulina-50ml\/","name":"LOSION POSLIJE BRIJANJA BAGULINA 50ML - Me\u0161tar prirodna kozmetika","isPartOf":{"@id":"https:\/\/mestarkozmetika.com\/#website"},"primaryImageOfPage":{"@id":"https:\/\/mestarkozmetika.com\/product\/losion-poslije-brijanja-bagulina-50ml\/#primaryimage"},"image":{"@id":"https:\/\/mestarkozmetika.com\/product\/losion-poslije-brijanja-bagulina-50ml\/#primaryimage"},"thumbnailUrl":"https:\/\/mestarkozmetika.com\/wp-content\/uploads\/2022\/09\/MESTAR-losion-poslije-brijanja-BAGULINA.png","datePublished":"2022-09-20T13:40:34+00:00","dateModified":"2025-12-02T10:49:30+00:00","description":"Losion poslije brijanja s mirisom koji podsje\u0107a na morsku svje\u017einu s drvenastom notom cedra i borovice. Pogodan je za njegu svih tipova ko\u017ee nakon brijanja.","breadcrumb":{"@id":"https:\/\/mestarkozmetika.com\/product\/losion-poslije-brijanja-bagulina-50ml\/#breadcrumb"},"inLanguage":"en-US","potentialAction":[{"@type":"ReadAction","target":["https:\/\/mestarkozmetika.com\/product\/losion-poslije-brijanja-bagulina-50ml\/"]}]},{"@type":"ImageObject","inLanguage":"en-US","@id":"https:\/\/mestarkozmetika.com\/product\/losion-poslije-brijanja-bagulina-50ml\/#primaryimage","url":"https:\/\/mestarkozmetika.com\/wp-content\/uploads\/2022\/09\/MESTAR-losion-poslije-brijanja-BAGULINA.png","contentUrl":"https:\/\/mestarkozmetika.com\/wp-content\/uploads\/2022\/09\/MESTAR-losion-poslije-brijanja-BAGULINA.png","width":600,"height":600},{"@type":"BreadcrumbList","@id":"https:\/\/mestarkozmetika.com\/product\/losion-poslije-brijanja-bagulina-50ml\/#breadcrumb","itemListElement":[{"@type":"ListItem","position":1,"name":"Po\u010detna stranica","item":"https:\/\/mestarkozmetika.com\/"},{"@type":"ListItem","position":2,"name":"Proizvodi","item":"https:\/\/mestarkozmetika.com\/shop\/"},{"@type":"ListItem","position":3,"name":"LOSION POSLIJE BRIJANJA BAGULINA 50ML"}]},{"@type":"WebSite","@id":"https:\/\/mestarkozmetika.com\/#website","url":"https:\/\/mestarkozmetika.com\/","name":"Me\u0161tar prirodna kozmetika","description":"Linija proizvoda za mu\u0161karce koji \u017eele kvalitetnu njegu ko\u017ee i brade. Me\u0161tar prirodna kozmetika.","publisher":{"@id":"https:\/\/mestarkozmetika.com\/#organization"},"alternateName":"priodna kozmetika me\u0161tar","potentialAction":[{"@type":"SearchAction","target":{"@type":"EntryPoint","urlTemplate":"https:\/\/mestarkozmetika.com\/?s={search_term_string}"},"query-input":{"@type":"PropertyValueSpecification","valueRequired":true,"valueName":"search_term_string"}}],"inLanguage":"en-US"},{"@type":"Organization","@id":"https:\/\/mestarkozmetika.com\/#organization","name":"Me\u0161tar prirodna kozmetika","alternateName":"priodna kozmetika me\u0161tar","url":"https:\/\/mestarkozmetika.com\/","logo":{"@type":"ImageObject","inLanguage":"en-US","@id":"https:\/\/mestarkozmetika.com\/#\/schema\/logo\/image\/","url":"https:\/\/mestarkozmetika.com\/wp-content\/uploads\/2022\/09\/mestar-logo-kompletan.png","contentUrl":"https:\/\/mestarkozmetika.com\/wp-content\/uploads\/2022\/09\/mestar-logo-kompletan.png","width":1000,"height":546,"caption":"Me\u0161tar prirodna kozmetika"},"image":{"@id":"https:\/\/mestarkozmetika.com\/#\/schema\/logo\/image\/"}}]}},"_links":{"self":[{"href":"https:\/\/mestarkozmetika.com\/en\/wp-json\/wp\/v2\/product\/175","targetHints":{"allow":["GET"]}}],"collection":[{"href":"https:\/\/mestarkozmetika.com\/en\/wp-json\/wp\/v2\/product"}],"about":[{"href":"https:\/\/mestarkozmetika.com\/en\/wp-json\/wp\/v2\/types\/product"}],"wp:featuredmedia":[{"embeddable":true,"href":"https:\/\/mestarkozmetika.com\/en\/wp-json\/wp\/v2\/media\/2886"}],"wp:attachment":[{"href":"https:\/\/mestarkozmetika.com\/en\/wp-json\/wp\/v2\/media?parent=175"}],"wp:term":[{"taxonomy":"product_brand","embeddable":true,"href":"https:\/\/mestarkozmetika.com\/en\/wp-json\/wp\/v2\/product_brand?post=175"},{"taxonomy":"product_cat","embeddable":true,"href":"https:\/\/mestarkozmetika.com\/en\/wp-json\/wp\/v2\/product_cat?post=175"},{"taxonomy":"product_tag","embeddable":true,"href":"https:\/\/mestarkozmetika.com\/en\/wp-json\/wp\/v2\/product_tag?post=175"}],"curies":[{"name":"wp","href":"https:\/\/api.w.org\/{rel}","templated":true}]}}