{"id":169,"date":"2022-09-20T13:30:46","date_gmt":"2022-09-20T13:30:46","guid":{"rendered":"https:\/\/mestarkozmetika.com\/?post_type=product&#038;p=169"},"modified":"2025-12-02T11:50:11","modified_gmt":"2025-12-02T10:50:11","slug":"sapun-picigin","status":"publish","type":"product","link":"https:\/\/mestarkozmetika.com\/en\/product\/sapun-picigin\/","title":{"rendered":"SAPUN PICIGIN 110G"},"content":{"rendered":"<p class=\"Normal tm5\"><span class=\"tm6\">Sapun Picigin, ru\u010dno izra\u0111en od visoko kvalitetnih hladno pre\u0161anih ulja maslinovog, kokosovog, odr\u017eivog palminog ulja, ricinusovog te shea maslac. Sapun je izra\u0111en hladnim postupkom, vrlo je nje\u017ean za ko\u017eu i daje bogatu kremastu pjenu. Ostavlja ko\u017eu vrlo hidratiziranom i glatkom. Ako \u017eelite da vam kupaonica miri\u0161e na bakine kola\u010de ili vas je uhvatila nostalgija za Bo\u017ei\u0107nim blagdanima onda je ovaj sapun pravi izbor!<\/span><\/p>\n<p>Za one koji vole vo\u0107ne i slatke mirise, Me\u0161tar sapun Picigin nudi miris slatke naran\u010de koji \u0107e vas osvojiti svojom svje\u017einom i neodoljivim mirisom.<\/p>\n<p>Kada je u pitanju njega tijela, mu\u0161karci sve vi\u0161e tra\u017ee proizvode pru\u017eaju osvje\u017eavaju\u0107e iskustvo.<\/p>\n<p>Ovaj osvje\u017eavaju\u0107i sapun za mu\u0161karce ne samo da \u010disti ko\u017eu, ve\u0107 je i dubinski hidratizira. Ostavlja ko\u017eu mekom, glatkom i blistavom. <a href=\"https:\/\/mestarkozmetika.com\/en\/njega-tijela\/\">U\u017eivajte u osvje\u017eavaju\u0107em iskustvu tu\u0161iranja<\/a> i osje\u0107ajte se spremni za novi dan pun energije.<\/p>\n<p>Uz proizvode Me\u0161tar, va\u0161a rutina njege tijela i lica postaje jednostavna, u\u010dinkovita i osvje\u017eavaju\u0107a. Neka va\u0161a ko\u017ea do\u017eivi osje\u0107aj revitalizacije s na\u0161om linijom prirodne kozmetike za mu\u0161karce.<\/p>\n<p>U\u017eivajte u svakom trenutku tu\u0161iranja dok se prepustite mirisima slatke naran\u010de koja \u0107e vam probuditi sva \u010dula i ostaviti ko\u017eu osvje\u017eenom.<\/p>\n<p>Nakon tu\u0161iranja, nanesite svoj <a href=\"https:\/\/mestarkozmetika.com\/en\/deo-roll-on-za-muskarce\/\">omiljeni deo roll<\/a> on i spremni ste za svakodnevne obveze.<\/p>\n<p>Pogledajte i ostale na\u0161e proizvode za njegu tijela te pru\u017eite svojoj ko\u017ei najbolje iz prirode.<\/p>","protected":false},"excerpt":{"rendered":"<p><span class=\"tm6\">Prirodni ru\u010dno izra\u0111en sapun od visoko kvalitetnih hladno pre\u0161anih ulja maslinovog, kokosovog, odr\u017eivog palminog ulja, ricinusovog te shea maslac.<\/span><\/p>","protected":false},"featured_media":3302,"template":"","meta":[],"product_brand":[],"product_cat":[36],"product_tag":[37,25],"class_list":{"0":"post-169","1":"product","2":"type-product","3":"status-publish","4":"has-post-thumbnail","6":"product_cat-sapun-za-tijelo","7":"product_tag-njega-tijela","8":"product_tag-picigin","10":"first","11":"instock","12":"shipping-taxable","13":"purchasable","14":"product-type-simple"},"yoast_head":"<!-- This site is optimized with the Yoast SEO plugin v25.3 - https:\/\/yoast.com\/wordpress\/plugins\/seo\/ -->\n<title>SAPUN PICIGIN 110G<\/title>\n<meta name=\"description\" content=\"Sapun Picigin, ru\u010dno izra\u0111en od visoko kvalitetnih hladno pre\u0161anih ulja maslinovog, kokosovog, odr\u017eivog palminog ulja, ricinusovog te shea maslac.\" \/>\n<meta name=\"robots\" content=\"index, follow, max-snippet:-1, max-image-preview:large, max-video-preview:-1\" \/>\n<link rel=\"canonical\" href=\"https:\/\/mestarkozmetika.com\/en\/product\/sapun-picigin\/\" \/>\n<meta property=\"og:locale\" content=\"en_US\" \/>\n<meta property=\"og:type\" content=\"article\" \/>\n<meta property=\"og:title\" content=\"SAPUN PICIGIN 110G\" \/>\n<meta property=\"og:description\" content=\"Sapun Picigin, ru\u010dno izra\u0111en od visoko kvalitetnih hladno pre\u0161anih ulja maslinovog, kokosovog, odr\u017eivog palminog ulja, ricinusovog te shea maslac.\" \/>\n<meta property=\"og:url\" content=\"https:\/\/mestarkozmetika.com\/en\/product\/sapun-picigin\/\" \/>\n<meta property=\"og:site_name\" content=\"Me\u0161tar prirodna kozmetika\" \/>\n<meta property=\"article:modified_time\" content=\"2025-12-02T10:50:11+00:00\" \/>\n<meta property=\"og:image\" content=\"https:\/\/mestarkozmetika.com\/wp-content\/uploads\/2022\/09\/2024_10_03_8641-819x1024.png\" \/>\n\t<meta property=\"og:image:width\" content=\"819\" \/>\n\t<meta property=\"og:image:height\" content=\"1024\" \/>\n\t<meta property=\"og:image:type\" content=\"image\/png\" \/>\n<meta name=\"twitter:card\" content=\"summary_large_image\" \/>\n<meta name=\"twitter:label1\" content=\"Est. reading time\" \/>\n\t<meta name=\"twitter:data1\" content=\"2 minutes\" \/>\n<script type=\"application\/ld+json\" class=\"yoast-schema-graph\">{\"@context\":\"https:\/\/schema.org\",\"@graph\":[{\"@type\":\"WebPage\",\"@id\":\"https:\/\/mestarkozmetika.com\/product\/sapun-picigin\/\",\"url\":\"https:\/\/mestarkozmetika.com\/product\/sapun-picigin\/\",\"name\":\"SAPUN PICIGIN 110G\",\"isPartOf\":{\"@id\":\"https:\/\/mestarkozmetika.com\/#website\"},\"primaryImageOfPage\":{\"@id\":\"https:\/\/mestarkozmetika.com\/product\/sapun-picigin\/#primaryimage\"},\"image\":{\"@id\":\"https:\/\/mestarkozmetika.com\/product\/sapun-picigin\/#primaryimage\"},\"thumbnailUrl\":\"https:\/\/mestarkozmetika.com\/wp-content\/uploads\/2022\/09\/2024_10_03_8641.png\",\"datePublished\":\"2022-09-20T13:30:46+00:00\",\"dateModified\":\"2025-12-02T10:50:11+00:00\",\"description\":\"Sapun Picigin, ru\u010dno izra\u0111en od visoko kvalitetnih hladno pre\u0161anih ulja maslinovog, kokosovog, odr\u017eivog palminog ulja, ricinusovog te shea maslac.\",\"breadcrumb\":{\"@id\":\"https:\/\/mestarkozmetika.com\/product\/sapun-picigin\/#breadcrumb\"},\"inLanguage\":\"en-US\",\"potentialAction\":[{\"@type\":\"ReadAction\",\"target\":[\"https:\/\/mestarkozmetika.com\/product\/sapun-picigin\/\"]}]},{\"@type\":\"ImageObject\",\"inLanguage\":\"en-US\",\"@id\":\"https:\/\/mestarkozmetika.com\/product\/sapun-picigin\/#primaryimage\",\"url\":\"https:\/\/mestarkozmetika.com\/wp-content\/uploads\/2022\/09\/2024_10_03_8641.png\",\"contentUrl\":\"https:\/\/mestarkozmetika.com\/wp-content\/uploads\/2022\/09\/2024_10_03_8641.png\",\"width\":4640,\"height\":5800,\"caption\":\"Prirodni ru\u010dno ra\u0111eni sapun s karite maslacem Picigin\"},{\"@type\":\"BreadcrumbList\",\"@id\":\"https:\/\/mestarkozmetika.com\/product\/sapun-picigin\/#breadcrumb\",\"itemListElement\":[{\"@type\":\"ListItem\",\"position\":1,\"name\":\"Po\u010detna stranica\",\"item\":\"https:\/\/mestarkozmetika.com\/\"},{\"@type\":\"ListItem\",\"position\":2,\"name\":\"Proizvodi\",\"item\":\"https:\/\/mestarkozmetika.com\/shop\/\"},{\"@type\":\"ListItem\",\"position\":3,\"name\":\"SAPUN PICIGIN 110G\"}]},{\"@type\":\"WebSite\",\"@id\":\"https:\/\/mestarkozmetika.com\/#website\",\"url\":\"https:\/\/mestarkozmetika.com\/\",\"name\":\"Me\u0161tar prirodna kozmetika\",\"description\":\"Linija proizvoda za mu\u0161karce koji \u017eele kvalitetnu njegu ko\u017ee i brade. Me\u0161tar prirodna kozmetika.\",\"publisher\":{\"@id\":\"https:\/\/mestarkozmetika.com\/#organization\"},\"alternateName\":\"priodna kozmetika me\u0161tar\",\"potentialAction\":[{\"@type\":\"SearchAction\",\"target\":{\"@type\":\"EntryPoint\",\"urlTemplate\":\"https:\/\/mestarkozmetika.com\/?s={search_term_string}\"},\"query-input\":{\"@type\":\"PropertyValueSpecification\",\"valueRequired\":true,\"valueName\":\"search_term_string\"}}],\"inLanguage\":\"en-US\"},{\"@type\":\"Organization\",\"@id\":\"https:\/\/mestarkozmetika.com\/#organization\",\"name\":\"Me\u0161tar prirodna kozmetika\",\"alternateName\":\"priodna kozmetika me\u0161tar\",\"url\":\"https:\/\/mestarkozmetika.com\/\",\"logo\":{\"@type\":\"ImageObject\",\"inLanguage\":\"en-US\",\"@id\":\"https:\/\/mestarkozmetika.com\/#\/schema\/logo\/image\/\",\"url\":\"https:\/\/mestarkozmetika.com\/wp-content\/uploads\/2022\/09\/mestar-logo-kompletan.png\",\"contentUrl\":\"https:\/\/mestarkozmetika.com\/wp-content\/uploads\/2022\/09\/mestar-logo-kompletan.png\",\"width\":1000,\"height\":546,\"caption\":\"Me\u0161tar prirodna kozmetika\"},\"image\":{\"@id\":\"https:\/\/mestarkozmetika.com\/#\/schema\/logo\/image\/\"}}]}<\/script>\n<!-- \/ Yoast SEO plugin. -->","yoast_head_json":{"title":"SAPUN PICIGIN 110G","description":"Sapun Picigin, ru\u010dno izra\u0111en od visoko kvalitetnih hladno pre\u0161anih ulja maslinovog, kokosovog, odr\u017eivog palminog ulja, ricinusovog te shea maslac.","robots":{"index":"index","follow":"follow","max-snippet":"max-snippet:-1","max-image-preview":"max-image-preview:large","max-video-preview":"max-video-preview:-1"},"canonical":"https:\/\/mestarkozmetika.com\/en\/product\/sapun-picigin\/","og_locale":"en_US","og_type":"article","og_title":"SAPUN PICIGIN 110G","og_description":"Sapun Picigin, ru\u010dno izra\u0111en od visoko kvalitetnih hladno pre\u0161anih ulja maslinovog, kokosovog, odr\u017eivog palminog ulja, ricinusovog te shea maslac.","og_url":"https:\/\/mestarkozmetika.com\/en\/product\/sapun-picigin\/","og_site_name":"Me\u0161tar prirodna kozmetika","article_modified_time":"2025-12-02T10:50:11+00:00","og_image":[{"width":819,"height":1024,"url":"https:\/\/mestarkozmetika.com\/wp-content\/uploads\/2022\/09\/2024_10_03_8641-819x1024.png","type":"image\/png"}],"twitter_card":"summary_large_image","twitter_misc":{"Est. reading time":"2 minutes"},"schema":{"@context":"https:\/\/schema.org","@graph":[{"@type":"WebPage","@id":"https:\/\/mestarkozmetika.com\/product\/sapun-picigin\/","url":"https:\/\/mestarkozmetika.com\/product\/sapun-picigin\/","name":"SAPUN PICIGIN 110G","isPartOf":{"@id":"https:\/\/mestarkozmetika.com\/#website"},"primaryImageOfPage":{"@id":"https:\/\/mestarkozmetika.com\/product\/sapun-picigin\/#primaryimage"},"image":{"@id":"https:\/\/mestarkozmetika.com\/product\/sapun-picigin\/#primaryimage"},"thumbnailUrl":"https:\/\/mestarkozmetika.com\/wp-content\/uploads\/2022\/09\/2024_10_03_8641.png","datePublished":"2022-09-20T13:30:46+00:00","dateModified":"2025-12-02T10:50:11+00:00","description":"Sapun Picigin, ru\u010dno izra\u0111en od visoko kvalitetnih hladno pre\u0161anih ulja maslinovog, kokosovog, odr\u017eivog palminog ulja, ricinusovog te shea maslac.","breadcrumb":{"@id":"https:\/\/mestarkozmetika.com\/product\/sapun-picigin\/#breadcrumb"},"inLanguage":"en-US","potentialAction":[{"@type":"ReadAction","target":["https:\/\/mestarkozmetika.com\/product\/sapun-picigin\/"]}]},{"@type":"ImageObject","inLanguage":"en-US","@id":"https:\/\/mestarkozmetika.com\/product\/sapun-picigin\/#primaryimage","url":"https:\/\/mestarkozmetika.com\/wp-content\/uploads\/2022\/09\/2024_10_03_8641.png","contentUrl":"https:\/\/mestarkozmetika.com\/wp-content\/uploads\/2022\/09\/2024_10_03_8641.png","width":4640,"height":5800,"caption":"Prirodni ru\u010dno ra\u0111eni sapun s karite maslacem Picigin"},{"@type":"BreadcrumbList","@id":"https:\/\/mestarkozmetika.com\/product\/sapun-picigin\/#breadcrumb","itemListElement":[{"@type":"ListItem","position":1,"name":"Po\u010detna stranica","item":"https:\/\/mestarkozmetika.com\/"},{"@type":"ListItem","position":2,"name":"Proizvodi","item":"https:\/\/mestarkozmetika.com\/shop\/"},{"@type":"ListItem","position":3,"name":"SAPUN PICIGIN 110G"}]},{"@type":"WebSite","@id":"https:\/\/mestarkozmetika.com\/#website","url":"https:\/\/mestarkozmetika.com\/","name":"Me\u0161tar prirodna kozmetika","description":"Linija proizvoda za mu\u0161karce koji \u017eele kvalitetnu njegu ko\u017ee i brade. Me\u0161tar prirodna kozmetika.","publisher":{"@id":"https:\/\/mestarkozmetika.com\/#organization"},"alternateName":"priodna kozmetika me\u0161tar","potentialAction":[{"@type":"SearchAction","target":{"@type":"EntryPoint","urlTemplate":"https:\/\/mestarkozmetika.com\/?s={search_term_string}"},"query-input":{"@type":"PropertyValueSpecification","valueRequired":true,"valueName":"search_term_string"}}],"inLanguage":"en-US"},{"@type":"Organization","@id":"https:\/\/mestarkozmetika.com\/#organization","name":"Me\u0161tar prirodna kozmetika","alternateName":"priodna kozmetika me\u0161tar","url":"https:\/\/mestarkozmetika.com\/","logo":{"@type":"ImageObject","inLanguage":"en-US","@id":"https:\/\/mestarkozmetika.com\/#\/schema\/logo\/image\/","url":"https:\/\/mestarkozmetika.com\/wp-content\/uploads\/2022\/09\/mestar-logo-kompletan.png","contentUrl":"https:\/\/mestarkozmetika.com\/wp-content\/uploads\/2022\/09\/mestar-logo-kompletan.png","width":1000,"height":546,"caption":"Me\u0161tar prirodna kozmetika"},"image":{"@id":"https:\/\/mestarkozmetika.com\/#\/schema\/logo\/image\/"}}]}},"_links":{"self":[{"href":"https:\/\/mestarkozmetika.com\/en\/wp-json\/wp\/v2\/product\/169","targetHints":{"allow":["GET"]}}],"collection":[{"href":"https:\/\/mestarkozmetika.com\/en\/wp-json\/wp\/v2\/product"}],"about":[{"href":"https:\/\/mestarkozmetika.com\/en\/wp-json\/wp\/v2\/types\/product"}],"wp:featuredmedia":[{"embeddable":true,"href":"https:\/\/mestarkozmetika.com\/en\/wp-json\/wp\/v2\/media\/3302"}],"wp:attachment":[{"href":"https:\/\/mestarkozmetika.com\/en\/wp-json\/wp\/v2\/media?parent=169"}],"wp:term":[{"taxonomy":"product_brand","embeddable":true,"href":"https:\/\/mestarkozmetika.com\/en\/wp-json\/wp\/v2\/product_brand?post=169"},{"taxonomy":"product_cat","embeddable":true,"href":"https:\/\/mestarkozmetika.com\/en\/wp-json\/wp\/v2\/product_cat?post=169"},{"taxonomy":"product_tag","embeddable":true,"href":"https:\/\/mestarkozmetika.com\/en\/wp-json\/wp\/v2\/product_tag?post=169"}],"curies":[{"name":"wp","href":"https:\/\/api.w.org\/{rel}","templated":true}]}}