{"id":162,"date":"2022-09-20T13:14:18","date_gmt":"2022-09-20T11:14:18","guid":{"rendered":"https:\/\/mestarkozmetika.com\/?post_type=product&#038;p=162"},"modified":"2025-12-02T11:51:11","modified_gmt":"2025-12-02T10:51:11","slug":"krema-prije-brijanja","status":"publish","type":"product","link":"https:\/\/mestarkozmetika.com\/en\/product\/krema-prije-brijanja\/","title":{"rendered":"KREMA PRIJE BRIJANJA BALATURA 50ML"},"content":{"rendered":"<p class=\"Normal tm5\"><span class=\"tm6\">Krema prije brijanja Balatura namijenjena je hidrataciji ko\u017ee kako bi se olak\u0161alo klizanje britvice prilikom brijanja. Posebno je ugodna za suhu i osjetljivu ko\u017eu. Sadr\u017ei hladno pre\u0161ana ulja suncokreta, ricinusa, ri\u017ee, marelice, badema, kokosa, jojobe te karite maslaca. Hidrolati \u0107e smiriti osjetljivu i iritiranu ko\u017eu te ubla\u017eiti crvenilo bez osje\u0107aja peckanja. Ekstrakti ploda krastavca i sladi\u0107a, aloe vera gel, proteini ri\u017ee i vitamin B5 podarit \u0107e ko\u017ei potrebnu vlagu. Krema \u0107e nahraniti ko\u017eu. Lagane je teksture, pobolj\u0161ava tonus ko\u017ee, a zbog svojih aktivnih sastojaka ko\u017eu ostavlja hidratiziranom, ugodno zategnutom, nje\u017enom i glatkom. ME\u0160TAR krema prije brijanja BALATURA donosi miris dalmatinskog za\u010dinskog bilja sa\u00a0 svje\u017eim mirisom limete i bergamota.\u00a0<\/span><\/p>\n<p>Priprema ko\u017ee lica prije brijanja je iznimno va\u017ena.<\/p>\n<p>Ovaj korak se naj\u010de\u0161\u0107e izbjegava, a vrlo je bitan! Mo\u017eda i najbitniji jer \u0107e pravilna priprema doprinijeti da brijanje bude ugodno i bez ne\u017eeljenih posljedica. Brijanje je najbolje obaviti nakon tu\u0161iranja kada je lice &#8220;napareno&#8221; vlagom, a pore su otvorene pa je sam proces manje agresivan prema ko\u017ei lica. Stoga tijekom tu\u0161iranja dobro, dobro navla\u017eite lice! Nekada je ve\u0107 ovo dovoljno, no ako \u017eelite jo\u0161 bolje brijanje tada iskoristite neki od proizvoda za prije brijanja. Mi vam preporu\u010dujemo kremu prije brijanja.<\/p>\n<p>Na jo\u0161 vla\u017enu ko\u017eu nanesite kremu prije brijanja, dobro ju utrljajte. Krema \u0107e omek\u0161ati i hidratizirati va\u0161e lice te ga pripremiti za sam proces brijanja. Me\u0161tar krema prije brijanja lagane je teksture, pobolj\u0161ava tonus ko\u017ee, a zbog svojih aktivnih sastojaka ko\u017eu ostavlja hidratiziranom, ugodno zategnutom, nje\u017enom i glatkom.<\/p>\n<p>Ukoliko vas zanima detaljnija priprema ko\u017ee lica prije brijanja, kao i sami koraci u brijanju, preporu\u010damo pro\u010ditati <a href=\"https:\/\/mestarkozmetika.com\/en\/pravilno-brijanje-i-njega-lica\/\">na\u0161 vodi\u010d kroz brijanje<\/a> \ud83d\ude42<\/p>","protected":false},"excerpt":{"rendered":"<p><span class=\"tm6\">Krema prije brijanja Balatura namijenjena je hidrataciji ko\u017ee kako bi se olak\u0161alo klizanje britvice prilikom brijanja. Donosi miris dalmatinskog za\u010dinskog bilja s blagom notom lavande i svje\u017eim mirisom limete i bergamota.<\/span><\/p>","protected":false},"featured_media":2893,"template":"","meta":[],"product_brand":[],"product_cat":[26],"product_tag":[24,27,28],"class_list":{"0":"post-162","1":"product","2":"type-product","3":"status-publish","4":"has-post-thumbnail","6":"product_cat-krema-prije-brijanja","7":"product_tag-balatura","8":"product_tag-brijanje","9":"product_tag-krema","11":"first","12":"outofstock","13":"shipping-taxable","14":"purchasable","15":"product-type-simple"},"yoast_head":"<!-- This site is optimized with the Yoast SEO plugin v25.3 - https:\/\/yoast.com\/wordpress\/plugins\/seo\/ -->\n<title>KREMA PRIJE BRIJANJA BALATURA 50ML - Me\u0161tar prirodna kozmetika<\/title>\n<meta name=\"description\" content=\"Krema prije brijanja Balatura namijenjena je hidrataciji ko\u017ee kako bi se olak\u0161alo klizanje britvice prilikom brijanja. Donosi miris limete i bergamota.\" \/>\n<meta name=\"robots\" content=\"index, follow, max-snippet:-1, max-image-preview:large, max-video-preview:-1\" \/>\n<link rel=\"canonical\" href=\"https:\/\/mestarkozmetika.com\/en\/product\/krema-prije-brijanja\/\" \/>\n<meta property=\"og:locale\" content=\"en_US\" \/>\n<meta property=\"og:type\" content=\"article\" \/>\n<meta property=\"og:title\" content=\"KREMA PRIJE BRIJANJA BALATURA 50ML - Me\u0161tar prirodna kozmetika\" \/>\n<meta property=\"og:description\" content=\"Krema prije brijanja Balatura namijenjena je hidrataciji ko\u017ee kako bi se olak\u0161alo klizanje britvice prilikom brijanja. Donosi miris limete i bergamota.\" \/>\n<meta property=\"og:url\" content=\"https:\/\/mestarkozmetika.com\/en\/product\/krema-prije-brijanja\/\" \/>\n<meta property=\"og:site_name\" content=\"Me\u0161tar prirodna kozmetika\" \/>\n<meta property=\"article:modified_time\" content=\"2025-12-02T10:51:11+00:00\" \/>\n<meta property=\"og:image\" content=\"https:\/\/mestarkozmetika.com\/wp-content\/uploads\/2022\/09\/MESTAR-krema-prije-brijanja-BALATURA-1.png\" \/>\n\t<meta property=\"og:image:width\" content=\"600\" \/>\n\t<meta property=\"og:image:height\" content=\"600\" \/>\n\t<meta property=\"og:image:type\" content=\"image\/png\" \/>\n<meta name=\"twitter:card\" content=\"summary_large_image\" \/>\n<meta name=\"twitter:label1\" content=\"Est. reading time\" \/>\n\t<meta name=\"twitter:data1\" content=\"2 minutes\" \/>\n<script type=\"application\/ld+json\" class=\"yoast-schema-graph\">{\"@context\":\"https:\/\/schema.org\",\"@graph\":[{\"@type\":\"WebPage\",\"@id\":\"https:\/\/mestarkozmetika.com\/product\/krema-prije-brijanja\/\",\"url\":\"https:\/\/mestarkozmetika.com\/product\/krema-prije-brijanja\/\",\"name\":\"KREMA PRIJE BRIJANJA BALATURA 50ML - Me\u0161tar prirodna kozmetika\",\"isPartOf\":{\"@id\":\"https:\/\/mestarkozmetika.com\/#website\"},\"primaryImageOfPage\":{\"@id\":\"https:\/\/mestarkozmetika.com\/product\/krema-prije-brijanja\/#primaryimage\"},\"image\":{\"@id\":\"https:\/\/mestarkozmetika.com\/product\/krema-prije-brijanja\/#primaryimage\"},\"thumbnailUrl\":\"https:\/\/mestarkozmetika.com\/wp-content\/uploads\/2022\/09\/MESTAR-krema-prije-brijanja-BALATURA-1.png\",\"datePublished\":\"2022-09-20T11:14:18+00:00\",\"dateModified\":\"2025-12-02T10:51:11+00:00\",\"description\":\"Krema prije brijanja Balatura namijenjena je hidrataciji ko\u017ee kako bi se olak\u0161alo klizanje britvice prilikom brijanja. Donosi miris limete i bergamota.\",\"breadcrumb\":{\"@id\":\"https:\/\/mestarkozmetika.com\/product\/krema-prije-brijanja\/#breadcrumb\"},\"inLanguage\":\"en-US\",\"potentialAction\":[{\"@type\":\"ReadAction\",\"target\":[\"https:\/\/mestarkozmetika.com\/product\/krema-prije-brijanja\/\"]}]},{\"@type\":\"ImageObject\",\"inLanguage\":\"en-US\",\"@id\":\"https:\/\/mestarkozmetika.com\/product\/krema-prije-brijanja\/#primaryimage\",\"url\":\"https:\/\/mestarkozmetika.com\/wp-content\/uploads\/2022\/09\/MESTAR-krema-prije-brijanja-BALATURA-1.png\",\"contentUrl\":\"https:\/\/mestarkozmetika.com\/wp-content\/uploads\/2022\/09\/MESTAR-krema-prije-brijanja-BALATURA-1.png\",\"width\":600,\"height\":600},{\"@type\":\"BreadcrumbList\",\"@id\":\"https:\/\/mestarkozmetika.com\/product\/krema-prije-brijanja\/#breadcrumb\",\"itemListElement\":[{\"@type\":\"ListItem\",\"position\":1,\"name\":\"Po\u010detna stranica\",\"item\":\"https:\/\/mestarkozmetika.com\/\"},{\"@type\":\"ListItem\",\"position\":2,\"name\":\"Proizvodi\",\"item\":\"https:\/\/mestarkozmetika.com\/shop\/\"},{\"@type\":\"ListItem\",\"position\":3,\"name\":\"KREMA PRIJE BRIJANJA BALATURA 50ML\"}]},{\"@type\":\"WebSite\",\"@id\":\"https:\/\/mestarkozmetika.com\/#website\",\"url\":\"https:\/\/mestarkozmetika.com\/\",\"name\":\"Me\u0161tar prirodna kozmetika\",\"description\":\"Linija proizvoda za mu\u0161karce koji \u017eele kvalitetnu njegu ko\u017ee i brade. Me\u0161tar prirodna kozmetika.\",\"publisher\":{\"@id\":\"https:\/\/mestarkozmetika.com\/#organization\"},\"alternateName\":\"priodna kozmetika me\u0161tar\",\"potentialAction\":[{\"@type\":\"SearchAction\",\"target\":{\"@type\":\"EntryPoint\",\"urlTemplate\":\"https:\/\/mestarkozmetika.com\/?s={search_term_string}\"},\"query-input\":{\"@type\":\"PropertyValueSpecification\",\"valueRequired\":true,\"valueName\":\"search_term_string\"}}],\"inLanguage\":\"en-US\"},{\"@type\":\"Organization\",\"@id\":\"https:\/\/mestarkozmetika.com\/#organization\",\"name\":\"Me\u0161tar prirodna kozmetika\",\"alternateName\":\"priodna kozmetika me\u0161tar\",\"url\":\"https:\/\/mestarkozmetika.com\/\",\"logo\":{\"@type\":\"ImageObject\",\"inLanguage\":\"en-US\",\"@id\":\"https:\/\/mestarkozmetika.com\/#\/schema\/logo\/image\/\",\"url\":\"https:\/\/mestarkozmetika.com\/wp-content\/uploads\/2022\/09\/mestar-logo-kompletan.png\",\"contentUrl\":\"https:\/\/mestarkozmetika.com\/wp-content\/uploads\/2022\/09\/mestar-logo-kompletan.png\",\"width\":1000,\"height\":546,\"caption\":\"Me\u0161tar prirodna kozmetika\"},\"image\":{\"@id\":\"https:\/\/mestarkozmetika.com\/#\/schema\/logo\/image\/\"}}]}<\/script>\n<!-- \/ Yoast SEO plugin. -->","yoast_head_json":{"title":"KREMA PRIJE BRIJANJA BALATURA 50ML - Me\u0161tar prirodna kozmetika","description":"Krema prije brijanja Balatura namijenjena je hidrataciji ko\u017ee kako bi se olak\u0161alo klizanje britvice prilikom brijanja. Donosi miris limete i bergamota.","robots":{"index":"index","follow":"follow","max-snippet":"max-snippet:-1","max-image-preview":"max-image-preview:large","max-video-preview":"max-video-preview:-1"},"canonical":"https:\/\/mestarkozmetika.com\/en\/product\/krema-prije-brijanja\/","og_locale":"en_US","og_type":"article","og_title":"KREMA PRIJE BRIJANJA BALATURA 50ML - Me\u0161tar prirodna kozmetika","og_description":"Krema prije brijanja Balatura namijenjena je hidrataciji ko\u017ee kako bi se olak\u0161alo klizanje britvice prilikom brijanja. Donosi miris limete i bergamota.","og_url":"https:\/\/mestarkozmetika.com\/en\/product\/krema-prije-brijanja\/","og_site_name":"Me\u0161tar prirodna kozmetika","article_modified_time":"2025-12-02T10:51:11+00:00","og_image":[{"width":600,"height":600,"url":"https:\/\/mestarkozmetika.com\/wp-content\/uploads\/2022\/09\/MESTAR-krema-prije-brijanja-BALATURA-1.png","type":"image\/png"}],"twitter_card":"summary_large_image","twitter_misc":{"Est. reading time":"2 minutes"},"schema":{"@context":"https:\/\/schema.org","@graph":[{"@type":"WebPage","@id":"https:\/\/mestarkozmetika.com\/product\/krema-prije-brijanja\/","url":"https:\/\/mestarkozmetika.com\/product\/krema-prije-brijanja\/","name":"KREMA PRIJE BRIJANJA BALATURA 50ML - Me\u0161tar prirodna kozmetika","isPartOf":{"@id":"https:\/\/mestarkozmetika.com\/#website"},"primaryImageOfPage":{"@id":"https:\/\/mestarkozmetika.com\/product\/krema-prije-brijanja\/#primaryimage"},"image":{"@id":"https:\/\/mestarkozmetika.com\/product\/krema-prije-brijanja\/#primaryimage"},"thumbnailUrl":"https:\/\/mestarkozmetika.com\/wp-content\/uploads\/2022\/09\/MESTAR-krema-prije-brijanja-BALATURA-1.png","datePublished":"2022-09-20T11:14:18+00:00","dateModified":"2025-12-02T10:51:11+00:00","description":"Krema prije brijanja Balatura namijenjena je hidrataciji ko\u017ee kako bi se olak\u0161alo klizanje britvice prilikom brijanja. Donosi miris limete i bergamota.","breadcrumb":{"@id":"https:\/\/mestarkozmetika.com\/product\/krema-prije-brijanja\/#breadcrumb"},"inLanguage":"en-US","potentialAction":[{"@type":"ReadAction","target":["https:\/\/mestarkozmetika.com\/product\/krema-prije-brijanja\/"]}]},{"@type":"ImageObject","inLanguage":"en-US","@id":"https:\/\/mestarkozmetika.com\/product\/krema-prije-brijanja\/#primaryimage","url":"https:\/\/mestarkozmetika.com\/wp-content\/uploads\/2022\/09\/MESTAR-krema-prije-brijanja-BALATURA-1.png","contentUrl":"https:\/\/mestarkozmetika.com\/wp-content\/uploads\/2022\/09\/MESTAR-krema-prije-brijanja-BALATURA-1.png","width":600,"height":600},{"@type":"BreadcrumbList","@id":"https:\/\/mestarkozmetika.com\/product\/krema-prije-brijanja\/#breadcrumb","itemListElement":[{"@type":"ListItem","position":1,"name":"Po\u010detna stranica","item":"https:\/\/mestarkozmetika.com\/"},{"@type":"ListItem","position":2,"name":"Proizvodi","item":"https:\/\/mestarkozmetika.com\/shop\/"},{"@type":"ListItem","position":3,"name":"KREMA PRIJE BRIJANJA BALATURA 50ML"}]},{"@type":"WebSite","@id":"https:\/\/mestarkozmetika.com\/#website","url":"https:\/\/mestarkozmetika.com\/","name":"Me\u0161tar prirodna kozmetika","description":"Linija proizvoda za mu\u0161karce koji \u017eele kvalitetnu njegu ko\u017ee i brade. Me\u0161tar prirodna kozmetika.","publisher":{"@id":"https:\/\/mestarkozmetika.com\/#organization"},"alternateName":"priodna kozmetika me\u0161tar","potentialAction":[{"@type":"SearchAction","target":{"@type":"EntryPoint","urlTemplate":"https:\/\/mestarkozmetika.com\/?s={search_term_string}"},"query-input":{"@type":"PropertyValueSpecification","valueRequired":true,"valueName":"search_term_string"}}],"inLanguage":"en-US"},{"@type":"Organization","@id":"https:\/\/mestarkozmetika.com\/#organization","name":"Me\u0161tar prirodna kozmetika","alternateName":"priodna kozmetika me\u0161tar","url":"https:\/\/mestarkozmetika.com\/","logo":{"@type":"ImageObject","inLanguage":"en-US","@id":"https:\/\/mestarkozmetika.com\/#\/schema\/logo\/image\/","url":"https:\/\/mestarkozmetika.com\/wp-content\/uploads\/2022\/09\/mestar-logo-kompletan.png","contentUrl":"https:\/\/mestarkozmetika.com\/wp-content\/uploads\/2022\/09\/mestar-logo-kompletan.png","width":1000,"height":546,"caption":"Me\u0161tar prirodna kozmetika"},"image":{"@id":"https:\/\/mestarkozmetika.com\/#\/schema\/logo\/image\/"}}]}},"_links":{"self":[{"href":"https:\/\/mestarkozmetika.com\/en\/wp-json\/wp\/v2\/product\/162","targetHints":{"allow":["GET"]}}],"collection":[{"href":"https:\/\/mestarkozmetika.com\/en\/wp-json\/wp\/v2\/product"}],"about":[{"href":"https:\/\/mestarkozmetika.com\/en\/wp-json\/wp\/v2\/types\/product"}],"wp:featuredmedia":[{"embeddable":true,"href":"https:\/\/mestarkozmetika.com\/en\/wp-json\/wp\/v2\/media\/2893"}],"wp:attachment":[{"href":"https:\/\/mestarkozmetika.com\/en\/wp-json\/wp\/v2\/media?parent=162"}],"wp:term":[{"taxonomy":"product_brand","embeddable":true,"href":"https:\/\/mestarkozmetika.com\/en\/wp-json\/wp\/v2\/product_brand?post=162"},{"taxonomy":"product_cat","embeddable":true,"href":"https:\/\/mestarkozmetika.com\/en\/wp-json\/wp\/v2\/product_cat?post=162"},{"taxonomy":"product_tag","embeddable":true,"href":"https:\/\/mestarkozmetika.com\/en\/wp-json\/wp\/v2\/product_tag?post=162"}],"curies":[{"name":"wp","href":"https:\/\/api.w.org\/{rel}","templated":true}]}}