{"id":159,"date":"2022-09-20T12:56:23","date_gmt":"2022-09-20T12:56:23","guid":{"rendered":"https:\/\/mestarkozmetika.com\/?post_type=product&#038;p=159"},"modified":"2025-12-02T11:51:31","modified_gmt":"2025-12-02T10:51:31","slug":"ulje-za-bradu","status":"publish","type":"product","link":"https:\/\/mestarkozmetika.com\/en\/product\/ulje-za-bradu\/","title":{"rendered":"ULJE ZA BRADU BAGULINA 30ML"},"content":{"rendered":"<p class=\"Normal tm5\"><span class=\"tm6\">Ulje za bradu Bagulina sadr\u017ei hladno pre\u0161ana ulja marelice, makadamije, lje\u0161njaka, badema, frakcioniranog kokosa, argana i ploda divlje ru\u017ee. Bogato je antioksidansima vitaminom E i ekstraktom ru\u017emarina. Brzo se upija u ko\u017eu i dlaku. Ulje ne ostavlja masni trag, a rezultira hidratantnom i mekom bradom. Poma\u017ee u smirivanju iritacija, svrbe\u017ei i perutanja.<\/span><\/p>\n<p>Njega brade je izraz stila i osobnosti!<\/p>\n<p class=\"Normal tm5\"><span class=\"tm6\">Ulje za bradu Bagulina svojim mirisom podsje\u0107a na morsku svje\u017einu s drvenastom notom cedra i borovice.<\/span><\/p>\n<p>Mu\u0161ka brada je vi\u0161e od samo rasta dlaka na licu te kao i svaki dio tijela, zahtijeva odgovaraju\u0107u njegu kako bi ostala uredna i privla\u010dna.<\/p>\n<p>Njega brade je klju\u010dna kako biste dobili mekanu i nje\u017enu bradu, bez svrbe\u017ea i perutanja!<\/p>\n<p>Kako koristiti ulje?<\/p>\n<p>Nanesite ga na \u010distu i suhu bradu nakon pranja brade\u00a0<a href=\"https:\/\/mestarkozmetika.com\/en\/product\/sampon-za-bradu-balatura\/\">\u0161amponom <\/a>ili <a href=\"https:\/\/mestarkozmetika.com\/en\/product\/pivski-sapun-za-bradu-bagulina-85g\/\">pivskim sapunom<\/a><a href=\"https:\/\/mestarkozmetika.com\/en\/product\/sampon-za-bradu-balatura\/\">.<\/a><\/p>\n<p>Koraci u pranju brade kao priprema za ulje:<\/p>\n<p>Prije nego \u0161to po\u010dnete, po\u010de\u0161ljajte bradu kako biste uklonili sve zapetljane dlake.<\/p>\n<p>Navla\u017eite bradu toplom vodom. Topla voda \u0107e otvoriti pore i omek\u0161ati dlake, \u0161to \u0107e omogu\u0107iti \u0161amponu da bolje djeluje.<\/p>\n<p>Stavite malu koli\u010dinu teku\u0107eg \u0161ampona za bradu na dlan.<\/p>\n<p>Utrljajte \u0161ampon izme\u0111u dlanova kako biste ga ravnomjerno rasporedili.<\/p>\n<p>Umasirajte \u0161ampon u bradu, paze\u0107i da dosegnete ko\u017eu ispod. Koristite kru\u017ene pokrete prstima kako biste temeljito o\u010distili dlaku brade.<\/p>\n<p>Posvetite posebnu pa\u017enju podru\u010djima gdje se brada susre\u0107e sa ko\u017eom lica, jer se tu naj\u010de\u0161\u0107e skuplja prljav\u0161tina i ulja.<\/p>\n<p>Temeljito isperite bradu toplom vodom dok se sav \u0161ampon ne ukloni.<\/p>\n<p>Nje\u017eno obri\u0161ite bradu ru\u010dnikom. Izbjegavajte grubo trljanje, jer mo\u017ee o\u0161tetiti dlake brade.<\/p>\n<p>Dovoljno je nanijeti malu koli\u010dinu ulja na dlanove. Kapnite nekoliko kapi na dlanove te potom blagom masa\u017eom utrljajte u bradu i ko\u017eu ispod brade. Na taj na\u010din \u0107ete hidratizirati i ko\u017eu lica \u0161to mo\u017ee pomo\u0107i u sprje\u010davanju iritacija, svrbe\u017ea i peruti.<\/p>\n<p>Ukoliko imate du\u017eu bradu, is\u010de\u0161ljajte ju \u010detkom ili \u010de\u0161ljem za bradu.<\/p>\n<p>Dobit \u0107ete mekanu i nje\u017enu bradu, bez svrbe\u017ea i perutanja!<\/p>\n<p>&nbsp;<\/p>\n<p>&nbsp;<\/p>","protected":false},"excerpt":{"rendered":"<p><span class=\"tm6\">Ulje za bradu Bagulina svojim mirisom podsje\u0107a na morsku svje\u017einu s drvenastom notom cedra i borovice te poma\u017ee u sprje\u010davanju iritacija, svrbe\u017ea i perutanja. Brzo se upija i ne ostavlja masni trag.<\/span><\/p>","protected":false},"featured_media":2899,"template":"","meta":[],"product_brand":[],"product_cat":[21],"product_tag":[23,22],"class_list":{"0":"post-159","1":"product","2":"type-product","3":"status-publish","4":"has-post-thumbnail","6":"product_cat-suho-ulje","7":"product_tag-bagulina","8":"product_tag-ulje-za-bradu","10":"first","11":"outofstock","12":"shipping-taxable","13":"purchasable","14":"product-type-simple"},"yoast_head":"<!-- This site is optimized with the Yoast SEO plugin v25.3 - https:\/\/yoast.com\/wordpress\/plugins\/seo\/ -->\n<title>ulje za bradu bagulina<\/title>\n<meta name=\"description\" content=\"Ulje za bradu svojim mirisom donosi morsku svje\u017einu s drvenastom notom cedra i borovice. Njega brade je klju\u010dna kako biste dobili mekanu i nje\u017enu bradu!\" \/>\n<meta name=\"robots\" content=\"index, follow, max-snippet:-1, max-image-preview:large, max-video-preview:-1\" \/>\n<link rel=\"canonical\" href=\"https:\/\/mestarkozmetika.com\/en\/product\/ulje-za-bradu\/\" \/>\n<meta property=\"og:locale\" content=\"en_US\" \/>\n<meta property=\"og:type\" content=\"article\" \/>\n<meta property=\"og:title\" content=\"ulje za bradu bagulina\" \/>\n<meta property=\"og:description\" content=\"Ulje za bradu svojim mirisom donosi morsku svje\u017einu s drvenastom notom cedra i borovice. Njega brade je klju\u010dna kako biste dobili mekanu i nje\u017enu bradu!\" \/>\n<meta property=\"og:url\" content=\"https:\/\/mestarkozmetika.com\/en\/product\/ulje-za-bradu\/\" \/>\n<meta property=\"og:site_name\" content=\"Me\u0161tar prirodna kozmetika\" \/>\n<meta property=\"article:modified_time\" content=\"2025-12-02T10:51:31+00:00\" \/>\n<meta property=\"og:image\" content=\"https:\/\/mestarkozmetika.com\/wp-content\/uploads\/2022\/09\/MESTAR-suho-ulje-za-bradu-BAGULINA.png\" \/>\n\t<meta property=\"og:image:width\" content=\"600\" \/>\n\t<meta property=\"og:image:height\" content=\"600\" \/>\n\t<meta property=\"og:image:type\" content=\"image\/png\" \/>\n<meta name=\"twitter:card\" content=\"summary_large_image\" \/>\n<meta name=\"twitter:label1\" content=\"Est. reading time\" \/>\n\t<meta name=\"twitter:data1\" content=\"2 minutes\" \/>\n<script type=\"application\/ld+json\" class=\"yoast-schema-graph\">{\"@context\":\"https:\/\/schema.org\",\"@graph\":[{\"@type\":\"WebPage\",\"@id\":\"https:\/\/mestarkozmetika.com\/product\/ulje-za-bradu\/\",\"url\":\"https:\/\/mestarkozmetika.com\/product\/ulje-za-bradu\/\",\"name\":\"ulje za bradu bagulina\",\"isPartOf\":{\"@id\":\"https:\/\/mestarkozmetika.com\/#website\"},\"primaryImageOfPage\":{\"@id\":\"https:\/\/mestarkozmetika.com\/product\/ulje-za-bradu\/#primaryimage\"},\"image\":{\"@id\":\"https:\/\/mestarkozmetika.com\/product\/ulje-za-bradu\/#primaryimage\"},\"thumbnailUrl\":\"https:\/\/mestarkozmetika.com\/wp-content\/uploads\/2022\/09\/MESTAR-suho-ulje-za-bradu-BAGULINA.png\",\"datePublished\":\"2022-09-20T12:56:23+00:00\",\"dateModified\":\"2025-12-02T10:51:31+00:00\",\"description\":\"Ulje za bradu svojim mirisom donosi morsku svje\u017einu s drvenastom notom cedra i borovice. Njega brade je klju\u010dna kako biste dobili mekanu i nje\u017enu bradu!\",\"breadcrumb\":{\"@id\":\"https:\/\/mestarkozmetika.com\/product\/ulje-za-bradu\/#breadcrumb\"},\"inLanguage\":\"en-US\",\"potentialAction\":[{\"@type\":\"ReadAction\",\"target\":[\"https:\/\/mestarkozmetika.com\/product\/ulje-za-bradu\/\"]}]},{\"@type\":\"ImageObject\",\"inLanguage\":\"en-US\",\"@id\":\"https:\/\/mestarkozmetika.com\/product\/ulje-za-bradu\/#primaryimage\",\"url\":\"https:\/\/mestarkozmetika.com\/wp-content\/uploads\/2022\/09\/MESTAR-suho-ulje-za-bradu-BAGULINA.png\",\"contentUrl\":\"https:\/\/mestarkozmetika.com\/wp-content\/uploads\/2022\/09\/MESTAR-suho-ulje-za-bradu-BAGULINA.png\",\"width\":600,\"height\":600,\"caption\":\"njega brade\"},{\"@type\":\"BreadcrumbList\",\"@id\":\"https:\/\/mestarkozmetika.com\/product\/ulje-za-bradu\/#breadcrumb\",\"itemListElement\":[{\"@type\":\"ListItem\",\"position\":1,\"name\":\"Po\u010detna stranica\",\"item\":\"https:\/\/mestarkozmetika.com\/\"},{\"@type\":\"ListItem\",\"position\":2,\"name\":\"Proizvodi\",\"item\":\"https:\/\/mestarkozmetika.com\/shop\/\"},{\"@type\":\"ListItem\",\"position\":3,\"name\":\"ULJE ZA BRADU BAGULINA 30ML\"}]},{\"@type\":\"WebSite\",\"@id\":\"https:\/\/mestarkozmetika.com\/#website\",\"url\":\"https:\/\/mestarkozmetika.com\/\",\"name\":\"Me\u0161tar prirodna kozmetika\",\"description\":\"Linija proizvoda za mu\u0161karce koji \u017eele kvalitetnu njegu ko\u017ee i brade. Me\u0161tar prirodna kozmetika.\",\"publisher\":{\"@id\":\"https:\/\/mestarkozmetika.com\/#organization\"},\"alternateName\":\"priodna kozmetika me\u0161tar\",\"potentialAction\":[{\"@type\":\"SearchAction\",\"target\":{\"@type\":\"EntryPoint\",\"urlTemplate\":\"https:\/\/mestarkozmetika.com\/?s={search_term_string}\"},\"query-input\":{\"@type\":\"PropertyValueSpecification\",\"valueRequired\":true,\"valueName\":\"search_term_string\"}}],\"inLanguage\":\"en-US\"},{\"@type\":\"Organization\",\"@id\":\"https:\/\/mestarkozmetika.com\/#organization\",\"name\":\"Me\u0161tar prirodna kozmetika\",\"alternateName\":\"priodna kozmetika me\u0161tar\",\"url\":\"https:\/\/mestarkozmetika.com\/\",\"logo\":{\"@type\":\"ImageObject\",\"inLanguage\":\"en-US\",\"@id\":\"https:\/\/mestarkozmetika.com\/#\/schema\/logo\/image\/\",\"url\":\"https:\/\/mestarkozmetika.com\/wp-content\/uploads\/2022\/09\/mestar-logo-kompletan.png\",\"contentUrl\":\"https:\/\/mestarkozmetika.com\/wp-content\/uploads\/2022\/09\/mestar-logo-kompletan.png\",\"width\":1000,\"height\":546,\"caption\":\"Me\u0161tar prirodna kozmetika\"},\"image\":{\"@id\":\"https:\/\/mestarkozmetika.com\/#\/schema\/logo\/image\/\"}}]}<\/script>\n<!-- \/ Yoast SEO plugin. -->","yoast_head_json":{"title":"ulje za bradu bagulina","description":"Ulje za bradu svojim mirisom donosi morsku svje\u017einu s drvenastom notom cedra i borovice. Njega brade je klju\u010dna kako biste dobili mekanu i nje\u017enu bradu!","robots":{"index":"index","follow":"follow","max-snippet":"max-snippet:-1","max-image-preview":"max-image-preview:large","max-video-preview":"max-video-preview:-1"},"canonical":"https:\/\/mestarkozmetika.com\/en\/product\/ulje-za-bradu\/","og_locale":"en_US","og_type":"article","og_title":"ulje za bradu bagulina","og_description":"Ulje za bradu svojim mirisom donosi morsku svje\u017einu s drvenastom notom cedra i borovice. Njega brade je klju\u010dna kako biste dobili mekanu i nje\u017enu bradu!","og_url":"https:\/\/mestarkozmetika.com\/en\/product\/ulje-za-bradu\/","og_site_name":"Me\u0161tar prirodna kozmetika","article_modified_time":"2025-12-02T10:51:31+00:00","og_image":[{"width":600,"height":600,"url":"https:\/\/mestarkozmetika.com\/wp-content\/uploads\/2022\/09\/MESTAR-suho-ulje-za-bradu-BAGULINA.png","type":"image\/png"}],"twitter_card":"summary_large_image","twitter_misc":{"Est. reading time":"2 minutes"},"schema":{"@context":"https:\/\/schema.org","@graph":[{"@type":"WebPage","@id":"https:\/\/mestarkozmetika.com\/product\/ulje-za-bradu\/","url":"https:\/\/mestarkozmetika.com\/product\/ulje-za-bradu\/","name":"ulje za bradu bagulina","isPartOf":{"@id":"https:\/\/mestarkozmetika.com\/#website"},"primaryImageOfPage":{"@id":"https:\/\/mestarkozmetika.com\/product\/ulje-za-bradu\/#primaryimage"},"image":{"@id":"https:\/\/mestarkozmetika.com\/product\/ulje-za-bradu\/#primaryimage"},"thumbnailUrl":"https:\/\/mestarkozmetika.com\/wp-content\/uploads\/2022\/09\/MESTAR-suho-ulje-za-bradu-BAGULINA.png","datePublished":"2022-09-20T12:56:23+00:00","dateModified":"2025-12-02T10:51:31+00:00","description":"Ulje za bradu svojim mirisom donosi morsku svje\u017einu s drvenastom notom cedra i borovice. Njega brade je klju\u010dna kako biste dobili mekanu i nje\u017enu bradu!","breadcrumb":{"@id":"https:\/\/mestarkozmetika.com\/product\/ulje-za-bradu\/#breadcrumb"},"inLanguage":"en-US","potentialAction":[{"@type":"ReadAction","target":["https:\/\/mestarkozmetika.com\/product\/ulje-za-bradu\/"]}]},{"@type":"ImageObject","inLanguage":"en-US","@id":"https:\/\/mestarkozmetika.com\/product\/ulje-za-bradu\/#primaryimage","url":"https:\/\/mestarkozmetika.com\/wp-content\/uploads\/2022\/09\/MESTAR-suho-ulje-za-bradu-BAGULINA.png","contentUrl":"https:\/\/mestarkozmetika.com\/wp-content\/uploads\/2022\/09\/MESTAR-suho-ulje-za-bradu-BAGULINA.png","width":600,"height":600,"caption":"njega brade"},{"@type":"BreadcrumbList","@id":"https:\/\/mestarkozmetika.com\/product\/ulje-za-bradu\/#breadcrumb","itemListElement":[{"@type":"ListItem","position":1,"name":"Po\u010detna stranica","item":"https:\/\/mestarkozmetika.com\/"},{"@type":"ListItem","position":2,"name":"Proizvodi","item":"https:\/\/mestarkozmetika.com\/shop\/"},{"@type":"ListItem","position":3,"name":"ULJE ZA BRADU BAGULINA 30ML"}]},{"@type":"WebSite","@id":"https:\/\/mestarkozmetika.com\/#website","url":"https:\/\/mestarkozmetika.com\/","name":"Me\u0161tar prirodna kozmetika","description":"Linija proizvoda za mu\u0161karce koji \u017eele kvalitetnu njegu ko\u017ee i brade. Me\u0161tar prirodna kozmetika.","publisher":{"@id":"https:\/\/mestarkozmetika.com\/#organization"},"alternateName":"priodna kozmetika me\u0161tar","potentialAction":[{"@type":"SearchAction","target":{"@type":"EntryPoint","urlTemplate":"https:\/\/mestarkozmetika.com\/?s={search_term_string}"},"query-input":{"@type":"PropertyValueSpecification","valueRequired":true,"valueName":"search_term_string"}}],"inLanguage":"en-US"},{"@type":"Organization","@id":"https:\/\/mestarkozmetika.com\/#organization","name":"Me\u0161tar prirodna kozmetika","alternateName":"priodna kozmetika me\u0161tar","url":"https:\/\/mestarkozmetika.com\/","logo":{"@type":"ImageObject","inLanguage":"en-US","@id":"https:\/\/mestarkozmetika.com\/#\/schema\/logo\/image\/","url":"https:\/\/mestarkozmetika.com\/wp-content\/uploads\/2022\/09\/mestar-logo-kompletan.png","contentUrl":"https:\/\/mestarkozmetika.com\/wp-content\/uploads\/2022\/09\/mestar-logo-kompletan.png","width":1000,"height":546,"caption":"Me\u0161tar prirodna kozmetika"},"image":{"@id":"https:\/\/mestarkozmetika.com\/#\/schema\/logo\/image\/"}}]}},"_links":{"self":[{"href":"https:\/\/mestarkozmetika.com\/en\/wp-json\/wp\/v2\/product\/159","targetHints":{"allow":["GET"]}}],"collection":[{"href":"https:\/\/mestarkozmetika.com\/en\/wp-json\/wp\/v2\/product"}],"about":[{"href":"https:\/\/mestarkozmetika.com\/en\/wp-json\/wp\/v2\/types\/product"}],"wp:featuredmedia":[{"embeddable":true,"href":"https:\/\/mestarkozmetika.com\/en\/wp-json\/wp\/v2\/media\/2899"}],"wp:attachment":[{"href":"https:\/\/mestarkozmetika.com\/en\/wp-json\/wp\/v2\/media?parent=159"}],"wp:term":[{"taxonomy":"product_brand","embeddable":true,"href":"https:\/\/mestarkozmetika.com\/en\/wp-json\/wp\/v2\/product_brand?post=159"},{"taxonomy":"product_cat","embeddable":true,"href":"https:\/\/mestarkozmetika.com\/en\/wp-json\/wp\/v2\/product_cat?post=159"},{"taxonomy":"product_tag","embeddable":true,"href":"https:\/\/mestarkozmetika.com\/en\/wp-json\/wp\/v2\/product_tag?post=159"}],"curies":[{"name":"wp","href":"https:\/\/api.w.org\/{rel}","templated":true}]}}