{"id":750,"date":"2022-09-30T09:39:18","date_gmt":"2022-09-30T09:39:18","guid":{"rendered":"https:\/\/mestarkozmetika.com\/?page_id=750"},"modified":"2024-08-14T10:47:20","modified_gmt":"2024-08-14T08:47:20","slug":"suha-koza-lica","status":"publish","type":"page","link":"https:\/\/mestarkozmetika.com\/en\/suha-koza-lica\/","title":{"rendered":"lice"},"content":{"rendered":"<div data-elementor-type=\"wp-page\" data-elementor-id=\"750\" class=\"elementor elementor-750\" data-elementor-post-type=\"page\">\n\t\t\t\t\t\t<section class=\"elementor-section elementor-top-section elementor-element elementor-element-cb57274 elementor-section-content-middle elementor-section-boxed elementor-section-height-default elementor-section-height-default\" data-id=\"cb57274\" data-element_type=\"section\" data-settings=\"{&quot;background_background&quot;:&quot;classic&quot;}\">\n\t\t\t\t\t\t\t<div class=\"elementor-background-overlay\"><\/div>\n\t\t\t\t\t\t\t<div class=\"elementor-container elementor-column-gap-default\">\n\t\t\t\t\t<div class=\"elementor-column elementor-col-100 elementor-top-column elementor-element elementor-element-8ec363d\" data-id=\"8ec363d\" data-element_type=\"column\">\n\t\t\t<div class=\"elementor-widget-wrap elementor-element-populated\">\n\t\t\t\t\t\t<div class=\"elementor-element elementor-element-e9d3a55 elementor-widget elementor-widget-heading\" data-id=\"e9d3a55\" data-element_type=\"widget\" data-widget_type=\"heading.default\">\n\t\t\t\t<div class=\"elementor-widget-container\">\n\t\t\t\t\t<h1 class=\"elementor-heading-title elementor-size-default\">Njega lica<\/h1>\t\t\t\t<\/div>\n\t\t\t\t<\/div>\n\t\t\t\t\t<\/div>\n\t\t<\/div>\n\t\t\t\t\t<\/div>\n\t\t<\/section>\n\t\t\t\t<section class=\"elementor-section elementor-top-section elementor-element elementor-element-c892a47 elementor-section-content-middle elementor-section-boxed elementor-section-height-default elementor-section-height-default\" data-id=\"c892a47\" data-element_type=\"section\" data-settings=\"{&quot;background_background&quot;:&quot;classic&quot;}\">\n\t\t\t\t\t\t\t<div class=\"elementor-background-overlay\"><\/div>\n\t\t\t\t\t\t\t<div class=\"elementor-container elementor-column-gap-default\">\n\t\t\t\t\t<div class=\"elementor-column elementor-col-100 elementor-top-column elementor-element elementor-element-452c8e1\" data-id=\"452c8e1\" data-element_type=\"column\">\n\t\t\t<div class=\"elementor-widget-wrap elementor-element-populated\">\n\t\t\t\t\t\t<div class=\"elementor-element elementor-element-fa1a16e elementor-product-loop-item--align-left elementor-grid-1 elementor-grid-tablet-1 elementor-grid-mobile-1 elementor-products-grid elementor-wc-products elementor-widget elementor-widget-woocommerce-products\" data-id=\"fa1a16e\" data-element_type=\"widget\" data-widget_type=\"woocommerce-products.default\">\n\t\t\t\t<div class=\"elementor-widget-container\">\n\t\t\t\t\t<div class=\"woocommerce columns-1\"><ul class=\"products elementor-grid columns-1\">\n<li class=\"product type-product post-176 status-publish first instock product_cat-krema-za-muskarce product_tag-krema product_tag-krema-za-lice product_tag-njega-lica product_tag-picigin has-post-thumbnail shipping-taxable purchasable product-type-simple\">\n\t<a href=\"https:\/\/mestarkozmetika.com\/en\/product\/krema-za-lice-picigin\/\" class=\"woocommerce-LoopProduct-link woocommerce-loop-product__link\"><img fetchpriority=\"high\" decoding=\"async\" width=\"250\" height=\"250\" src=\"https:\/\/mestarkozmetika.com\/wp-content\/uploads\/2022\/09\/MESTAR-krema-za-muskarce-PICIGIN-250x250.png\" class=\"attachment-woocommerce_thumbnail size-woocommerce_thumbnail\" alt=\"KREMA ZA LICE PICIGIN 50ML\" srcset=\"https:\/\/mestarkozmetika.com\/wp-content\/uploads\/2022\/09\/MESTAR-krema-za-muskarce-PICIGIN-250x250.png 250w, https:\/\/mestarkozmetika.com\/wp-content\/uploads\/2022\/09\/MESTAR-krema-za-muskarce-PICIGIN-100x100.png 100w, https:\/\/mestarkozmetika.com\/wp-content\/uploads\/2022\/09\/MESTAR-krema-za-muskarce-PICIGIN-400x400.png 400w, https:\/\/mestarkozmetika.com\/wp-content\/uploads\/2022\/09\/MESTAR-krema-za-muskarce-PICIGIN-300x300.png 300w, https:\/\/mestarkozmetika.com\/wp-content\/uploads\/2022\/09\/MESTAR-krema-za-muskarce-PICIGIN-12x12.png 12w, https:\/\/mestarkozmetika.com\/wp-content\/uploads\/2022\/09\/MESTAR-krema-za-muskarce-PICIGIN.png 600w\" sizes=\"(max-width: 250px) 85vw, 250px\" \/><h2 class=\"woocommerce-loop-product__title\">KREMA ZA LICE PICIGIN 50ML<\/h2>\n\t<span class=\"price\"><span class=\"woocommerce-Price-amount amount\"><bdi>12,50&nbsp;<span class=\"woocommerce-Price-currencySymbol\">&euro;<\/span><\/bdi><\/span><\/span>\n<\/a><div class=\"woocommerce-loop-product__buttons\"><a href=\"?add-to-cart=176\" aria-describedby=\"woocommerce_loop_add_to_cart_link_describedby_176\" data-quantity=\"1\" class=\"button product_type_simple add_to_cart_button ajax_add_to_cart\" data-product_id=\"176\" data-product_sku=\"\" aria-label=\"Add to cart: \u201cKREMA ZA LICE PICIGIN 50ML\u201d\" rel=\"nofollow\" data-success_message=\"\u201cKREMA ZA LICE PICIGIN 50ML\u201d has been added to your cart\" data-no-translation=\"\" data-trp-gettext=\"\" data-no-translation-aria-label=\"\" data-no-translation-data-success_message=\"\">Add to cart<\/a><\/div>\t<span id=\"woocommerce_loop_add_to_cart_link_describedby_176\" class=\"screen-reader-text\">\n\t\t\t<\/span>\n<span class=\"gtm4wp_productdata\" style=\"display:none; visibility:hidden;\" data-gtm4wp_product_data=\"{&quot;internal_id&quot;:176,&quot;item_id&quot;:176,&quot;item_name&quot;:&quot;KREMA ZA LICE PICIGIN 50ML&quot;,&quot;sku&quot;:176,&quot;price&quot;:12.5,&quot;stocklevel&quot;:null,&quot;stockstatus&quot;:&quot;instock&quot;,&quot;google_business_vertical&quot;:&quot;retail&quot;,&quot;item_category&quot;:&quot;krema za mu\\u0161karce&quot;,&quot;id&quot;:176,&quot;productlink&quot;:&quot;https:\\\/\\\/mestarkozmetika.com\\\/en\\\/product\\\/krema-za-lice-picigin\\\/&quot;,&quot;item_list_name&quot;:&quot;General Product List&quot;,&quot;index&quot;:1,&quot;product_type&quot;:&quot;simple&quot;,&quot;item_brand&quot;:&quot;&quot;}\"><\/span><\/li>\n<\/ul>\n<\/div>\t\t\t\t<\/div>\n\t\t\t\t<\/div>\n\t\t\t\t\t<\/div>\n\t\t<\/div>\n\t\t\t\t\t<\/div>\n\t\t<\/section>\n\t\t\t\t<section class=\"elementor-section elementor-top-section elementor-element elementor-element-e047d9b elementor-section-boxed elementor-section-height-default elementor-section-height-default\" data-id=\"e047d9b\" data-element_type=\"section\" data-settings=\"{&quot;background_background&quot;:&quot;classic&quot;}\">\n\t\t\t\t\t\t\t<div class=\"elementor-background-overlay\"><\/div>\n\t\t\t\t\t\t\t<div class=\"elementor-container elementor-column-gap-default\">\n\t\t\t\t\t<div class=\"elementor-column elementor-col-100 elementor-top-column elementor-element elementor-element-9e1e801\" data-id=\"9e1e801\" data-element_type=\"column\">\n\t\t\t<div class=\"elementor-widget-wrap elementor-element-populated\">\n\t\t\t\t\t\t<div class=\"elementor-element elementor-element-80a1f5f elementor-widget elementor-widget-spacer\" data-id=\"80a1f5f\" data-element_type=\"widget\" data-widget_type=\"spacer.default\">\n\t\t\t\t<div class=\"elementor-widget-container\">\n\t\t\t\t\t\t\t<div class=\"elementor-spacer\">\n\t\t\t<div class=\"elementor-spacer-inner\"><\/div>\n\t\t<\/div>\n\t\t\t\t\t\t<\/div>\n\t\t\t\t<\/div>\n\t\t\t\t<div class=\"elementor-element elementor-element-e842c0b elementor-widget elementor-widget-text-editor\" data-id=\"e842c0b\" data-element_type=\"widget\" data-widget_type=\"text-editor.default\">\n\t\t\t\t<div class=\"elementor-widget-container\">\n\t\t\t\t\t\t\t\t\t<p>Suha ko\u017ea lica \u010desto je rezultat nedostatka vlage i lipidne barijere ko\u017ee. Simptomi uklju\u010duju osje\u0107aj zatezanja, perutanje, crvenilo i svrbe\u017e.<\/p><p>Hidratacija je klju\u010dna za odr\u017eavanje zdrave ko\u017ee lica. Koristite hidratantne proizvode bogate sastojcima poput proteina svile i prirodnih ulja kako biste pomogli u zadr\u017eavanju vlage u ko\u017ei. Redovita hidratacija odr\u017eava zdravu barijeru ko\u017ee i sprje\u010dava isu\u0161ivanje. <a href=\"https:\/\/mestarkozmetika.com\/en\/product\/krema-za-lice-picigin\/\">Krema za lice Picigin<\/a> savr\u0161en je izbor za mu\u0161karce koji \u017eele intenzivno njegovati svoju ko\u017eu lica. Sadr\u017ei ureu, korijen sladi\u0107a, proteine svile te hladno pre\u0161ana ulja i hidrolate koji dubinski hidratiziraju ko\u017eu i vra\u0107aju joj prirodnu elasti\u010dnost i sjaj. Redovitom upotrebom ove kreme va\u0161a \u0107e ko\u017ea ostati hidratizirana, meka i podatna tijekom cijelog dana.<\/p><p>Suha ko\u017ea lica &#8211; kako ju njegovati?<\/p><p>Kombinacija pravilne njege lica, redovite hidratacije i pa\u017eljive <a href=\"https:\/\/mestarkozmetika.com\/en\/kako-njegovati-suhu-kozu-lica-i-sprijeciti-iritacije-nakon-brijanja\/\">pripreme ko\u017ee prije te poslije brijanja<\/a> klju\u010dna je za odr\u017eavanje zdravog i njegovanog izgleda ko\u017ee lica te sprje\u010davanje suho\u0107e i iritacija.<\/p>\t\t\t\t\t\t\t\t<\/div>\n\t\t\t\t<\/div>\n\t\t\t\t<div class=\"elementor-element elementor-element-e16011c elementor-widget elementor-widget-spacer\" data-id=\"e16011c\" data-element_type=\"widget\" data-widget_type=\"spacer.default\">\n\t\t\t\t<div class=\"elementor-widget-container\">\n\t\t\t\t\t\t\t<div class=\"elementor-spacer\">\n\t\t\t<div class=\"elementor-spacer-inner\"><\/div>\n\t\t<\/div>\n\t\t\t\t\t\t<\/div>\n\t\t\t\t<\/div>\n\t\t\t\t\t<\/div>\n\t\t<\/div>\n\t\t\t\t\t<\/div>\n\t\t<\/section>\n\t\t\t\t<section class=\"elementor-section elementor-top-section elementor-element elementor-element-a475cd7 elementor-section-content-middle elementor-section-stretched elementor-section-full_width elementor-section-height-default elementor-section-height-default\" data-id=\"a475cd7\" data-element_type=\"section\" data-settings=\"{&quot;stretch_section&quot;:&quot;section-stretched&quot;}\">\n\t\t\t\t\t\t\t<div class=\"elementor-background-overlay\"><\/div>\n\t\t\t\t\t\t\t<div class=\"elementor-container elementor-column-gap-default\">\n\t\t\t\t\t<div class=\"elementor-column elementor-col-100 elementor-top-column elementor-element elementor-element-3c5eb92\" data-id=\"3c5eb92\" data-element_type=\"column\" data-settings=\"{&quot;background_background&quot;:&quot;classic&quot;}\">\n\t\t\t<div class=\"elementor-widget-wrap elementor-element-populated\">\n\t\t\t\t\t\t<div class=\"elementor-element elementor-element-dae9808 elementor-widget elementor-widget-spacer\" data-id=\"dae9808\" data-element_type=\"widget\" data-widget_type=\"spacer.default\">\n\t\t\t\t<div class=\"elementor-widget-container\">\n\t\t\t\t\t\t\t<div class=\"elementor-spacer\">\n\t\t\t<div class=\"elementor-spacer-inner\"><\/div>\n\t\t<\/div>\n\t\t\t\t\t\t<\/div>\n\t\t\t\t<\/div>\n\t\t\t\t\t<\/div>\n\t\t<\/div>\n\t\t\t\t\t<\/div>\n\t\t<\/section>\n\t\t\t\t<\/div>","protected":false},"excerpt":{"rendered":"<p>Njega lica Suha ko\u017ea lica \u010desto je rezultat nedostatka vlage i lipidne barijere ko\u017ee. Simptomi uklju\u010duju osje\u0107aj zatezanja, perutanje, crvenilo i svrbe\u017e. Hidratacija je klju\u010dna za odr\u017eavanje zdrave ko\u017ee lica. Koristite hidratantne proizvode bogate sastojcima poput proteina svile i prirodnih ulja kako biste pomogli u zadr\u017eavanju vlage u ko\u017ei. Redovita hidratacija odr\u017eava zdravu barijeru ko\u017ee &hellip; <a href=\"https:\/\/mestarkozmetika.com\/en\/suha-koza-lica\/\" class=\"more-link\">Continue reading<span class=\"screen-reader-text\"> &#8220;lice&#8221;<\/span><\/a><\/p>","protected":false},"author":1,"featured_media":0,"parent":0,"menu_order":0,"comment_status":"closed","ping_status":"closed","template":"elementor_header_footer","meta":{"footnotes":""},"class_list":["post-750","page","type-page","status-publish","hentry"],"yoast_head":"<!-- This site is optimized with the Yoast SEO plugin v25.3 - https:\/\/yoast.com\/wordpress\/plugins\/seo\/ -->\n<title>suha ko\u017ea lica<\/title>\n<meta name=\"description\" content=\"Suha ko\u017ea lica \u010desto je rezultat nedostatka vlage i lipidne barijere ko\u017ee. Simptomi uklju\u010duju osje\u0107aj zatezanja, perutanje i crvenilo.\" \/>\n<meta name=\"robots\" content=\"index, follow, max-snippet:-1, max-image-preview:large, max-video-preview:-1\" \/>\n<link rel=\"canonical\" href=\"https:\/\/mestarkozmetika.com\/en\/suha-koza-lica\/\" \/>\n<meta property=\"og:locale\" content=\"en_US\" \/>\n<meta property=\"og:type\" content=\"article\" \/>\n<meta property=\"og:title\" content=\"suha ko\u017ea lica\" \/>\n<meta property=\"og:description\" content=\"Suha ko\u017ea lica \u010desto je rezultat nedostatka vlage i lipidne barijere ko\u017ee. Simptomi uklju\u010duju osje\u0107aj zatezanja, perutanje i crvenilo.\" \/>\n<meta property=\"og:url\" content=\"https:\/\/mestarkozmetika.com\/en\/suha-koza-lica\/\" \/>\n<meta property=\"og:site_name\" content=\"Me\u0161tar prirodna kozmetika\" \/>\n<meta property=\"article:modified_time\" content=\"2024-08-14T08:47:20+00:00\" \/>\n<meta name=\"twitter:card\" content=\"summary_large_image\" \/>\n<meta name=\"twitter:label1\" content=\"Est. reading time\" \/>\n\t<meta name=\"twitter:data1\" content=\"2 minutes\" \/>\n<script type=\"application\/ld+json\" class=\"yoast-schema-graph\">{\"@context\":\"https:\/\/schema.org\",\"@graph\":[{\"@type\":\"WebPage\",\"@id\":\"https:\/\/mestarkozmetika.com\/suha-koza-lica\/\",\"url\":\"https:\/\/mestarkozmetika.com\/suha-koza-lica\/\",\"name\":\"suha ko\u017ea lica\",\"isPartOf\":{\"@id\":\"https:\/\/mestarkozmetika.com\/#website\"},\"datePublished\":\"2022-09-30T09:39:18+00:00\",\"dateModified\":\"2024-08-14T08:47:20+00:00\",\"description\":\"Suha ko\u017ea lica \u010desto je rezultat nedostatka vlage i lipidne barijere ko\u017ee. Simptomi uklju\u010duju osje\u0107aj zatezanja, perutanje i crvenilo.\",\"breadcrumb\":{\"@id\":\"https:\/\/mestarkozmetika.com\/suha-koza-lica\/#breadcrumb\"},\"inLanguage\":\"en-US\",\"potentialAction\":[{\"@type\":\"ReadAction\",\"target\":[\"https:\/\/mestarkozmetika.com\/suha-koza-lica\/\"]}]},{\"@type\":\"BreadcrumbList\",\"@id\":\"https:\/\/mestarkozmetika.com\/suha-koza-lica\/#breadcrumb\",\"itemListElement\":[{\"@type\":\"ListItem\",\"position\":1,\"name\":\"Po\u010detna stranica\",\"item\":\"https:\/\/mestarkozmetika.com\/\"},{\"@type\":\"ListItem\",\"position\":2,\"name\":\"lice\"}]},{\"@type\":\"WebSite\",\"@id\":\"https:\/\/mestarkozmetika.com\/#website\",\"url\":\"https:\/\/mestarkozmetika.com\/\",\"name\":\"Me\u0161tar prirodna kozmetika\",\"description\":\"Linija proizvoda za mu\u0161karce koji \u017eele kvalitetnu njegu ko\u017ee i brade. Me\u0161tar prirodna kozmetika.\",\"publisher\":{\"@id\":\"https:\/\/mestarkozmetika.com\/#organization\"},\"alternateName\":\"priodna kozmetika me\u0161tar\",\"potentialAction\":[{\"@type\":\"SearchAction\",\"target\":{\"@type\":\"EntryPoint\",\"urlTemplate\":\"https:\/\/mestarkozmetika.com\/?s={search_term_string}\"},\"query-input\":{\"@type\":\"PropertyValueSpecification\",\"valueRequired\":true,\"valueName\":\"search_term_string\"}}],\"inLanguage\":\"en-US\"},{\"@type\":\"Organization\",\"@id\":\"https:\/\/mestarkozmetika.com\/#organization\",\"name\":\"Me\u0161tar prirodna kozmetika\",\"alternateName\":\"priodna kozmetika me\u0161tar\",\"url\":\"https:\/\/mestarkozmetika.com\/\",\"logo\":{\"@type\":\"ImageObject\",\"inLanguage\":\"en-US\",\"@id\":\"https:\/\/mestarkozmetika.com\/#\/schema\/logo\/image\/\",\"url\":\"https:\/\/mestarkozmetika.com\/wp-content\/uploads\/2022\/09\/mestar-logo-kompletan.png\",\"contentUrl\":\"https:\/\/mestarkozmetika.com\/wp-content\/uploads\/2022\/09\/mestar-logo-kompletan.png\",\"width\":1000,\"height\":546,\"caption\":\"Me\u0161tar prirodna kozmetika\"},\"image\":{\"@id\":\"https:\/\/mestarkozmetika.com\/#\/schema\/logo\/image\/\"}}]}<\/script>\n<!-- \/ Yoast SEO plugin. -->","yoast_head_json":{"title":"suha ko\u017ea lica","description":"Suha ko\u017ea lica \u010desto je rezultat nedostatka vlage i lipidne barijere ko\u017ee. Simptomi uklju\u010duju osje\u0107aj zatezanja, perutanje i crvenilo.","robots":{"index":"index","follow":"follow","max-snippet":"max-snippet:-1","max-image-preview":"max-image-preview:large","max-video-preview":"max-video-preview:-1"},"canonical":"https:\/\/mestarkozmetika.com\/en\/suha-koza-lica\/","og_locale":"en_US","og_type":"article","og_title":"suha ko\u017ea lica","og_description":"Suha ko\u017ea lica \u010desto je rezultat nedostatka vlage i lipidne barijere ko\u017ee. Simptomi uklju\u010duju osje\u0107aj zatezanja, perutanje i crvenilo.","og_url":"https:\/\/mestarkozmetika.com\/en\/suha-koza-lica\/","og_site_name":"Me\u0161tar prirodna kozmetika","article_modified_time":"2024-08-14T08:47:20+00:00","twitter_card":"summary_large_image","twitter_misc":{"Est. reading time":"2 minutes"},"schema":{"@context":"https:\/\/schema.org","@graph":[{"@type":"WebPage","@id":"https:\/\/mestarkozmetika.com\/suha-koza-lica\/","url":"https:\/\/mestarkozmetika.com\/suha-koza-lica\/","name":"suha ko\u017ea lica","isPartOf":{"@id":"https:\/\/mestarkozmetika.com\/#website"},"datePublished":"2022-09-30T09:39:18+00:00","dateModified":"2024-08-14T08:47:20+00:00","description":"Suha ko\u017ea lica \u010desto je rezultat nedostatka vlage i lipidne barijere ko\u017ee. Simptomi uklju\u010duju osje\u0107aj zatezanja, perutanje i crvenilo.","breadcrumb":{"@id":"https:\/\/mestarkozmetika.com\/suha-koza-lica\/#breadcrumb"},"inLanguage":"en-US","potentialAction":[{"@type":"ReadAction","target":["https:\/\/mestarkozmetika.com\/suha-koza-lica\/"]}]},{"@type":"BreadcrumbList","@id":"https:\/\/mestarkozmetika.com\/suha-koza-lica\/#breadcrumb","itemListElement":[{"@type":"ListItem","position":1,"name":"Po\u010detna stranica","item":"https:\/\/mestarkozmetika.com\/"},{"@type":"ListItem","position":2,"name":"lice"}]},{"@type":"WebSite","@id":"https:\/\/mestarkozmetika.com\/#website","url":"https:\/\/mestarkozmetika.com\/","name":"Me\u0161tar prirodna kozmetika","description":"Linija proizvoda za mu\u0161karce koji \u017eele kvalitetnu njegu ko\u017ee i brade. Me\u0161tar prirodna kozmetika.","publisher":{"@id":"https:\/\/mestarkozmetika.com\/#organization"},"alternateName":"priodna kozmetika me\u0161tar","potentialAction":[{"@type":"SearchAction","target":{"@type":"EntryPoint","urlTemplate":"https:\/\/mestarkozmetika.com\/?s={search_term_string}"},"query-input":{"@type":"PropertyValueSpecification","valueRequired":true,"valueName":"search_term_string"}}],"inLanguage":"en-US"},{"@type":"Organization","@id":"https:\/\/mestarkozmetika.com\/#organization","name":"Me\u0161tar prirodna kozmetika","alternateName":"priodna kozmetika me\u0161tar","url":"https:\/\/mestarkozmetika.com\/","logo":{"@type":"ImageObject","inLanguage":"en-US","@id":"https:\/\/mestarkozmetika.com\/#\/schema\/logo\/image\/","url":"https:\/\/mestarkozmetika.com\/wp-content\/uploads\/2022\/09\/mestar-logo-kompletan.png","contentUrl":"https:\/\/mestarkozmetika.com\/wp-content\/uploads\/2022\/09\/mestar-logo-kompletan.png","width":1000,"height":546,"caption":"Me\u0161tar prirodna kozmetika"},"image":{"@id":"https:\/\/mestarkozmetika.com\/#\/schema\/logo\/image\/"}}]}},"_links":{"self":[{"href":"https:\/\/mestarkozmetika.com\/en\/wp-json\/wp\/v2\/pages\/750","targetHints":{"allow":["GET"]}}],"collection":[{"href":"https:\/\/mestarkozmetika.com\/en\/wp-json\/wp\/v2\/pages"}],"about":[{"href":"https:\/\/mestarkozmetika.com\/en\/wp-json\/wp\/v2\/types\/page"}],"author":[{"embeddable":true,"href":"https:\/\/mestarkozmetika.com\/en\/wp-json\/wp\/v2\/users\/1"}],"replies":[{"embeddable":true,"href":"https:\/\/mestarkozmetika.com\/en\/wp-json\/wp\/v2\/comments?post=750"}],"version-history":[{"count":17,"href":"https:\/\/mestarkozmetika.com\/en\/wp-json\/wp\/v2\/pages\/750\/revisions"}],"predecessor-version":[{"id":3251,"href":"https:\/\/mestarkozmetika.com\/en\/wp-json\/wp\/v2\/pages\/750\/revisions\/3251"}],"wp:attachment":[{"href":"https:\/\/mestarkozmetika.com\/en\/wp-json\/wp\/v2\/media?parent=750"}],"curies":[{"name":"wp","href":"https:\/\/api.w.org\/{rel}","templated":true}]}}