{"id":1802,"date":"2022-12-02T17:03:39","date_gmt":"2022-12-02T17:03:39","guid":{"rendered":"https:\/\/mestarkozmetika.com\/?page_id=1802"},"modified":"2024-11-08T15:44:04","modified_gmt":"2024-11-08T14:44:04","slug":"poklon-paketi","status":"publish","type":"page","link":"https:\/\/mestarkozmetika.com\/en\/poklon-paketi\/","title":{"rendered":"Poklon paketi"},"content":{"rendered":"<div data-elementor-type=\"wp-page\" data-elementor-id=\"1802\" class=\"elementor elementor-1802\" data-elementor-post-type=\"page\">\n\t\t\t\t\t\t<section class=\"elementor-section elementor-top-section elementor-element elementor-element-aaa7d91 elementor-section-content-middle elementor-section-boxed elementor-section-height-default elementor-section-height-default\" data-id=\"aaa7d91\" data-element_type=\"section\" data-settings=\"{&quot;background_background&quot;:&quot;classic&quot;}\">\n\t\t\t\t\t\t\t<div class=\"elementor-background-overlay\"><\/div>\n\t\t\t\t\t\t\t<div class=\"elementor-container elementor-column-gap-default\">\n\t\t\t\t\t<div class=\"elementor-column elementor-col-100 elementor-top-column elementor-element elementor-element-f12219c\" data-id=\"f12219c\" data-element_type=\"column\">\n\t\t\t<div class=\"elementor-widget-wrap elementor-element-populated\">\n\t\t\t\t\t\t<div class=\"elementor-element elementor-element-6fe10a6 elementor-widget elementor-widget-heading\" data-id=\"6fe10a6\" data-element_type=\"widget\" data-widget_type=\"heading.default\">\n\t\t\t\t<div class=\"elementor-widget-container\">\n\t\t\t\t\t<h1 class=\"elementor-heading-title elementor-size-default\">poklon paketi za mu\u0161karce<\/h1>\t\t\t\t<\/div>\n\t\t\t\t<\/div>\n\t\t\t\t\t<\/div>\n\t\t<\/div>\n\t\t\t\t\t<\/div>\n\t\t<\/section>\n\t\t\t\t<section class=\"elementor-section elementor-top-section elementor-element elementor-element-b7b5a49 elementor-section-content-middle elementor-section-boxed elementor-section-height-default elementor-section-height-default\" data-id=\"b7b5a49\" data-element_type=\"section\" data-settings=\"{&quot;background_background&quot;:&quot;classic&quot;}\">\n\t\t\t\t\t\t\t<div class=\"elementor-background-overlay\"><\/div>\n\t\t\t\t\t\t\t<div class=\"elementor-container elementor-column-gap-default\">\n\t\t\t\t\t<div class=\"elementor-column elementor-col-100 elementor-top-column elementor-element elementor-element-584425c\" data-id=\"584425c\" data-element_type=\"column\">\n\t\t\t<div class=\"elementor-widget-wrap elementor-element-populated\">\n\t\t\t\t\t\t<div class=\"elementor-element elementor-element-1694cff elementor-product-loop-item--align-left elementor-grid-tablet-2 elementor-grid-mobile-2 elementor-grid-4 elementor-products-grid elementor-wc-products elementor-widget elementor-widget-woocommerce-products\" data-id=\"1694cff\" data-element_type=\"widget\" data-widget_type=\"woocommerce-products.default\">\n\t\t\t\t<div class=\"elementor-widget-container\">\n\t\t\t\t\t<div class=\"woocommerce columns-4\"><ul class=\"products elementor-grid columns-4\">\n<li class=\"product type-product post-2053 status-publish first instock product_cat-poklon-paket has-post-thumbnail shipping-taxable purchasable product-type-simple\">\n\t<a href=\"https:\/\/mestarkozmetika.com\/en\/product\/poklon-paket-bagulina\/\" class=\"woocommerce-LoopProduct-link woocommerce-loop-product__link\"><img fetchpriority=\"high\" decoding=\"async\" width=\"250\" height=\"250\" src=\"https:\/\/mestarkozmetika.com\/wp-content\/uploads\/2023\/10\/MESTAR-set-BAGULINA-1024-250x250.webp\" class=\"attachment-woocommerce_thumbnail size-woocommerce_thumbnail\" alt=\"poklon paket\" srcset=\"https:\/\/mestarkozmetika.com\/wp-content\/uploads\/2023\/10\/MESTAR-set-BAGULINA-1024-250x250.webp 250w, https:\/\/mestarkozmetika.com\/wp-content\/uploads\/2023\/10\/MESTAR-set-BAGULINA-1024-100x100.webp 100w, https:\/\/mestarkozmetika.com\/wp-content\/uploads\/2023\/10\/MESTAR-set-BAGULINA-1024-400x400.webp 400w, https:\/\/mestarkozmetika.com\/wp-content\/uploads\/2023\/10\/MESTAR-set-BAGULINA-1024-600x600.webp 600w, https:\/\/mestarkozmetika.com\/wp-content\/uploads\/2023\/10\/MESTAR-set-BAGULINA-1024-300x300.webp 300w, https:\/\/mestarkozmetika.com\/wp-content\/uploads\/2023\/10\/MESTAR-set-BAGULINA-1024-768x768.webp 768w, https:\/\/mestarkozmetika.com\/wp-content\/uploads\/2023\/10\/MESTAR-set-BAGULINA-1024-12x12.webp 12w, https:\/\/mestarkozmetika.com\/wp-content\/uploads\/2023\/10\/MESTAR-set-BAGULINA-1024.webp 1024w\" sizes=\"(max-width: 250px) 85vw, 250px\" \/><h2 class=\"woocommerce-loop-product__title\">POKLON PAKET BAGULINA<\/h2>\n\t<span class=\"price\"><span class=\"woocommerce-Price-amount amount\"><bdi>10,00&nbsp;<span class=\"woocommerce-Price-currencySymbol\">&euro;<\/span><\/bdi><\/span><\/span>\n<\/a><div class=\"woocommerce-loop-product__buttons\"><a href=\"?add-to-cart=2053\" aria-describedby=\"woocommerce_loop_add_to_cart_link_describedby_2053\" data-quantity=\"1\" class=\"button product_type_simple add_to_cart_button ajax_add_to_cart\" data-product_id=\"2053\" data-product_sku=\"\" aria-label=\"Add to cart: \u201cPOKLON PAKET BAGULINA\u201d\" rel=\"nofollow\" data-success_message=\"\u201cPOKLON PAKET BAGULINA\u201d has been added to your cart\" data-no-translation=\"\" data-trp-gettext=\"\" data-no-translation-aria-label=\"\" data-no-translation-data-success_message=\"\">Add to cart<\/a><\/div>\t<span id=\"woocommerce_loop_add_to_cart_link_describedby_2053\" class=\"screen-reader-text\">\n\t\t\t<\/span>\n<span class=\"gtm4wp_productdata\" style=\"display:none; visibility:hidden;\" data-gtm4wp_product_data=\"{&quot;internal_id&quot;:2053,&quot;item_id&quot;:2053,&quot;item_name&quot;:&quot;POKLON PAKET BAGULINA&quot;,&quot;sku&quot;:2053,&quot;price&quot;:10,&quot;stocklevel&quot;:null,&quot;stockstatus&quot;:&quot;instock&quot;,&quot;google_business_vertical&quot;:&quot;retail&quot;,&quot;item_category&quot;:&quot;poklon paket&quot;,&quot;id&quot;:2053,&quot;productlink&quot;:&quot;https:\\\/\\\/mestarkozmetika.com\\\/en\\\/product\\\/poklon-paket-bagulina\\\/&quot;,&quot;item_list_name&quot;:&quot;General Product List&quot;,&quot;index&quot;:1,&quot;product_type&quot;:&quot;simple&quot;,&quot;item_brand&quot;:&quot;&quot;}\"><\/span><\/li>\n<li class=\"product type-product post-2055 status-publish instock product_cat-poklon-paket has-post-thumbnail shipping-taxable purchasable product-type-simple\">\n\t<a href=\"https:\/\/mestarkozmetika.com\/en\/product\/poklon-paket-picigin\/\" class=\"woocommerce-LoopProduct-link woocommerce-loop-product__link\"><img decoding=\"async\" width=\"250\" height=\"250\" src=\"https:\/\/mestarkozmetika.com\/wp-content\/uploads\/2023\/10\/MESTAR-set-PICIGIN-1024-250x250.webp\" class=\"attachment-woocommerce_thumbnail size-woocommerce_thumbnail\" alt=\"poklon paket\" srcset=\"https:\/\/mestarkozmetika.com\/wp-content\/uploads\/2023\/10\/MESTAR-set-PICIGIN-1024-250x250.webp 250w, https:\/\/mestarkozmetika.com\/wp-content\/uploads\/2023\/10\/MESTAR-set-PICIGIN-1024-100x100.webp 100w, https:\/\/mestarkozmetika.com\/wp-content\/uploads\/2023\/10\/MESTAR-set-PICIGIN-1024-400x400.webp 400w, https:\/\/mestarkozmetika.com\/wp-content\/uploads\/2023\/10\/MESTAR-set-PICIGIN-1024-600x600.webp 600w, https:\/\/mestarkozmetika.com\/wp-content\/uploads\/2023\/10\/MESTAR-set-PICIGIN-1024-300x300.webp 300w, https:\/\/mestarkozmetika.com\/wp-content\/uploads\/2023\/10\/MESTAR-set-PICIGIN-1024-768x768.webp 768w, https:\/\/mestarkozmetika.com\/wp-content\/uploads\/2023\/10\/MESTAR-set-PICIGIN-1024-12x12.webp 12w, https:\/\/mestarkozmetika.com\/wp-content\/uploads\/2023\/10\/MESTAR-set-PICIGIN-1024.webp 1024w\" sizes=\"(max-width: 250px) 85vw, 250px\" \/><h2 class=\"woocommerce-loop-product__title\">POKLON PAKET PICIGIN<\/h2>\n\t<span class=\"price\"><span class=\"woocommerce-Price-amount amount\"><bdi>21,00&nbsp;<span class=\"woocommerce-Price-currencySymbol\">&euro;<\/span><\/bdi><\/span><\/span>\n<\/a><div class=\"woocommerce-loop-product__buttons\"><a href=\"?add-to-cart=2055\" aria-describedby=\"woocommerce_loop_add_to_cart_link_describedby_2055\" data-quantity=\"1\" class=\"button product_type_simple add_to_cart_button ajax_add_to_cart\" data-product_id=\"2055\" data-product_sku=\"\" aria-label=\"Add to cart: \u201cPOKLON PAKET PICIGIN\u201d\" rel=\"nofollow\" data-success_message=\"\u201cPOKLON PAKET PICIGIN\u201d has been added to your cart\" data-no-translation=\"\" data-trp-gettext=\"\" data-no-translation-aria-label=\"\" data-no-translation-data-success_message=\"\">Add to cart<\/a><\/div>\t<span id=\"woocommerce_loop_add_to_cart_link_describedby_2055\" class=\"screen-reader-text\">\n\t\t\t<\/span>\n<span class=\"gtm4wp_productdata\" style=\"display:none; visibility:hidden;\" data-gtm4wp_product_data=\"{&quot;internal_id&quot;:2055,&quot;item_id&quot;:2055,&quot;item_name&quot;:&quot;POKLON PAKET PICIGIN&quot;,&quot;sku&quot;:2055,&quot;price&quot;:21,&quot;stocklevel&quot;:null,&quot;stockstatus&quot;:&quot;instock&quot;,&quot;google_business_vertical&quot;:&quot;retail&quot;,&quot;item_category&quot;:&quot;poklon paket&quot;,&quot;id&quot;:2055,&quot;productlink&quot;:&quot;https:\\\/\\\/mestarkozmetika.com\\\/en\\\/product\\\/poklon-paket-picigin\\\/&quot;,&quot;item_list_name&quot;:&quot;General Product List&quot;,&quot;index&quot;:2,&quot;product_type&quot;:&quot;simple&quot;,&quot;item_brand&quot;:&quot;&quot;}\"><\/span><\/li>\n<li class=\"product type-product post-2057 status-publish instock product_cat-poklon-paket has-post-thumbnail shipping-taxable purchasable product-type-simple\">\n\t<a href=\"https:\/\/mestarkozmetika.com\/en\/product\/poklon-paket-za-muskarce\/\" class=\"woocommerce-LoopProduct-link woocommerce-loop-product__link\"><img decoding=\"async\" width=\"250\" height=\"250\" src=\"https:\/\/mestarkozmetika.com\/wp-content\/uploads\/2023\/10\/MESTAR-poklon-set-BALATURA-250x250.webp\" class=\"attachment-woocommerce_thumbnail size-woocommerce_thumbnail\" alt=\"poklon paket za mu\u0161karce\" srcset=\"https:\/\/mestarkozmetika.com\/wp-content\/uploads\/2023\/10\/MESTAR-poklon-set-BALATURA-250x250.webp 250w, https:\/\/mestarkozmetika.com\/wp-content\/uploads\/2023\/10\/MESTAR-poklon-set-BALATURA-100x100.webp 100w, https:\/\/mestarkozmetika.com\/wp-content\/uploads\/2023\/10\/MESTAR-poklon-set-BALATURA-400x400.webp 400w, https:\/\/mestarkozmetika.com\/wp-content\/uploads\/2023\/10\/MESTAR-poklon-set-BALATURA-600x600.webp 600w, https:\/\/mestarkozmetika.com\/wp-content\/uploads\/2023\/10\/MESTAR-poklon-set-BALATURA-300x300.webp 300w, https:\/\/mestarkozmetika.com\/wp-content\/uploads\/2023\/10\/MESTAR-poklon-set-BALATURA-768x768.webp 768w, https:\/\/mestarkozmetika.com\/wp-content\/uploads\/2023\/10\/MESTAR-poklon-set-BALATURA-12x12.webp 12w, https:\/\/mestarkozmetika.com\/wp-content\/uploads\/2023\/10\/MESTAR-poklon-set-BALATURA.webp 1024w\" sizes=\"(max-width: 250px) 85vw, 250px\" \/><h2 class=\"woocommerce-loop-product__title\">POKLON PAKET BALATURA<\/h2>\n\t<span class=\"price\"><span class=\"woocommerce-Price-amount amount\"><bdi>22,00&nbsp;<span class=\"woocommerce-Price-currencySymbol\">&euro;<\/span><\/bdi><\/span><\/span>\n<\/a><div class=\"woocommerce-loop-product__buttons\"><a href=\"?add-to-cart=2057\" aria-describedby=\"woocommerce_loop_add_to_cart_link_describedby_2057\" data-quantity=\"1\" class=\"button product_type_simple add_to_cart_button ajax_add_to_cart\" data-product_id=\"2057\" data-product_sku=\"\" aria-label=\"Add to cart: \u201cPOKLON PAKET BALATURA\u201d\" rel=\"nofollow\" data-success_message=\"\u201cPOKLON PAKET BALATURA\u201d has been added to your cart\" data-no-translation=\"\" data-trp-gettext=\"\" data-no-translation-aria-label=\"\" data-no-translation-data-success_message=\"\">Add to cart<\/a><\/div>\t<span id=\"woocommerce_loop_add_to_cart_link_describedby_2057\" class=\"screen-reader-text\">\n\t\t\t<\/span>\n<span class=\"gtm4wp_productdata\" style=\"display:none; visibility:hidden;\" data-gtm4wp_product_data=\"{&quot;internal_id&quot;:2057,&quot;item_id&quot;:2057,&quot;item_name&quot;:&quot;POKLON PAKET BALATURA&quot;,&quot;sku&quot;:2057,&quot;price&quot;:22,&quot;stocklevel&quot;:null,&quot;stockstatus&quot;:&quot;instock&quot;,&quot;google_business_vertical&quot;:&quot;retail&quot;,&quot;item_category&quot;:&quot;poklon paket&quot;,&quot;id&quot;:2057,&quot;productlink&quot;:&quot;https:\\\/\\\/mestarkozmetika.com\\\/en\\\/product\\\/poklon-paket-za-muskarce\\\/&quot;,&quot;item_list_name&quot;:&quot;General Product List&quot;,&quot;index&quot;:3,&quot;product_type&quot;:&quot;simple&quot;,&quot;item_brand&quot;:&quot;&quot;}\"><\/span><\/li>\n<li class=\"product type-product post-3341 status-publish last instock product_cat-poklon-paket has-post-thumbnail shipping-taxable purchasable product-type-simple\">\n\t<a href=\"https:\/\/mestarkozmetika.com\/en\/product\/poklon-paket-balun\/\" class=\"woocommerce-LoopProduct-link woocommerce-loop-product__link\"><img loading=\"lazy\" decoding=\"async\" width=\"250\" height=\"250\" src=\"https:\/\/mestarkozmetika.com\/wp-content\/uploads\/2024\/11\/mestar-poklon-paket-balun-250x250.png\" class=\"attachment-woocommerce_thumbnail size-woocommerce_thumbnail\" alt=\"poklon paket\" srcset=\"https:\/\/mestarkozmetika.com\/wp-content\/uploads\/2024\/11\/mestar-poklon-paket-balun-250x250.png 250w, https:\/\/mestarkozmetika.com\/wp-content\/uploads\/2024\/11\/mestar-poklon-paket-balun-100x100.png 100w, https:\/\/mestarkozmetika.com\/wp-content\/uploads\/2024\/11\/mestar-poklon-paket-balun-300x300.png 300w\" sizes=\"(max-width: 250px) 85vw, 250px\" \/><h2 class=\"woocommerce-loop-product__title\">POKLON PAKET BALUN<\/h2>\n\t<span class=\"price\"><span class=\"woocommerce-Price-amount amount\"><bdi>11,00&nbsp;<span class=\"woocommerce-Price-currencySymbol\">&euro;<\/span><\/bdi><\/span><\/span>\n<\/a><div class=\"woocommerce-loop-product__buttons\"><a href=\"?add-to-cart=3341\" aria-describedby=\"woocommerce_loop_add_to_cart_link_describedby_3341\" data-quantity=\"1\" class=\"button product_type_simple add_to_cart_button ajax_add_to_cart\" data-product_id=\"3341\" data-product_sku=\"\" aria-label=\"Add to cart: \u201cPOKLON PAKET BALUN\u201d\" rel=\"nofollow\" data-success_message=\"\u201cPOKLON PAKET BALUN\u201d has been added to your cart\" data-no-translation=\"\" data-trp-gettext=\"\" data-no-translation-aria-label=\"\" data-no-translation-data-success_message=\"\">Add to cart<\/a><\/div>\t<span id=\"woocommerce_loop_add_to_cart_link_describedby_3341\" class=\"screen-reader-text\">\n\t\t\t<\/span>\n<span class=\"gtm4wp_productdata\" style=\"display:none; visibility:hidden;\" data-gtm4wp_product_data=\"{&quot;internal_id&quot;:3341,&quot;item_id&quot;:3341,&quot;item_name&quot;:&quot;POKLON PAKET BALUN&quot;,&quot;sku&quot;:3341,&quot;price&quot;:11,&quot;stocklevel&quot;:null,&quot;stockstatus&quot;:&quot;instock&quot;,&quot;google_business_vertical&quot;:&quot;retail&quot;,&quot;item_category&quot;:&quot;poklon paket&quot;,&quot;id&quot;:3341,&quot;productlink&quot;:&quot;https:\\\/\\\/mestarkozmetika.com\\\/en\\\/product\\\/poklon-paket-balun\\\/&quot;,&quot;item_list_name&quot;:&quot;General Product List&quot;,&quot;index&quot;:4,&quot;product_type&quot;:&quot;simple&quot;,&quot;item_brand&quot;:&quot;&quot;}\"><\/span><\/li>\n<\/ul>\n<\/div>\t\t\t\t<\/div>\n\t\t\t\t<\/div>\n\t\t\t\t\t<\/div>\n\t\t<\/div>\n\t\t\t\t\t<\/div>\n\t\t<\/section>\n\t\t\t\t<section class=\"elementor-section elementor-top-section elementor-element elementor-element-43e15ba elementor-section-boxed elementor-section-height-default elementor-section-height-default\" data-id=\"43e15ba\" data-element_type=\"section\" data-settings=\"{&quot;background_background&quot;:&quot;classic&quot;}\">\n\t\t\t\t\t\t\t<div class=\"elementor-background-overlay\"><\/div>\n\t\t\t\t\t\t\t<div class=\"elementor-container elementor-column-gap-default\">\n\t\t\t\t\t<div class=\"elementor-column elementor-col-100 elementor-top-column elementor-element elementor-element-f9e636d\" data-id=\"f9e636d\" data-element_type=\"column\">\n\t\t\t<div class=\"elementor-widget-wrap elementor-element-populated\">\n\t\t\t\t\t\t<div class=\"elementor-element elementor-element-f74a149 elementor-widget elementor-widget-spacer\" data-id=\"f74a149\" data-element_type=\"widget\" data-widget_type=\"spacer.default\">\n\t\t\t\t<div class=\"elementor-widget-container\">\n\t\t\t\t\t\t\t<div class=\"elementor-spacer\">\n\t\t\t<div class=\"elementor-spacer-inner\"><\/div>\n\t\t<\/div>\n\t\t\t\t\t\t<\/div>\n\t\t\t\t<\/div>\n\t\t\t\t\t<\/div>\n\t\t<\/div>\n\t\t\t\t\t<\/div>\n\t\t<\/section>\n\t\t\t\t<section class=\"elementor-section elementor-top-section elementor-element elementor-element-12befe5 elementor-section-boxed elementor-section-height-default elementor-section-height-default\" data-id=\"12befe5\" data-element_type=\"section\" data-settings=\"{&quot;background_background&quot;:&quot;classic&quot;}\">\n\t\t\t\t\t\t\t<div class=\"elementor-background-overlay\"><\/div>\n\t\t\t\t\t\t\t<div class=\"elementor-container elementor-column-gap-default\">\n\t\t\t\t\t<div class=\"elementor-column elementor-col-100 elementor-top-column elementor-element elementor-element-2e906e8\" data-id=\"2e906e8\" data-element_type=\"column\">\n\t\t\t<div class=\"elementor-widget-wrap elementor-element-populated\">\n\t\t\t\t\t\t<div class=\"elementor-element elementor-element-00c3227 elementor-widget elementor-widget-spacer\" data-id=\"00c3227\" data-element_type=\"widget\" data-widget_type=\"spacer.default\">\n\t\t\t\t<div class=\"elementor-widget-container\">\n\t\t\t\t\t\t\t<div class=\"elementor-spacer\">\n\t\t\t<div class=\"elementor-spacer-inner\"><\/div>\n\t\t<\/div>\n\t\t\t\t\t\t<\/div>\n\t\t\t\t<\/div>\n\t\t\t\t\t<\/div>\n\t\t<\/div>\n\t\t\t\t\t<\/div>\n\t\t<\/section>\n\t\t\t\t<section class=\"elementor-section elementor-top-section elementor-element elementor-element-e843c2b elementor-section-content-middle elementor-section-stretched elementor-section-full_width elementor-section-height-default elementor-section-height-default\" data-id=\"e843c2b\" data-element_type=\"section\" data-settings=\"{&quot;stretch_section&quot;:&quot;section-stretched&quot;}\">\n\t\t\t\t\t\t\t<div class=\"elementor-background-overlay\"><\/div>\n\t\t\t\t\t\t\t<div class=\"elementor-container elementor-column-gap-default\">\n\t\t\t\t\t<div class=\"elementor-column elementor-col-100 elementor-top-column elementor-element elementor-element-f9fccaa\" data-id=\"f9fccaa\" data-element_type=\"column\" data-settings=\"{&quot;background_background&quot;:&quot;classic&quot;}\">\n\t\t\t<div class=\"elementor-widget-wrap elementor-element-populated\">\n\t\t\t\t\t\t<div class=\"elementor-element elementor-element-9da2b71 elementor-widget elementor-widget-spacer\" data-id=\"9da2b71\" data-element_type=\"widget\" data-widget_type=\"spacer.default\">\n\t\t\t\t<div class=\"elementor-widget-container\">\n\t\t\t\t\t\t\t<div class=\"elementor-spacer\">\n\t\t\t<div class=\"elementor-spacer-inner\"><\/div>\n\t\t<\/div>\n\t\t\t\t\t\t<\/div>\n\t\t\t\t<\/div>\n\t\t\t\t\t<\/div>\n\t\t<\/div>\n\t\t\t\t\t<\/div>\n\t\t<\/section>\n\t\t\t\t<\/div>","protected":false},"excerpt":{"rendered":"<p>poklon paketi za mu\u0161karce<\/p>","protected":false},"author":1,"featured_media":0,"parent":0,"menu_order":0,"comment_status":"closed","ping_status":"closed","template":"elementor_header_footer","meta":{"footnotes":""},"class_list":["post-1802","page","type-page","status-publish","hentry"],"yoast_head":"<!-- This site is optimized with the Yoast SEO plugin v25.3 - https:\/\/yoast.com\/wordpress\/plugins\/seo\/ -->\n<title>Poklon paketi - Me\u0161tar prirodna kozmetika<\/title>\n<meta name=\"description\" content=\"Me\u0161tar prirodna kozmetika proizvoda za mu\u0161karce. Poklon paketi inspirirani Dalmacijom za kvalitetnu njegu ko\u017ee i brade.\" \/>\n<meta name=\"robots\" content=\"index, follow, max-snippet:-1, max-image-preview:large, max-video-preview:-1\" \/>\n<link rel=\"canonical\" href=\"https:\/\/mestarkozmetika.com\/en\/poklon-paketi\/\" \/>\n<meta property=\"og:locale\" content=\"en_US\" \/>\n<meta property=\"og:type\" content=\"article\" \/>\n<meta property=\"og:title\" content=\"Poklon paketi - Me\u0161tar prirodna kozmetika\" \/>\n<meta property=\"og:description\" content=\"Me\u0161tar prirodna kozmetika proizvoda za mu\u0161karce. Poklon paketi inspirirani Dalmacijom za kvalitetnu njegu ko\u017ee i brade.\" \/>\n<meta property=\"og:url\" content=\"https:\/\/mestarkozmetika.com\/en\/poklon-paketi\/\" \/>\n<meta property=\"og:site_name\" content=\"Me\u0161tar prirodna kozmetika\" \/>\n<meta property=\"article:modified_time\" content=\"2024-11-08T14:44:04+00:00\" \/>\n<meta name=\"twitter:card\" content=\"summary_large_image\" \/>\n<meta name=\"twitter:label1\" content=\"Est. reading time\" \/>\n\t<meta name=\"twitter:data1\" content=\"2 minutes\" \/>\n<script type=\"application\/ld+json\" class=\"yoast-schema-graph\">{\"@context\":\"https:\/\/schema.org\",\"@graph\":[{\"@type\":\"WebPage\",\"@id\":\"https:\/\/mestarkozmetika.com\/poklon-paketi\/\",\"url\":\"https:\/\/mestarkozmetika.com\/poklon-paketi\/\",\"name\":\"Poklon paketi - Me\u0161tar prirodna kozmetika\",\"isPartOf\":{\"@id\":\"https:\/\/mestarkozmetika.com\/#website\"},\"datePublished\":\"2022-12-02T17:03:39+00:00\",\"dateModified\":\"2024-11-08T14:44:04+00:00\",\"description\":\"Me\u0161tar prirodna kozmetika proizvoda za mu\u0161karce. Poklon paketi inspirirani Dalmacijom za kvalitetnu njegu ko\u017ee i brade.\",\"breadcrumb\":{\"@id\":\"https:\/\/mestarkozmetika.com\/poklon-paketi\/#breadcrumb\"},\"inLanguage\":\"en-US\",\"potentialAction\":[{\"@type\":\"ReadAction\",\"target\":[\"https:\/\/mestarkozmetika.com\/poklon-paketi\/\"]}]},{\"@type\":\"BreadcrumbList\",\"@id\":\"https:\/\/mestarkozmetika.com\/poklon-paketi\/#breadcrumb\",\"itemListElement\":[{\"@type\":\"ListItem\",\"position\":1,\"name\":\"Po\u010detna stranica\",\"item\":\"https:\/\/mestarkozmetika.com\/\"},{\"@type\":\"ListItem\",\"position\":2,\"name\":\"Poklon paketi\"}]},{\"@type\":\"WebSite\",\"@id\":\"https:\/\/mestarkozmetika.com\/#website\",\"url\":\"https:\/\/mestarkozmetika.com\/\",\"name\":\"Me\u0161tar prirodna kozmetika\",\"description\":\"Linija proizvoda za mu\u0161karce koji \u017eele kvalitetnu njegu ko\u017ee i brade. Me\u0161tar prirodna kozmetika.\",\"publisher\":{\"@id\":\"https:\/\/mestarkozmetika.com\/#organization\"},\"alternateName\":\"priodna kozmetika me\u0161tar\",\"potentialAction\":[{\"@type\":\"SearchAction\",\"target\":{\"@type\":\"EntryPoint\",\"urlTemplate\":\"https:\/\/mestarkozmetika.com\/?s={search_term_string}\"},\"query-input\":{\"@type\":\"PropertyValueSpecification\",\"valueRequired\":true,\"valueName\":\"search_term_string\"}}],\"inLanguage\":\"en-US\"},{\"@type\":\"Organization\",\"@id\":\"https:\/\/mestarkozmetika.com\/#organization\",\"name\":\"Me\u0161tar prirodna kozmetika\",\"alternateName\":\"priodna kozmetika me\u0161tar\",\"url\":\"https:\/\/mestarkozmetika.com\/\",\"logo\":{\"@type\":\"ImageObject\",\"inLanguage\":\"en-US\",\"@id\":\"https:\/\/mestarkozmetika.com\/#\/schema\/logo\/image\/\",\"url\":\"https:\/\/mestarkozmetika.com\/wp-content\/uploads\/2022\/09\/mestar-logo-kompletan.png\",\"contentUrl\":\"https:\/\/mestarkozmetika.com\/wp-content\/uploads\/2022\/09\/mestar-logo-kompletan.png\",\"width\":1000,\"height\":546,\"caption\":\"Me\u0161tar prirodna kozmetika\"},\"image\":{\"@id\":\"https:\/\/mestarkozmetika.com\/#\/schema\/logo\/image\/\"}}]}<\/script>\n<!-- \/ Yoast SEO plugin. -->","yoast_head_json":{"title":"Poklon paketi - Me\u0161tar prirodna kozmetika","description":"Me\u0161tar prirodna kozmetika proizvoda za mu\u0161karce. Poklon paketi inspirirani Dalmacijom za kvalitetnu njegu ko\u017ee i brade.","robots":{"index":"index","follow":"follow","max-snippet":"max-snippet:-1","max-image-preview":"max-image-preview:large","max-video-preview":"max-video-preview:-1"},"canonical":"https:\/\/mestarkozmetika.com\/en\/poklon-paketi\/","og_locale":"en_US","og_type":"article","og_title":"Poklon paketi - Me\u0161tar prirodna kozmetika","og_description":"Me\u0161tar prirodna kozmetika proizvoda za mu\u0161karce. Poklon paketi inspirirani Dalmacijom za kvalitetnu njegu ko\u017ee i brade.","og_url":"https:\/\/mestarkozmetika.com\/en\/poklon-paketi\/","og_site_name":"Me\u0161tar prirodna kozmetika","article_modified_time":"2024-11-08T14:44:04+00:00","twitter_card":"summary_large_image","twitter_misc":{"Est. reading time":"2 minutes"},"schema":{"@context":"https:\/\/schema.org","@graph":[{"@type":"WebPage","@id":"https:\/\/mestarkozmetika.com\/poklon-paketi\/","url":"https:\/\/mestarkozmetika.com\/poklon-paketi\/","name":"Poklon paketi - Me\u0161tar prirodna kozmetika","isPartOf":{"@id":"https:\/\/mestarkozmetika.com\/#website"},"datePublished":"2022-12-02T17:03:39+00:00","dateModified":"2024-11-08T14:44:04+00:00","description":"Me\u0161tar prirodna kozmetika proizvoda za mu\u0161karce. Poklon paketi inspirirani Dalmacijom za kvalitetnu njegu ko\u017ee i brade.","breadcrumb":{"@id":"https:\/\/mestarkozmetika.com\/poklon-paketi\/#breadcrumb"},"inLanguage":"en-US","potentialAction":[{"@type":"ReadAction","target":["https:\/\/mestarkozmetika.com\/poklon-paketi\/"]}]},{"@type":"BreadcrumbList","@id":"https:\/\/mestarkozmetika.com\/poklon-paketi\/#breadcrumb","itemListElement":[{"@type":"ListItem","position":1,"name":"Po\u010detna stranica","item":"https:\/\/mestarkozmetika.com\/"},{"@type":"ListItem","position":2,"name":"Poklon paketi"}]},{"@type":"WebSite","@id":"https:\/\/mestarkozmetika.com\/#website","url":"https:\/\/mestarkozmetika.com\/","name":"Me\u0161tar prirodna kozmetika","description":"Linija proizvoda za mu\u0161karce koji \u017eele kvalitetnu njegu ko\u017ee i brade. Me\u0161tar prirodna kozmetika.","publisher":{"@id":"https:\/\/mestarkozmetika.com\/#organization"},"alternateName":"priodna kozmetika me\u0161tar","potentialAction":[{"@type":"SearchAction","target":{"@type":"EntryPoint","urlTemplate":"https:\/\/mestarkozmetika.com\/?s={search_term_string}"},"query-input":{"@type":"PropertyValueSpecification","valueRequired":true,"valueName":"search_term_string"}}],"inLanguage":"en-US"},{"@type":"Organization","@id":"https:\/\/mestarkozmetika.com\/#organization","name":"Me\u0161tar prirodna kozmetika","alternateName":"priodna kozmetika me\u0161tar","url":"https:\/\/mestarkozmetika.com\/","logo":{"@type":"ImageObject","inLanguage":"en-US","@id":"https:\/\/mestarkozmetika.com\/#\/schema\/logo\/image\/","url":"https:\/\/mestarkozmetika.com\/wp-content\/uploads\/2022\/09\/mestar-logo-kompletan.png","contentUrl":"https:\/\/mestarkozmetika.com\/wp-content\/uploads\/2022\/09\/mestar-logo-kompletan.png","width":1000,"height":546,"caption":"Me\u0161tar prirodna kozmetika"},"image":{"@id":"https:\/\/mestarkozmetika.com\/#\/schema\/logo\/image\/"}}]}},"_links":{"self":[{"href":"https:\/\/mestarkozmetika.com\/en\/wp-json\/wp\/v2\/pages\/1802","targetHints":{"allow":["GET"]}}],"collection":[{"href":"https:\/\/mestarkozmetika.com\/en\/wp-json\/wp\/v2\/pages"}],"about":[{"href":"https:\/\/mestarkozmetika.com\/en\/wp-json\/wp\/v2\/types\/page"}],"author":[{"embeddable":true,"href":"https:\/\/mestarkozmetika.com\/en\/wp-json\/wp\/v2\/users\/1"}],"replies":[{"embeddable":true,"href":"https:\/\/mestarkozmetika.com\/en\/wp-json\/wp\/v2\/comments?post=1802"}],"version-history":[{"count":14,"href":"https:\/\/mestarkozmetika.com\/en\/wp-json\/wp\/v2\/pages\/1802\/revisions"}],"predecessor-version":[{"id":3355,"href":"https:\/\/mestarkozmetika.com\/en\/wp-json\/wp\/v2\/pages\/1802\/revisions\/3355"}],"wp:attachment":[{"href":"https:\/\/mestarkozmetika.com\/en\/wp-json\/wp\/v2\/media?parent=1802"}],"curies":[{"name":"wp","href":"https:\/\/api.w.org\/{rel}","templated":true}]}}